{"id":1142,"date":"2015-08-12T14:41:48","date_gmt":"2015-08-12T14:41:48","guid":{"rendered":"https:\/\/shop.ch24.pl\/?page_id=1142"},"modified":"2019-11-21T09:30:48","modified_gmt":"2019-11-21T09:30:48","slug":"faq","status":"publish","type":"page","link":"https:\/\/shop.ch24.pl\/en\/faq\/","title":{"rendered":"FAQ"},"content":{"rendered":"<div class=\"wpb-content-wrapper\"><p>[vc_row][vc_column width=&#8221;5\/6&#8243; offset=&#8221;vc_col-sm-offset-1&#8243;][vc_empty_space height=&#8221;47px&#8221;][vc_column_text]<\/p>\n<h2>FAQ &#8211; frequently asked questions<\/h2>\n<p>[\/vc_column_text][\/vc_column][\/vc_row][vc_row][vc_column][vc_empty_space height=&#8221;43px&#8221;]\r\n\t\t\t<div class=\"nm-banner content-full image-type-fluid has-alt-image text-color-dark subtitle-below\" style=\"\"><img decoding=\"async\" data-src=\"https:\/\/shop.ch24.pl\/wp-content\/uploads\/2019\/11\/banner_top_03_desktop.jpg\" alt=\"FAQ\" src=\"data:image\/svg+xml;base64,PHN2ZyB3aWR0aD0iMSIgaGVpZ2h0PSIxIiB4bWxucz0iaHR0cDovL3d3dy53My5vcmcvMjAwMC9zdmciPjwvc3ZnPg==\" class=\"lazyload\" style=\"--smush-placeholder-width: 1900px; --smush-placeholder-aspect-ratio: 1900\/800;\" \/><img decoding=\"async\" data-src=\"https:\/\/shop.ch24.pl\/wp-content\/uploads\/2019\/11\/banner_top_03_mobile.jpg\" class=\"nm-banner-alt-image img lazyload\" alt=\"FAQ\" src=\"data:image\/svg+xml;base64,PHN2ZyB3aWR0aD0iMSIgaGVpZ2h0PSIxIiB4bWxucz0iaHR0cDovL3d3dy53My5vcmcvMjAwMC9zdmciPjwvc3ZnPg==\" style=\"--smush-placeholder-width: 1500px; --smush-placeholder-aspect-ratio: 1500\/1000;\" \/>\r\n\t\t\t<\/div>[vc_empty_space height=&#8221;47px&#8221;][\/vc_column][\/vc_row][vc_row][vc_column width=&#8221;5\/6&#8243; offset=&#8221;vc_col-sm-offset-1&#8243;][vc_column_text]We encourage you to check on the below answers to frequently asked questions. If you did not find appropriate help on the matter of your concern, please use the contact form.[\/vc_column_text][vc_empty_space height=&#8221;43px&#8221;][vc_separator][\/vc_column][\/vc_row][vc_row type=&#8221;boxed&#8221; css=&#8221;.vc_custom_1432752631369{padding-top: 68px !important;}&#8221;][vc_column width=&#8221;1\/4&#8243;][vc_column_text el_class=&#8221;nm-highlight-text&#8221;]<\/p>\n<h4>Shopping<\/h4>\n<p>[\/vc_column_text][vc_empty_space height=&#8221;30px&#8221;][\/vc_column][vc_column width=&#8221;3\/4&#8243; offset=&#8221;vc_col-lg-4&#8243;][vc_column_text css_animation=&#8221;&#8221;]<\/p>\n<h6>What are the delivery forms?<\/h6>\n<p>[\/vc_column_text][vc_empty_space height=&#8221;14px&#8221;][\/vc_column][vc_column width=&#8221;3\/4&#8243; offset=&#8221;vc_col-lg-5&#8243;][vc_column_text css_animation=&#8221;&#8221;]In Poland we use courier services to deliver packages (mostly DPD). In other countries we work with various carrier entities that offer delivery services.[\/vc_column_text][\/vc_column][\/vc_row][vc_row type=&#8221;boxed&#8221; css=&#8221;.vc_custom_1432727850842{padding-top: 40px !important;}&#8221;][vc_column width=&#8221;3\/4&#8243; offset=&#8221;vc_col-lg-4 vc_col-sm-offset-3&#8243;][vc_column_text]<\/p>\n<h6>Where can we ship ordered goods?<\/h6>\n<p>[\/vc_column_text][vc_empty_space height=&#8221;14px&#8221;][\/vc_column][vc_column width=&#8221;3\/4&#8243; offset=&#8221;vc_col-lg-offset-0 vc_col-lg-5 vc_col-sm-offset-3&#8243;][vc_column_text]Orders placed via CH24 shop are delivered to legal age individuals within Poland and European Union.[\/vc_column_text][\/vc_column][\/vc_row][vc_row type=&#8221;boxed&#8221; css=&#8221;.vc_custom_1432727859836{padding-top: 40px !important;}&#8221;][vc_column width=&#8221;3\/4&#8243; offset=&#8221;vc_col-lg-4 vc_col-sm-offset-3&#8243;][vc_column_text]<\/p>\n<h6>How soon will I receive ordered products?<\/h6>\n<p>[\/vc_column_text][vc_empty_space height=&#8221;14px&#8221;][\/vc_column][vc_column width=&#8221;3\/4&#8243; offset=&#8221;vc_col-lg-offset-0 vc_col-lg-5 vc_col-sm-offset-3&#8243;][vc_column_text]When it comes to standard delivery in Poland, your order should be delivered within 2 &#8211; 5 working days after payment confirmation. Shipping abroad to European Union countries can take up to 14 working days. Once the package is picked up by the carrier you\u2019ll receive an email notification to track your delivery.[\/vc_column_text][\/vc_column][\/vc_row][vc_row type=&#8221;full-nopad&#8221; css=&#8221;.vc_custom_1432728062229{padding-top: 46px !important;}&#8221;][vc_column][vc_separator][\/vc_column][\/vc_row][vc_row type=&#8221;boxed&#8221; css=&#8221;.vc_custom_1432728051583{padding-top: 49px !important;}&#8221;][vc_column width=&#8221;1\/4&#8243;][vc_column_text el_class=&#8221;nm-highlight-text&#8221;]<\/p>\n<h4>Payments<\/h4>\n<p>[\/vc_column_text][vc_empty_space height=&#8221;30px&#8221;][\/vc_column][vc_column width=&#8221;3\/4&#8243; offset=&#8221;vc_col-lg-4&#8243;][vc_column_text]<\/p>\n<h6>How can I pay for the order?<\/h6>\n<p>[\/vc_column_text][vc_empty_space height=&#8221;14px&#8221;][\/vc_column][vc_column width=&#8221;3\/4&#8243; offset=&#8221;vc_col-lg-5&#8243;][vc_column_text]We accept all of the most popular credit and debit cards (Visa, Mastercard) and instant money transfers that are supported at CH24 shop by PayU services. Using all of these forms guarantees the fastest order processing and delivery.<\/p>\n<p>Your order can also be paid by traditional bank transfer. By choosing this option you can expect extending the realization time by at least 1 working day as we have to wait for the confirmation of placing the payment by our bank.<\/p>\n<p>Currently there\u2019s no option of shipping COD as a way of payment.[\/vc_column_text][\/vc_column][\/vc_row][vc_row type=&#8221;boxed&#8221; css=&#8221;.vc_custom_1432727850842{padding-top: 40px !important;}&#8221;][vc_column width=&#8221;3\/4&#8243; offset=&#8221;vc_col-lg-4 vc_col-sm-offset-3&#8243;][vc_column_text]<\/p>\n<h6>Is shopping at CH24 safe?<\/h6>\n<p>[\/vc_column_text][vc_empty_space height=&#8221;14px&#8221;][\/vc_column][vc_column width=&#8221;3\/4&#8243; offset=&#8221;vc_col-lg-offset-0 vc_col-lg-5 vc_col-sm-offset-3&#8243;][vc_column_text]All of the payment options supported at CH24 are safe. Transactions are run by PayU \u2013 the most popular entity supporting such services in Poland. What\u2019s more, the connection between your PC and our servers is encrypted with SSL certificate.[\/vc_column_text][\/vc_column][\/vc_row][vc_row type=&#8221;full-nopad&#8221; css=&#8221;.vc_custom_1432728062229{padding-top: 46px !important;}&#8221;][vc_column][vc_separator][\/vc_column][\/vc_row][vc_row type=&#8221;boxed&#8221; css=&#8221;.vc_custom_1432728051583{padding-top: 49px !important;}&#8221;][vc_column width=&#8221;1\/4&#8243;][vc_column_text el_class=&#8221;nm-highlight-text&#8221;]<\/p>\n<h4>Orders and returns<\/h4>\n<p>[\/vc_column_text][vc_empty_space height=&#8221;30px&#8221;][\/vc_column][vc_column width=&#8221;3\/4&#8243; offset=&#8221;vc_col-lg-4&#8243;][vc_column_text]<\/p>\n<h6>How to place the order?<\/h6>\n<p>[\/vc_column_text][vc_empty_space height=&#8221;14px&#8221;][\/vc_column][vc_column width=&#8221;3\/4&#8243; offset=&#8221;vc_col-lg-5&#8243;][vc_column_text]To make the order you have to put the chosen items into the cart, fill in the form in which shipping address will be confirmed, accept the terms and conditions and proceed with the payment.[\/vc_column_text][\/vc_column][\/vc_row][vc_row type=&#8221;boxed&#8221; css=&#8221;.vc_custom_1432727850842{padding-top: 40px !important;}&#8221;][vc_column width=&#8221;3\/4&#8243; offset=&#8221;vc_col-lg-4 vc_col-sm-offset-3&#8243;][vc_column_text]<\/p>\n<h6>Can I change or cancel my order?<\/h6>\n<p>[\/vc_column_text][vc_empty_space height=&#8221;14px&#8221;][\/vc_column][vc_column width=&#8221;3\/4&#8243; offset=&#8221;vc_col-lg-offset-0 vc_col-lg-5 vc_col-sm-offset-3&#8243;][vc_column_text]After placing and paying for the order, there\u2019s unfortunately no option for further changes. If you consider any cancellations please contact us and we will check if that\u2019s possible at the certain moment.[\/vc_column_text][\/vc_column][\/vc_row][vc_row type=&#8221;boxed&#8221; css=&#8221;.vc_custom_1432727850842{padding-top: 40px !important;}&#8221;][vc_column width=&#8221;3\/4&#8243; offset=&#8221;vc_col-lg-4 vc_col-sm-offset-3&#8243;][vc_column_text]<\/p>\n<h6>Do I have to set up an account to place the order?<\/h6>\n<p>[\/vc_column_text][vc_empty_space height=&#8221;14px&#8221;][\/vc_column][vc_column width=&#8221;3\/4&#8243; offset=&#8221;vc_col-lg-offset-0 vc_col-lg-5 vc_col-sm-offset-3&#8243;][vc_column_text]There\u2019s no need of setting up any customer\u2019s account to place the order at CH24 shop. Although having such account enables you not only to view your payments and orders history, but also gives you the access to special offers. Registration process is very simple, swift and free of charge.[\/vc_column_text][\/vc_column][\/vc_row][vc_row type=&#8221;boxed&#8221; css=&#8221;.vc_custom_1432727850842{padding-top: 40px !important;}&#8221;][vc_column width=&#8221;3\/4&#8243; offset=&#8221;vc_col-lg-4 vc_col-sm-offset-3&#8243;][vc_column_text]<\/p>\n<h6>How to track my order?<\/h6>\n<p>[\/vc_column_text][vc_empty_space height=&#8221;14px&#8221;][\/vc_column][vc_column width=&#8221;3\/4&#8243; offset=&#8221;vc_col-lg-offset-0 vc_col-lg-5 vc_col-sm-offset-3&#8243;][vc_column_text]To monitor your package press the link \u2018track my order\u2019 as seen in the bottom part of the page and follow the instructions provided.[\/vc_column_text][\/vc_column][\/vc_row][vc_row type=&#8221;boxed&#8221; css=&#8221;.vc_custom_1432729671370{padding-top: 40px !important;padding-bottom: 74px !important;}&#8221;][vc_column width=&#8221;3\/4&#8243; offset=&#8221;vc_col-lg-4 vc_col-sm-offset-3&#8243;][vc_column_text]<\/p>\n<h6>How to return ordered goods?<\/h6>\n<p>[\/vc_column_text][vc_empty_space height=&#8221;14px&#8221;][\/vc_column][vc_column width=&#8221;3\/4&#8243; offset=&#8221;vc_col-lg-offset-0 vc_col-lg-5 vc_col-sm-offset-3&#8243;][vc_column_text]CH24 shop client has the right to return any ordered product within 14 days starting from the date of package delivery. In order to proceed with return you have to follow the rules according to terms and conditions and go to \u2018returns and complaints\u2019 section. Please mind that the products cannot bear any signs of usage. [\/vc_column_text][\/vc_column][\/vc_row]<\/p>\n<\/div>","protected":false},"excerpt":{"rendered":"<p>[vc_row][vc_column width=&#8221;5\/6&#8243; offset=&#8221;vc_col-sm-offset-1&#8243;][vc_empty_space height=&#8221;47px&#8221;][vc_column_text] FAQ &#8211; frequently asked questions [\/vc_column_text][\/vc_column][\/vc_row][vc_row][vc_column][vc_empty_space height=&#8221;43px&#8221;][vc_empty_space height=&#8221;47px&#8221;][\/vc_column][\/vc_row][vc_row][vc_column width=&#8221;5\/6&#8243; offset=&#8221;vc_col-sm-offset-1&#8243;][vc_column_text]We encourage you to check on the below answers to frequently asked questions. If you did not find appropriate help on the matter of your concern, please use the contact form.[\/vc_column_text][vc_empty_space height=&#8221;43px&#8221;][vc_separator][\/vc_column][\/vc_row][vc_row type=&#8221;boxed&#8221; css=&#8221;.vc_custom_1432752631369{padding-top: 68px !important;}&#8221;][vc_column width=&#8221;1\/4&#8243;][vc_column_text el_class=&#8221;nm-highlight-text&#8221;] Shopping [\/vc_column_text][vc_empty_space height=&#8221;30px&#8221;][\/vc_column][vc_column width=&#8221;3\/4&#8243; &hellip;<\/p>\n","protected":false},"author":2,"featured_media":0,"parent":0,"menu_order":0,"comment_status":"closed","ping_status":"closed","template":"","meta":{"_acf_changed":false,"footnotes":""},"class_list":["post-1142","page","type-page","status-publish","hentry"],"acf":[],"yoast_head":"<!-- This site is optimized with the Yoast SEO plugin v27.1.1 - https:\/\/yoast.com\/product\/yoast-seo-wordpress\/ -->\n<title>FAQ - SHOP.CH24.PL<\/title>\n<meta name=\"robots\" content=\"index, follow, max-snippet:-1, max-image-preview:large, max-video-preview:-1\" \/>\n<link rel=\"canonical\" href=\"https:\/\/shop.ch24.pl\/en\/faq\/\" \/>\n<meta property=\"og:locale\" content=\"en_US\" \/>\n<meta property=\"og:type\" content=\"article\" \/>\n<meta property=\"og:title\" content=\"FAQ - SHOP.CH24.PL\" \/>\n<meta property=\"og:description\" content=\"[vc_row][vc_column width=&#8221;5\/6&#8243; offset=&#8221;vc_col-sm-offset-1&#8243;][vc_empty_space height=&#8221;47px&#8221;][vc_column_text] FAQ &#8211; frequently asked questions [\/vc_column_text][\/vc_column][\/vc_row][vc_row][vc_column][vc_empty_space height=&#8221;43px&#8221;][vc_empty_space height=&#8221;47px&#8221;][\/vc_column][\/vc_row][vc_row][vc_column width=&#8221;5\/6&#8243; offset=&#8221;vc_col-sm-offset-1&#8243;][vc_column_text]We encourage you to check on the below answers to frequently asked questions. If you did not find appropriate help on the matter of your concern, please use the contact form.[\/vc_column_text][vc_empty_space height=&#8221;43px&#8221;][vc_separator][\/vc_column][\/vc_row][vc_row type=&#8221;boxed&#8221; css=&#8221;.vc_custom_1432752631369{padding-top: 68px !important;}&#8221;][vc_column width=&#8221;1\/4&#8243;][vc_column_text el_class=&#8221;nm-highlight-text&#8221;] Shopping [\/vc_column_text][vc_empty_space height=&#8221;30px&#8221;][\/vc_column][vc_column width=&#8221;3\/4&#8243; &hellip;\" \/>\n<meta property=\"og:url\" content=\"https:\/\/shop.ch24.pl\/en\/faq\/\" \/>\n<meta property=\"og:site_name\" content=\"SHOP.CH24.PL\" \/>\n<meta property=\"article:modified_time\" content=\"2019-11-21T09:30:48+00:00\" \/>\n<meta name=\"twitter:card\" content=\"summary_large_image\" \/>\n<meta name=\"twitter:label1\" content=\"Est. reading time\" \/>\n\t<meta name=\"twitter:data1\" content=\"6 minutes\" \/>\n<script type=\"application\/ld+json\" class=\"yoast-schema-graph\">{\"@context\":\"https:\/\/schema.org\",\"@graph\":[{\"@type\":\"WebPage\",\"@id\":\"https:\/\/shop.ch24.pl\/en\/faq\/\",\"url\":\"https:\/\/shop.ch24.pl\/en\/faq\/\",\"name\":\"FAQ - SHOP.CH24.PL\",\"isPartOf\":{\"@id\":\"https:\/\/shop.ch24.pl\/en\/#website\"},\"datePublished\":\"2015-08-12T14:41:48+00:00\",\"dateModified\":\"2019-11-21T09:30:48+00:00\",\"breadcrumb\":{\"@id\":\"https:\/\/shop.ch24.pl\/en\/faq\/#breadcrumb\"},\"inLanguage\":\"en-US\",\"potentialAction\":[{\"@type\":\"ReadAction\",\"target\":[\"https:\/\/shop.ch24.pl\/en\/faq\/\"]}]},{\"@type\":\"BreadcrumbList\",\"@id\":\"https:\/\/shop.ch24.pl\/en\/faq\/#breadcrumb\",\"itemListElement\":[{\"@type\":\"ListItem\",\"position\":1,\"name\":\"Home\",\"item\":\"https:\/\/shop.ch24.pl\/en\/\"},{\"@type\":\"ListItem\",\"position\":2,\"name\":\"FAQ\"}]},{\"@type\":\"WebSite\",\"@id\":\"https:\/\/shop.ch24.pl\/en\/#website\",\"url\":\"https:\/\/shop.ch24.pl\/en\/\",\"name\":\"SHOP.CH24.PL\",\"description\":\"Sklep z akcesoriami dla mi\u0142o\u015bnik\u00f3w zegark\u00f3w\",\"publisher\":{\"@id\":\"https:\/\/shop.ch24.pl\/en\/#organization\"},\"potentialAction\":[{\"@type\":\"SearchAction\",\"target\":{\"@type\":\"EntryPoint\",\"urlTemplate\":\"https:\/\/shop.ch24.pl\/en\/?s={search_term_string}\"},\"query-input\":{\"@type\":\"PropertyValueSpecification\",\"valueRequired\":true,\"valueName\":\"search_term_string\"}}],\"inLanguage\":\"en-US\"},{\"@type\":\"Organization\",\"@id\":\"https:\/\/shop.ch24.pl\/en\/#organization\",\"name\":\"SHOP.CH24.PL \u2013 Sklep z akcesoriami dla mi\u0142o\u015bnik\u00f3w zegark\u00f3w\",\"alternateName\":\"Sklep CH24.PL\",\"url\":\"https:\/\/shop.ch24.pl\/en\/\",\"logo\":{\"@type\":\"ImageObject\",\"inLanguage\":\"en-US\",\"@id\":\"https:\/\/shop.ch24.pl\/en\/#\/schema\/logo\/image\/\",\"url\":\"https:\/\/shop.ch24.pl\/wp-content\/uploads\/2018\/04\/shop_ch24_pl_logo_01.png\",\"contentUrl\":\"https:\/\/shop.ch24.pl\/wp-content\/uploads\/2018\/04\/shop_ch24_pl_logo_01.png\",\"width\":320,\"height\":33,\"caption\":\"SHOP.CH24.PL \u2013 Sklep z akcesoriami dla mi\u0142o\u015bnik\u00f3w zegark\u00f3w\"},\"image\":{\"@id\":\"https:\/\/shop.ch24.pl\/en\/#\/schema\/logo\/image\/\"}}]}<\/script>\n<!-- \/ Yoast SEO plugin. -->","yoast_head_json":{"title":"FAQ - SHOP.CH24.PL","robots":{"index":"index","follow":"follow","max-snippet":"max-snippet:-1","max-image-preview":"max-image-preview:large","max-video-preview":"max-video-preview:-1"},"canonical":"https:\/\/shop.ch24.pl\/en\/faq\/","og_locale":"en_US","og_type":"article","og_title":"FAQ - SHOP.CH24.PL","og_description":"[vc_row][vc_column width=&#8221;5\/6&#8243; offset=&#8221;vc_col-sm-offset-1&#8243;][vc_empty_space height=&#8221;47px&#8221;][vc_column_text] FAQ &#8211; frequently asked questions [\/vc_column_text][\/vc_column][\/vc_row][vc_row][vc_column][vc_empty_space height=&#8221;43px&#8221;][vc_empty_space height=&#8221;47px&#8221;][\/vc_column][\/vc_row][vc_row][vc_column width=&#8221;5\/6&#8243; offset=&#8221;vc_col-sm-offset-1&#8243;][vc_column_text]We encourage you to check on the below answers to frequently asked questions. If you did not find appropriate help on the matter of your concern, please use the contact form.[\/vc_column_text][vc_empty_space height=&#8221;43px&#8221;][vc_separator][\/vc_column][\/vc_row][vc_row type=&#8221;boxed&#8221; css=&#8221;.vc_custom_1432752631369{padding-top: 68px !important;}&#8221;][vc_column width=&#8221;1\/4&#8243;][vc_column_text el_class=&#8221;nm-highlight-text&#8221;] Shopping [\/vc_column_text][vc_empty_space height=&#8221;30px&#8221;][\/vc_column][vc_column width=&#8221;3\/4&#8243; &hellip;","og_url":"https:\/\/shop.ch24.pl\/en\/faq\/","og_site_name":"SHOP.CH24.PL","article_modified_time":"2019-11-21T09:30:48+00:00","twitter_card":"summary_large_image","twitter_misc":{"Est. reading time":"6 minutes"},"schema":{"@context":"https:\/\/schema.org","@graph":[{"@type":"WebPage","@id":"https:\/\/shop.ch24.pl\/en\/faq\/","url":"https:\/\/shop.ch24.pl\/en\/faq\/","name":"FAQ - SHOP.CH24.PL","isPartOf":{"@id":"https:\/\/shop.ch24.pl\/en\/#website"},"datePublished":"2015-08-12T14:41:48+00:00","dateModified":"2019-11-21T09:30:48+00:00","breadcrumb":{"@id":"https:\/\/shop.ch24.pl\/en\/faq\/#breadcrumb"},"inLanguage":"en-US","potentialAction":[{"@type":"ReadAction","target":["https:\/\/shop.ch24.pl\/en\/faq\/"]}]},{"@type":"BreadcrumbList","@id":"https:\/\/shop.ch24.pl\/en\/faq\/#breadcrumb","itemListElement":[{"@type":"ListItem","position":1,"name":"Home","item":"https:\/\/shop.ch24.pl\/en\/"},{"@type":"ListItem","position":2,"name":"FAQ"}]},{"@type":"WebSite","@id":"https:\/\/shop.ch24.pl\/en\/#website","url":"https:\/\/shop.ch24.pl\/en\/","name":"SHOP.CH24.PL","description":"Sklep z akcesoriami dla mi\u0142o\u015bnik\u00f3w zegark\u00f3w","publisher":{"@id":"https:\/\/shop.ch24.pl\/en\/#organization"},"potentialAction":[{"@type":"SearchAction","target":{"@type":"EntryPoint","urlTemplate":"https:\/\/shop.ch24.pl\/en\/?s={search_term_string}"},"query-input":{"@type":"PropertyValueSpecification","valueRequired":true,"valueName":"search_term_string"}}],"inLanguage":"en-US"},{"@type":"Organization","@id":"https:\/\/shop.ch24.pl\/en\/#organization","name":"SHOP.CH24.PL \u2013 Sklep z akcesoriami dla mi\u0142o\u015bnik\u00f3w zegark\u00f3w","alternateName":"Sklep CH24.PL","url":"https:\/\/shop.ch24.pl\/en\/","logo":{"@type":"ImageObject","inLanguage":"en-US","@id":"https:\/\/shop.ch24.pl\/en\/#\/schema\/logo\/image\/","url":"https:\/\/shop.ch24.pl\/wp-content\/uploads\/2018\/04\/shop_ch24_pl_logo_01.png","contentUrl":"https:\/\/shop.ch24.pl\/wp-content\/uploads\/2018\/04\/shop_ch24_pl_logo_01.png","width":320,"height":33,"caption":"SHOP.CH24.PL \u2013 Sklep z akcesoriami dla mi\u0142o\u015bnik\u00f3w zegark\u00f3w"},"image":{"@id":"https:\/\/shop.ch24.pl\/en\/#\/schema\/logo\/image\/"}}]}},"_links":{"self":[{"href":"https:\/\/shop.ch24.pl\/en\/wp-json\/wp\/v2\/pages\/1142","targetHints":{"allow":["GET"]}}],"collection":[{"href":"https:\/\/shop.ch24.pl\/en\/wp-json\/wp\/v2\/pages"}],"about":[{"href":"https:\/\/shop.ch24.pl\/en\/wp-json\/wp\/v2\/types\/page"}],"author":[{"embeddable":true,"href":"https:\/\/shop.ch24.pl\/en\/wp-json\/wp\/v2\/users\/2"}],"replies":[{"embeddable":true,"href":"https:\/\/shop.ch24.pl\/en\/wp-json\/wp\/v2\/comments?post=1142"}],"version-history":[{"count":0,"href":"https:\/\/shop.ch24.pl\/en\/wp-json\/wp\/v2\/pages\/1142\/revisions"}],"wp:attachment":[{"href":"https:\/\/shop.ch24.pl\/en\/wp-json\/wp\/v2\/media?parent=1142"}],"curies":[{"name":"wp","href":"https:\/\/api.w.org\/{rel}","templated":true}]}}