{"id":1846,"date":"2019-11-07T12:58:25","date_gmt":"2019-11-07T12:58:25","guid":{"rendered":"https:\/\/shop.ch24.pl\/product\/moonmaster-pocket-square\/"},"modified":"2026-01-06T17:07:26","modified_gmt":"2026-01-06T17:07:26","slug":"moonmaster-pocket-square","status":"publish","type":"product","link":"https:\/\/shop.ch24.pl\/en\/product\/moonmaster-pocket-square\/","title":{"rendered":"Moonmaster pocket square"},"content":{"rendered":"<div class=\"wpb-content-wrapper\"><p>[vc_row css=&#8221;.vc_custom_1573127915640{border-top-width: 1px !important;border-top-color: #eeeeee !important;border-top-style: solid !important;}&#8221;][vc_column][\/vc_column][\/vc_row][vc_row content_placement=&#8221;middle&#8221;][vc_column width=&#8221;1\/2&#8243;][vc_empty_space height=&#8221;20px&#8221;][vc_column_text]<\/p>\n<h3>Moonmaster pocket square<\/h3>\n<p>[\/vc_column_text][vc_empty_space height=&#8221;15px&#8221;][vc_column_text]This unique project keeps our attention not only because of the beautiful watch movement pattern, but also by the usage of extraordinary colors and space motives. There\u2019s also an astronaut in the very center so there\u2019s a lot of moon inspired elements in there.<\/p>\n<p>This beautiful accessory was created using Italian wool and was hand-sewn on the edges by Poszetka.com workshop. It goes perfectly with pretty much any suit, casual blazer but also more flamboyant attires.<br \/>\n[\/vc_column_text][vc_empty_space height=&#8221;30px&#8221;][\/vc_column][vc_column width=&#8221;1\/2&#8243;][vc_single_image image=&#8221;2131&#8243; img_size=&#8221;full&#8221; alignment=&#8221;center&#8221;][\/vc_column][\/vc_row][vc_row][vc_column][\/vc_column][\/vc_row][vc_row content_placement=&#8221;middle&#8221;][vc_column width=&#8221;1\/2&#8243;][vc_single_image image=&#8221;1230&#8243; img_size=&#8221;full&#8221; alignment=&#8221;center&#8221;][\/vc_column][vc_column width=&#8221;1\/2&#8243;][vc_empty_space height=&#8221;20px&#8221;][vc_column_text]<\/p>\n<h3>Jan Kallwejt<\/h3>\n<p>[\/vc_column_text][vc_empty_space height=&#8221;15px&#8221;][vc_column_text]<br \/>\nJan Kallwejt \u2013 Polish graphic designer and illustrator whose very stylish works were published in many domestic and abroad press magazines such as Newsweek, Forbes, Financial Times and Guardian. Although his works are often very complex and full of meaningful details, their base always consists of pure for with a little dose of abstraction and humor. He\u2019s mostly inspired by pop culture and na\u00efve art movement.<br \/>\n[\/vc_column_text][vc_empty_space height=&#8221;30px&#8221;][\/vc_column][\/vc_row]<\/p>\n<\/div>","protected":false},"excerpt":{"rendered":"<p>Even though most of our daily undertakings won\u2019t end up in Moon landing, it\u2019s pretty worthy to have a pocket square inspired by this one of a kind moment in mankind history. This stylish accessory is also inspired by the Moonwatch itself \u2013 Omega Speedmaster and pictured very nicely by Jan Kallwejt as another addition to &#8220;Cult Watches&#8221; collection.<\/p>\n","protected":false},"featured_media":1523,"template":"","meta":{"_acf_changed":false},"woo-feed-brand":[],"product_brand":[],"product_cat":[110],"product_tag":[118,127,125,117,126],"class_list":{"0":"post-1846","1":"product","2":"type-product","3":"status-publish","4":"has-post-thumbnail","6":"product_cat-pocket-squares","7":"product_tag-jan-kallwejt-illustrator","8":"product_tag-moonwatch-omega","9":"product_tag-omega-watches","10":"product_tag-pocket-square","11":"product_tag-speedmaster-omega","13":"first","14":"instock","15":"shipping-taxable","16":"purchasable","17":"product-type-simple"},"acf":[],"yoast_head":"<!-- This site is optimized with the Yoast SEO plugin v27.1.1 - https:\/\/yoast.com\/product\/yoast-seo-wordpress\/ -->\n<title>Moonmaster pocket square - SHOP.CH24.PL<\/title>\n<meta name=\"description\" content=\"Stylish accessory is inspired by the Moonwatch itself - Omega Speedmaster - and is another addition to &quot;Cult Watches&quot; collection.\" \/>\n<meta name=\"robots\" content=\"index, follow, max-snippet:-1, max-image-preview:large, max-video-preview:-1\" \/>\n<link rel=\"canonical\" href=\"https:\/\/shop.ch24.pl\/en\/product\/moonmaster-pocket-square\/\" \/>\n<meta property=\"og:locale\" content=\"en_US\" \/>\n<meta property=\"og:type\" content=\"article\" \/>\n<meta property=\"og:title\" content=\"Moonmaster pocket square - SHOP.CH24.PL\" \/>\n<meta property=\"og:description\" content=\"Stylish accessory is inspired by the Moonwatch itself - Omega Speedmaster - and is another addition to &quot;Cult Watches&quot; collection.\" \/>\n<meta property=\"og:url\" content=\"https:\/\/shop.ch24.pl\/en\/product\/moonmaster-pocket-square\/\" \/>\n<meta property=\"og:site_name\" content=\"SHOP.CH24.PL\" \/>\n<meta property=\"article:modified_time\" content=\"2026-01-06T17:07:26+00:00\" \/>\n<meta property=\"og:image\" content=\"https:\/\/shop.ch24.pl\/wp-content\/uploads\/2019\/11\/Poszetka_Moonmaster_shop_CH24_a.jpg\" \/>\n\t<meta property=\"og:image:width\" content=\"1300\" \/>\n\t<meta property=\"og:image:height\" content=\"1600\" \/>\n\t<meta property=\"og:image:type\" content=\"image\/jpeg\" \/>\n<meta name=\"twitter:card\" content=\"summary_large_image\" \/>\n<meta name=\"twitter:label1\" content=\"Est. reading time\" \/>\n\t<meta name=\"twitter:data1\" content=\"1 minute\" \/>\n<script type=\"application\/ld+json\" class=\"yoast-schema-graph\">{\"@context\":\"https:\/\/schema.org\",\"@graph\":[{\"@type\":\"WebPage\",\"@id\":\"https:\/\/shop.ch24.pl\/en\/product\/moonmaster-pocket-square\/\",\"url\":\"https:\/\/shop.ch24.pl\/en\/product\/moonmaster-pocket-square\/\",\"name\":\"Moonmaster pocket square - SHOP.CH24.PL\",\"isPartOf\":{\"@id\":\"https:\/\/shop.ch24.pl\/en\/#website\"},\"primaryImageOfPage\":{\"@id\":\"https:\/\/shop.ch24.pl\/en\/product\/moonmaster-pocket-square\/#primaryimage\"},\"image\":{\"@id\":\"https:\/\/shop.ch24.pl\/en\/product\/moonmaster-pocket-square\/#primaryimage\"},\"thumbnailUrl\":\"https:\/\/shop.ch24.pl\/wp-content\/uploads\/2019\/11\/Poszetka_Moonmaster_shop_CH24_a.jpg\",\"datePublished\":\"2019-11-07T12:58:25+00:00\",\"dateModified\":\"2026-01-06T17:07:26+00:00\",\"description\":\"Stylish accessory is inspired by the Moonwatch itself - Omega Speedmaster - and is another addition to \\\"Cult Watches\\\" collection.\",\"breadcrumb\":{\"@id\":\"https:\/\/shop.ch24.pl\/en\/product\/moonmaster-pocket-square\/#breadcrumb\"},\"inLanguage\":\"en-US\",\"potentialAction\":[{\"@type\":\"ReadAction\",\"target\":[\"https:\/\/shop.ch24.pl\/en\/product\/moonmaster-pocket-square\/\"]}]},{\"@type\":\"ImageObject\",\"inLanguage\":\"en-US\",\"@id\":\"https:\/\/shop.ch24.pl\/en\/product\/moonmaster-pocket-square\/#primaryimage\",\"url\":\"https:\/\/shop.ch24.pl\/wp-content\/uploads\/2019\/11\/Poszetka_Moonmaster_shop_CH24_a.jpg\",\"contentUrl\":\"https:\/\/shop.ch24.pl\/wp-content\/uploads\/2019\/11\/Poszetka_Moonmaster_shop_CH24_a.jpg\",\"width\":1300,\"height\":1600,\"caption\":\"Moonmaster pocket square\"},{\"@type\":\"BreadcrumbList\",\"@id\":\"https:\/\/shop.ch24.pl\/en\/product\/moonmaster-pocket-square\/#breadcrumb\",\"itemListElement\":[{\"@type\":\"ListItem\",\"position\":1,\"name\":\"Home\",\"item\":\"https:\/\/shop.ch24.pl\/en\/\"},{\"@type\":\"ListItem\",\"position\":2,\"name\":\"Shop\",\"item\":\"https:\/\/shop.ch24.pl\/en\/\"},{\"@type\":\"ListItem\",\"position\":3,\"name\":\"Moonmaster pocket square\"}]},{\"@type\":\"WebSite\",\"@id\":\"https:\/\/shop.ch24.pl\/en\/#website\",\"url\":\"https:\/\/shop.ch24.pl\/en\/\",\"name\":\"SHOP.CH24.PL\",\"description\":\"Sklep z akcesoriami dla mi\u0142o\u015bnik\u00f3w zegark\u00f3w\",\"publisher\":{\"@id\":\"https:\/\/shop.ch24.pl\/en\/#organization\"},\"potentialAction\":[{\"@type\":\"SearchAction\",\"target\":{\"@type\":\"EntryPoint\",\"urlTemplate\":\"https:\/\/shop.ch24.pl\/en\/?s={search_term_string}\"},\"query-input\":{\"@type\":\"PropertyValueSpecification\",\"valueRequired\":true,\"valueName\":\"search_term_string\"}}],\"inLanguage\":\"en-US\"},{\"@type\":\"Organization\",\"@id\":\"https:\/\/shop.ch24.pl\/en\/#organization\",\"name\":\"SHOP.CH24.PL \u2013 Sklep z akcesoriami dla mi\u0142o\u015bnik\u00f3w zegark\u00f3w\",\"alternateName\":\"Sklep CH24.PL\",\"url\":\"https:\/\/shop.ch24.pl\/en\/\",\"logo\":{\"@type\":\"ImageObject\",\"inLanguage\":\"en-US\",\"@id\":\"https:\/\/shop.ch24.pl\/en\/#\/schema\/logo\/image\/\",\"url\":\"https:\/\/shop.ch24.pl\/wp-content\/uploads\/2018\/04\/shop_ch24_pl_logo_01.png\",\"contentUrl\":\"https:\/\/shop.ch24.pl\/wp-content\/uploads\/2018\/04\/shop_ch24_pl_logo_01.png\",\"width\":320,\"height\":33,\"caption\":\"SHOP.CH24.PL \u2013 Sklep z akcesoriami dla mi\u0142o\u015bnik\u00f3w zegark\u00f3w\"},\"image\":{\"@id\":\"https:\/\/shop.ch24.pl\/en\/#\/schema\/logo\/image\/\"}}]}<\/script>\n<!-- \/ Yoast SEO plugin. -->","yoast_head_json":{"title":"Moonmaster pocket square - SHOP.CH24.PL","description":"Stylish accessory is inspired by the Moonwatch itself - Omega Speedmaster - and is another addition to \"Cult Watches\" collection.","robots":{"index":"index","follow":"follow","max-snippet":"max-snippet:-1","max-image-preview":"max-image-preview:large","max-video-preview":"max-video-preview:-1"},"canonical":"https:\/\/shop.ch24.pl\/en\/product\/moonmaster-pocket-square\/","og_locale":"en_US","og_type":"article","og_title":"Moonmaster pocket square - SHOP.CH24.PL","og_description":"Stylish accessory is inspired by the Moonwatch itself - Omega Speedmaster - and is another addition to \"Cult Watches\" collection.","og_url":"https:\/\/shop.ch24.pl\/en\/product\/moonmaster-pocket-square\/","og_site_name":"SHOP.CH24.PL","article_modified_time":"2026-01-06T17:07:26+00:00","og_image":[{"width":1300,"height":1600,"url":"https:\/\/shop.ch24.pl\/wp-content\/uploads\/2019\/11\/Poszetka_Moonmaster_shop_CH24_a.jpg","type":"image\/jpeg"}],"twitter_card":"summary_large_image","twitter_misc":{"Est. reading time":"1 minute"},"schema":{"@context":"https:\/\/schema.org","@graph":[{"@type":"WebPage","@id":"https:\/\/shop.ch24.pl\/en\/product\/moonmaster-pocket-square\/","url":"https:\/\/shop.ch24.pl\/en\/product\/moonmaster-pocket-square\/","name":"Moonmaster pocket square - SHOP.CH24.PL","isPartOf":{"@id":"https:\/\/shop.ch24.pl\/en\/#website"},"primaryImageOfPage":{"@id":"https:\/\/shop.ch24.pl\/en\/product\/moonmaster-pocket-square\/#primaryimage"},"image":{"@id":"https:\/\/shop.ch24.pl\/en\/product\/moonmaster-pocket-square\/#primaryimage"},"thumbnailUrl":"https:\/\/shop.ch24.pl\/wp-content\/uploads\/2019\/11\/Poszetka_Moonmaster_shop_CH24_a.jpg","datePublished":"2019-11-07T12:58:25+00:00","dateModified":"2026-01-06T17:07:26+00:00","description":"Stylish accessory is inspired by the Moonwatch itself - Omega Speedmaster - and is another addition to \"Cult Watches\" collection.","breadcrumb":{"@id":"https:\/\/shop.ch24.pl\/en\/product\/moonmaster-pocket-square\/#breadcrumb"},"inLanguage":"en-US","potentialAction":[{"@type":"ReadAction","target":["https:\/\/shop.ch24.pl\/en\/product\/moonmaster-pocket-square\/"]}]},{"@type":"ImageObject","inLanguage":"en-US","@id":"https:\/\/shop.ch24.pl\/en\/product\/moonmaster-pocket-square\/#primaryimage","url":"https:\/\/shop.ch24.pl\/wp-content\/uploads\/2019\/11\/Poszetka_Moonmaster_shop_CH24_a.jpg","contentUrl":"https:\/\/shop.ch24.pl\/wp-content\/uploads\/2019\/11\/Poszetka_Moonmaster_shop_CH24_a.jpg","width":1300,"height":1600,"caption":"Moonmaster pocket square"},{"@type":"BreadcrumbList","@id":"https:\/\/shop.ch24.pl\/en\/product\/moonmaster-pocket-square\/#breadcrumb","itemListElement":[{"@type":"ListItem","position":1,"name":"Home","item":"https:\/\/shop.ch24.pl\/en\/"},{"@type":"ListItem","position":2,"name":"Shop","item":"https:\/\/shop.ch24.pl\/en\/"},{"@type":"ListItem","position":3,"name":"Moonmaster pocket square"}]},{"@type":"WebSite","@id":"https:\/\/shop.ch24.pl\/en\/#website","url":"https:\/\/shop.ch24.pl\/en\/","name":"SHOP.CH24.PL","description":"Sklep z akcesoriami dla mi\u0142o\u015bnik\u00f3w zegark\u00f3w","publisher":{"@id":"https:\/\/shop.ch24.pl\/en\/#organization"},"potentialAction":[{"@type":"SearchAction","target":{"@type":"EntryPoint","urlTemplate":"https:\/\/shop.ch24.pl\/en\/?s={search_term_string}"},"query-input":{"@type":"PropertyValueSpecification","valueRequired":true,"valueName":"search_term_string"}}],"inLanguage":"en-US"},{"@type":"Organization","@id":"https:\/\/shop.ch24.pl\/en\/#organization","name":"SHOP.CH24.PL \u2013 Sklep z akcesoriami dla mi\u0142o\u015bnik\u00f3w zegark\u00f3w","alternateName":"Sklep CH24.PL","url":"https:\/\/shop.ch24.pl\/en\/","logo":{"@type":"ImageObject","inLanguage":"en-US","@id":"https:\/\/shop.ch24.pl\/en\/#\/schema\/logo\/image\/","url":"https:\/\/shop.ch24.pl\/wp-content\/uploads\/2018\/04\/shop_ch24_pl_logo_01.png","contentUrl":"https:\/\/shop.ch24.pl\/wp-content\/uploads\/2018\/04\/shop_ch24_pl_logo_01.png","width":320,"height":33,"caption":"SHOP.CH24.PL \u2013 Sklep z akcesoriami dla mi\u0142o\u015bnik\u00f3w zegark\u00f3w"},"image":{"@id":"https:\/\/shop.ch24.pl\/en\/#\/schema\/logo\/image\/"}}]}},"_links":{"self":[{"href":"https:\/\/shop.ch24.pl\/en\/wp-json\/wp\/v2\/product\/1846","targetHints":{"allow":["GET"]}}],"collection":[{"href":"https:\/\/shop.ch24.pl\/en\/wp-json\/wp\/v2\/product"}],"about":[{"href":"https:\/\/shop.ch24.pl\/en\/wp-json\/wp\/v2\/types\/product"}],"wp:featuredmedia":[{"embeddable":true,"href":"https:\/\/shop.ch24.pl\/en\/wp-json\/wp\/v2\/media\/1523"}],"wp:attachment":[{"href":"https:\/\/shop.ch24.pl\/en\/wp-json\/wp\/v2\/media?parent=1846"}],"wp:term":[{"taxonomy":"woo-feed-brand","embeddable":true,"href":"https:\/\/shop.ch24.pl\/en\/wp-json\/wp\/v2\/woo-feed-brand?post=1846"},{"taxonomy":"product_brand","embeddable":true,"href":"https:\/\/shop.ch24.pl\/en\/wp-json\/wp\/v2\/product_brand?post=1846"},{"taxonomy":"product_cat","embeddable":true,"href":"https:\/\/shop.ch24.pl\/en\/wp-json\/wp\/v2\/product_cat?post=1846"},{"taxonomy":"product_tag","embeddable":true,"href":"https:\/\/shop.ch24.pl\/en\/wp-json\/wp\/v2\/product_tag?post=1846"}],"curies":[{"name":"wp","href":"https:\/\/api.w.org\/{rel}","templated":true}]}}