{"id":1872,"date":"2019-11-13T16:55:06","date_gmt":"2019-11-13T16:55:06","guid":{"rendered":"https:\/\/shop.ch24.pl\/product\/lapis-lazuli-bracelet-with-silver-signet\/"},"modified":"2026-03-12T16:57:32","modified_gmt":"2026-03-12T16:57:32","slug":"lapis-lazuli-bracelet-with-silver-signet","status":"publish","type":"product","link":"https:\/\/shop.ch24.pl\/en\/product\/lapis-lazuli-bracelet-with-silver-signet\/","title":{"rendered":"Lapis lazuli bracelet with silver signet"},"content":{"rendered":"<div class=\"wpb-content-wrapper\"><p>[vc_row css=&#8221;.vc_custom_1573127915640{border-top-width: 1px !important;border-top-color: #eeeeee !important;border-top-style: solid !important;}&#8221;][vc_column][\/vc_column][\/vc_row][vc_row content_placement=&#8221;middle&#8221;][vc_column width=&#8221;1\/2&#8243;][vc_empty_space height=&#8221;20px&#8221;][vc_column_text]<\/p>\n<h3>Lapis lazuli bracelet with silver signet<\/h3>\n<p>[\/vc_column_text][vc_empty_space height=&#8221;15px&#8221;][vc_column_text]It\u2019s no secret that not only women match their timepiece with jewelry. Men are also no strangers to combining their wristgame with stylish bracelets. Those offered in our shop are made with uncompromised quality, sporty elegance and comfortable wearing. Some are also believers of precious stones causative powers while wearing. Lapis lazuli is said to calm down melancholy and depressed mood. It strengthen concentration skills and helps to reach desired goals.[\/vc_column_text][vc_empty_space height=&#8221;30px&#8221;][\/vc_column][vc_column width=&#8221;1\/2&#8243;][vc_single_image image=&#8221;2217&#8243; img_size=&#8221;full&#8221; alignment=&#8221;center&#8221;][\/vc_column][\/vc_row]<\/p>\n<\/div>","protected":false},"excerpt":{"rendered":"<p>This bracelet is made out of lapis lazuli stones with silver CH24 emblem finishing. Thanks to durable and very elastic silicone streak it\u2019s very comfortable to put on and off. It fits perfectly all the casual and sport attires and watches.<\/p>\n<p>In the comments to the order (in the basket) specify your preferred size &#8211; M, L or XL. By default we send size M.<\/p>\n","protected":false},"featured_media":2220,"template":"","meta":{"_acf_changed":false},"woo-feed-brand":[],"product_brand":[],"product_cat":[106],"product_tag":[128,131,129],"class_list":{"0":"post-1872","1":"product","2":"type-product","3":"status-publish","4":"has-post-thumbnail","6":"product_cat-jewellery","7":"product_tag-bracelet","8":"product_tag-lapis-lazuli-stones","9":"product_tag-silver","11":"first","12":"instock","13":"shipping-taxable","14":"purchasable","15":"product-type-simple"},"acf":[],"yoast_head":"<!-- This site is optimized with the Yoast SEO plugin v27.1.1 - https:\/\/yoast.com\/product\/yoast-seo-wordpress\/ -->\n<title>Lapis lazuli bracelet with silver signet - SHOP.CH24.PL<\/title>\n<meta name=\"robots\" content=\"index, follow, max-snippet:-1, max-image-preview:large, max-video-preview:-1\" \/>\n<link rel=\"canonical\" href=\"https:\/\/shop.ch24.pl\/en\/product\/lapis-lazuli-bracelet-with-silver-signet\/\" \/>\n<meta property=\"og:locale\" content=\"en_US\" \/>\n<meta property=\"og:type\" content=\"article\" \/>\n<meta property=\"og:title\" content=\"Lapis lazuli bracelet with silver signet - SHOP.CH24.PL\" \/>\n<meta property=\"og:description\" content=\"This bracelet is made out of lapis lazuli stones with silver CH24 emblem finishing. Thanks to durable and very elastic silicone streak it\u2019s very comfortable to put on and off. It fits perfectly all the casual and sport attires and watches.  In the comments to the order (in the basket) specify your preferred size - M, L or XL. By default we send size M.\" \/>\n<meta property=\"og:url\" content=\"https:\/\/shop.ch24.pl\/en\/product\/lapis-lazuli-bracelet-with-silver-signet\/\" \/>\n<meta property=\"og:site_name\" content=\"SHOP.CH24.PL\" \/>\n<meta property=\"article:modified_time\" content=\"2026-03-12T16:57:32+00:00\" \/>\n<meta property=\"og:image\" content=\"https:\/\/shop.ch24.pl\/wp-content\/uploads\/2019\/11\/Bransoletka_lapis_lazuli_CH24_shop_CH24_a.jpg\" \/>\n\t<meta property=\"og:image:width\" content=\"1300\" \/>\n\t<meta property=\"og:image:height\" content=\"1600\" \/>\n\t<meta property=\"og:image:type\" content=\"image\/jpeg\" \/>\n<meta name=\"twitter:card\" content=\"summary_large_image\" \/>\n<meta name=\"twitter:label1\" content=\"Est. reading time\" \/>\n\t<meta name=\"twitter:data1\" content=\"1 minute\" \/>\n<script type=\"application\/ld+json\" class=\"yoast-schema-graph\">{\"@context\":\"https:\/\/schema.org\",\"@graph\":[{\"@type\":\"WebPage\",\"@id\":\"https:\/\/shop.ch24.pl\/en\/product\/lapis-lazuli-bracelet-with-silver-signet\/\",\"url\":\"https:\/\/shop.ch24.pl\/en\/product\/lapis-lazuli-bracelet-with-silver-signet\/\",\"name\":\"Lapis lazuli bracelet with silver signet - SHOP.CH24.PL\",\"isPartOf\":{\"@id\":\"https:\/\/shop.ch24.pl\/en\/#website\"},\"primaryImageOfPage\":{\"@id\":\"https:\/\/shop.ch24.pl\/en\/product\/lapis-lazuli-bracelet-with-silver-signet\/#primaryimage\"},\"image\":{\"@id\":\"https:\/\/shop.ch24.pl\/en\/product\/lapis-lazuli-bracelet-with-silver-signet\/#primaryimage\"},\"thumbnailUrl\":\"https:\/\/shop.ch24.pl\/wp-content\/uploads\/2019\/11\/Bransoletka_lapis_lazuli_CH24_shop_CH24_a.jpg\",\"datePublished\":\"2019-11-13T16:55:06+00:00\",\"dateModified\":\"2026-03-12T16:57:32+00:00\",\"breadcrumb\":{\"@id\":\"https:\/\/shop.ch24.pl\/en\/product\/lapis-lazuli-bracelet-with-silver-signet\/#breadcrumb\"},\"inLanguage\":\"en-US\",\"potentialAction\":[{\"@type\":\"ReadAction\",\"target\":[\"https:\/\/shop.ch24.pl\/en\/product\/lapis-lazuli-bracelet-with-silver-signet\/\"]}]},{\"@type\":\"ImageObject\",\"inLanguage\":\"en-US\",\"@id\":\"https:\/\/shop.ch24.pl\/en\/product\/lapis-lazuli-bracelet-with-silver-signet\/#primaryimage\",\"url\":\"https:\/\/shop.ch24.pl\/wp-content\/uploads\/2019\/11\/Bransoletka_lapis_lazuli_CH24_shop_CH24_a.jpg\",\"contentUrl\":\"https:\/\/shop.ch24.pl\/wp-content\/uploads\/2019\/11\/Bransoletka_lapis_lazuli_CH24_shop_CH24_a.jpg\",\"width\":1300,\"height\":1600,\"caption\":\"CH24 bracelet\"},{\"@type\":\"BreadcrumbList\",\"@id\":\"https:\/\/shop.ch24.pl\/en\/product\/lapis-lazuli-bracelet-with-silver-signet\/#breadcrumb\",\"itemListElement\":[{\"@type\":\"ListItem\",\"position\":1,\"name\":\"Home\",\"item\":\"https:\/\/shop.ch24.pl\/en\/\"},{\"@type\":\"ListItem\",\"position\":2,\"name\":\"Shop\",\"item\":\"https:\/\/shop.ch24.pl\/en\/\"},{\"@type\":\"ListItem\",\"position\":3,\"name\":\"Lapis lazuli bracelet with silver signet\"}]},{\"@type\":\"WebSite\",\"@id\":\"https:\/\/shop.ch24.pl\/en\/#website\",\"url\":\"https:\/\/shop.ch24.pl\/en\/\",\"name\":\"SHOP.CH24.PL\",\"description\":\"Sklep z akcesoriami dla mi\u0142o\u015bnik\u00f3w zegark\u00f3w\",\"publisher\":{\"@id\":\"https:\/\/shop.ch24.pl\/en\/#organization\"},\"potentialAction\":[{\"@type\":\"SearchAction\",\"target\":{\"@type\":\"EntryPoint\",\"urlTemplate\":\"https:\/\/shop.ch24.pl\/en\/?s={search_term_string}\"},\"query-input\":{\"@type\":\"PropertyValueSpecification\",\"valueRequired\":true,\"valueName\":\"search_term_string\"}}],\"inLanguage\":\"en-US\"},{\"@type\":\"Organization\",\"@id\":\"https:\/\/shop.ch24.pl\/en\/#organization\",\"name\":\"SHOP.CH24.PL \u2013 Sklep z akcesoriami dla mi\u0142o\u015bnik\u00f3w zegark\u00f3w\",\"alternateName\":\"Sklep CH24.PL\",\"url\":\"https:\/\/shop.ch24.pl\/en\/\",\"logo\":{\"@type\":\"ImageObject\",\"inLanguage\":\"en-US\",\"@id\":\"https:\/\/shop.ch24.pl\/en\/#\/schema\/logo\/image\/\",\"url\":\"https:\/\/shop.ch24.pl\/wp-content\/uploads\/2018\/04\/shop_ch24_pl_logo_01.png\",\"contentUrl\":\"https:\/\/shop.ch24.pl\/wp-content\/uploads\/2018\/04\/shop_ch24_pl_logo_01.png\",\"width\":320,\"height\":33,\"caption\":\"SHOP.CH24.PL \u2013 Sklep z akcesoriami dla mi\u0142o\u015bnik\u00f3w zegark\u00f3w\"},\"image\":{\"@id\":\"https:\/\/shop.ch24.pl\/en\/#\/schema\/logo\/image\/\"}}]}<\/script>\n<!-- \/ Yoast SEO plugin. -->","yoast_head_json":{"title":"Lapis lazuli bracelet with silver signet - SHOP.CH24.PL","robots":{"index":"index","follow":"follow","max-snippet":"max-snippet:-1","max-image-preview":"max-image-preview:large","max-video-preview":"max-video-preview:-1"},"canonical":"https:\/\/shop.ch24.pl\/en\/product\/lapis-lazuli-bracelet-with-silver-signet\/","og_locale":"en_US","og_type":"article","og_title":"Lapis lazuli bracelet with silver signet - SHOP.CH24.PL","og_description":"This bracelet is made out of lapis lazuli stones with silver CH24 emblem finishing. Thanks to durable and very elastic silicone streak it\u2019s very comfortable to put on and off. It fits perfectly all the casual and sport attires and watches.  In the comments to the order (in the basket) specify your preferred size - M, L or XL. By default we send size M.","og_url":"https:\/\/shop.ch24.pl\/en\/product\/lapis-lazuli-bracelet-with-silver-signet\/","og_site_name":"SHOP.CH24.PL","article_modified_time":"2026-03-12T16:57:32+00:00","og_image":[{"width":1300,"height":1600,"url":"https:\/\/shop.ch24.pl\/wp-content\/uploads\/2019\/11\/Bransoletka_lapis_lazuli_CH24_shop_CH24_a.jpg","type":"image\/jpeg"}],"twitter_card":"summary_large_image","twitter_misc":{"Est. reading time":"1 minute"},"schema":{"@context":"https:\/\/schema.org","@graph":[{"@type":"WebPage","@id":"https:\/\/shop.ch24.pl\/en\/product\/lapis-lazuli-bracelet-with-silver-signet\/","url":"https:\/\/shop.ch24.pl\/en\/product\/lapis-lazuli-bracelet-with-silver-signet\/","name":"Lapis lazuli bracelet with silver signet - SHOP.CH24.PL","isPartOf":{"@id":"https:\/\/shop.ch24.pl\/en\/#website"},"primaryImageOfPage":{"@id":"https:\/\/shop.ch24.pl\/en\/product\/lapis-lazuli-bracelet-with-silver-signet\/#primaryimage"},"image":{"@id":"https:\/\/shop.ch24.pl\/en\/product\/lapis-lazuli-bracelet-with-silver-signet\/#primaryimage"},"thumbnailUrl":"https:\/\/shop.ch24.pl\/wp-content\/uploads\/2019\/11\/Bransoletka_lapis_lazuli_CH24_shop_CH24_a.jpg","datePublished":"2019-11-13T16:55:06+00:00","dateModified":"2026-03-12T16:57:32+00:00","breadcrumb":{"@id":"https:\/\/shop.ch24.pl\/en\/product\/lapis-lazuli-bracelet-with-silver-signet\/#breadcrumb"},"inLanguage":"en-US","potentialAction":[{"@type":"ReadAction","target":["https:\/\/shop.ch24.pl\/en\/product\/lapis-lazuli-bracelet-with-silver-signet\/"]}]},{"@type":"ImageObject","inLanguage":"en-US","@id":"https:\/\/shop.ch24.pl\/en\/product\/lapis-lazuli-bracelet-with-silver-signet\/#primaryimage","url":"https:\/\/shop.ch24.pl\/wp-content\/uploads\/2019\/11\/Bransoletka_lapis_lazuli_CH24_shop_CH24_a.jpg","contentUrl":"https:\/\/shop.ch24.pl\/wp-content\/uploads\/2019\/11\/Bransoletka_lapis_lazuli_CH24_shop_CH24_a.jpg","width":1300,"height":1600,"caption":"CH24 bracelet"},{"@type":"BreadcrumbList","@id":"https:\/\/shop.ch24.pl\/en\/product\/lapis-lazuli-bracelet-with-silver-signet\/#breadcrumb","itemListElement":[{"@type":"ListItem","position":1,"name":"Home","item":"https:\/\/shop.ch24.pl\/en\/"},{"@type":"ListItem","position":2,"name":"Shop","item":"https:\/\/shop.ch24.pl\/en\/"},{"@type":"ListItem","position":3,"name":"Lapis lazuli bracelet with silver signet"}]},{"@type":"WebSite","@id":"https:\/\/shop.ch24.pl\/en\/#website","url":"https:\/\/shop.ch24.pl\/en\/","name":"SHOP.CH24.PL","description":"Sklep z akcesoriami dla mi\u0142o\u015bnik\u00f3w zegark\u00f3w","publisher":{"@id":"https:\/\/shop.ch24.pl\/en\/#organization"},"potentialAction":[{"@type":"SearchAction","target":{"@type":"EntryPoint","urlTemplate":"https:\/\/shop.ch24.pl\/en\/?s={search_term_string}"},"query-input":{"@type":"PropertyValueSpecification","valueRequired":true,"valueName":"search_term_string"}}],"inLanguage":"en-US"},{"@type":"Organization","@id":"https:\/\/shop.ch24.pl\/en\/#organization","name":"SHOP.CH24.PL \u2013 Sklep z akcesoriami dla mi\u0142o\u015bnik\u00f3w zegark\u00f3w","alternateName":"Sklep CH24.PL","url":"https:\/\/shop.ch24.pl\/en\/","logo":{"@type":"ImageObject","inLanguage":"en-US","@id":"https:\/\/shop.ch24.pl\/en\/#\/schema\/logo\/image\/","url":"https:\/\/shop.ch24.pl\/wp-content\/uploads\/2018\/04\/shop_ch24_pl_logo_01.png","contentUrl":"https:\/\/shop.ch24.pl\/wp-content\/uploads\/2018\/04\/shop_ch24_pl_logo_01.png","width":320,"height":33,"caption":"SHOP.CH24.PL \u2013 Sklep z akcesoriami dla mi\u0142o\u015bnik\u00f3w zegark\u00f3w"},"image":{"@id":"https:\/\/shop.ch24.pl\/en\/#\/schema\/logo\/image\/"}}]}},"_links":{"self":[{"href":"https:\/\/shop.ch24.pl\/en\/wp-json\/wp\/v2\/product\/1872","targetHints":{"allow":["GET"]}}],"collection":[{"href":"https:\/\/shop.ch24.pl\/en\/wp-json\/wp\/v2\/product"}],"about":[{"href":"https:\/\/shop.ch24.pl\/en\/wp-json\/wp\/v2\/types\/product"}],"wp:featuredmedia":[{"embeddable":true,"href":"https:\/\/shop.ch24.pl\/en\/wp-json\/wp\/v2\/media\/2220"}],"wp:attachment":[{"href":"https:\/\/shop.ch24.pl\/en\/wp-json\/wp\/v2\/media?parent=1872"}],"wp:term":[{"taxonomy":"woo-feed-brand","embeddable":true,"href":"https:\/\/shop.ch24.pl\/en\/wp-json\/wp\/v2\/woo-feed-brand?post=1872"},{"taxonomy":"product_brand","embeddable":true,"href":"https:\/\/shop.ch24.pl\/en\/wp-json\/wp\/v2\/product_brand?post=1872"},{"taxonomy":"product_cat","embeddable":true,"href":"https:\/\/shop.ch24.pl\/en\/wp-json\/wp\/v2\/product_cat?post=1872"},{"taxonomy":"product_tag","embeddable":true,"href":"https:\/\/shop.ch24.pl\/en\/wp-json\/wp\/v2\/product_tag?post=1872"}],"curies":[{"name":"wp","href":"https:\/\/api.w.org\/{rel}","templated":true}]}}