{"id":1874,"date":"2019-11-13T15:43:47","date_gmt":"2019-11-13T15:43:47","guid":{"rendered":"https:\/\/shop.ch24.pl\/product\/tag-heuer-toilet-bag\/"},"modified":"2025-01-08T20:46:28","modified_gmt":"2025-01-08T20:46:28","slug":"tag-heuer-toiletry-bag","status":"publish","type":"product","link":"https:\/\/shop.ch24.pl\/en\/product\/tag-heuer-toiletry-bag\/","title":{"rendered":"TAG Heuer toiletry bag"},"content":{"rendered":"<div class=\"wpb-content-wrapper\"><p>[vc_row css=&#8221;.vc_custom_1573127915640{border-top-width: 1px !important;border-top-color: #eeeeee !important;border-top-style: solid !important;}&#8221;][vc_column][\/vc_column][\/vc_row][vc_row content_placement=&#8221;middle&#8221;][vc_column width=&#8221;1\/2&#8243;][vc_empty_space height=&#8221;20px&#8221;][vc_column_text]<\/p>\n<h3>TAG Heuer toiletry bag<\/h3>\n<p>[\/vc_column_text][vc_empty_space height=&#8221;15px&#8221;][vc_column_text]This bag was made from real leather and very durable canvas. There\u2019s a large pouch with zip lock inside and another one that is open. Its measurements will surely let us fit all the necessary cosmetic items and accessories. The bag comes with an elegant TAG Heuer carton box packaging. It\u2019s a perfect gift loosely linked with watch subject.[\/vc_column_text][vc_empty_space height=&#8221;30px&#8221;][\/vc_column][vc_column width=&#8221;1\/2&#8243;][vc_single_image image=&#8221;1438&#8243; img_size=&#8221;full&#8221; alignment=&#8221;center&#8221;][\/vc_column][\/vc_row]<\/p>\n<\/div>","protected":false},"excerpt":{"rendered":"<p>Stylish toiletry bag with TAG Heuer brand logo on top.<\/p>\n","protected":false},"featured_media":1433,"template":"","meta":{"_acf_changed":false},"woo-feed-brand":[],"product_brand":[],"product_cat":[112],"product_tag":[132,122,134],"class_list":{"0":"post-1874","1":"product","2":"type-product","3":"status-publish","4":"has-post-thumbnail","6":"product_cat-other","7":"product_tag-leather","8":"product_tag-tag-heuer-watches","9":"product_tag-toiletry-bag","11":"first","12":"instock","13":"featured","14":"shipping-taxable","15":"purchasable","16":"product-type-simple"},"acf":[],"yoast_head":"<!-- This site is optimized with the Yoast SEO plugin v27.1.1 - https:\/\/yoast.com\/product\/yoast-seo-wordpress\/ -->\n<title>TAG Heuer toiletry bag - SHOP.CH24.PL<\/title>\n<meta name=\"robots\" content=\"index, follow, max-snippet:-1, max-image-preview:large, max-video-preview:-1\" \/>\n<link rel=\"canonical\" href=\"https:\/\/shop.ch24.pl\/en\/product\/tag-heuer-toiletry-bag\/\" \/>\n<meta property=\"og:locale\" content=\"en_US\" \/>\n<meta property=\"og:type\" content=\"article\" \/>\n<meta property=\"og:title\" content=\"TAG Heuer toiletry bag - SHOP.CH24.PL\" \/>\n<meta property=\"og:description\" content=\"Stylish toiletry bag with TAG Heuer brand logo on top.\" \/>\n<meta property=\"og:url\" content=\"https:\/\/shop.ch24.pl\/en\/product\/tag-heuer-toiletry-bag\/\" \/>\n<meta property=\"og:site_name\" content=\"SHOP.CH24.PL\" \/>\n<meta property=\"article:modified_time\" content=\"2025-01-08T20:46:28+00:00\" \/>\n<meta property=\"og:image\" content=\"https:\/\/shop.ch24.pl\/wp-content\/uploads\/2019\/11\/Kosmetyczka_TAG_Heuer_shop_CH24_a.jpg\" \/>\n\t<meta property=\"og:image:width\" content=\"1300\" \/>\n\t<meta property=\"og:image:height\" content=\"1600\" \/>\n\t<meta property=\"og:image:type\" content=\"image\/jpeg\" \/>\n<meta name=\"twitter:card\" content=\"summary_large_image\" \/>\n<meta name=\"twitter:label1\" content=\"Est. reading time\" \/>\n\t<meta name=\"twitter:data1\" content=\"1 minute\" \/>\n<script type=\"application\/ld+json\" class=\"yoast-schema-graph\">{\"@context\":\"https:\/\/schema.org\",\"@graph\":[{\"@type\":\"WebPage\",\"@id\":\"https:\/\/shop.ch24.pl\/en\/product\/tag-heuer-toiletry-bag\/\",\"url\":\"https:\/\/shop.ch24.pl\/en\/product\/tag-heuer-toiletry-bag\/\",\"name\":\"TAG Heuer toiletry bag - SHOP.CH24.PL\",\"isPartOf\":{\"@id\":\"https:\/\/shop.ch24.pl\/en\/#website\"},\"primaryImageOfPage\":{\"@id\":\"https:\/\/shop.ch24.pl\/en\/product\/tag-heuer-toiletry-bag\/#primaryimage\"},\"image\":{\"@id\":\"https:\/\/shop.ch24.pl\/en\/product\/tag-heuer-toiletry-bag\/#primaryimage\"},\"thumbnailUrl\":\"https:\/\/shop.ch24.pl\/wp-content\/uploads\/2019\/11\/Kosmetyczka_TAG_Heuer_shop_CH24_a.jpg\",\"datePublished\":\"2019-11-13T15:43:47+00:00\",\"dateModified\":\"2025-01-08T20:46:28+00:00\",\"breadcrumb\":{\"@id\":\"https:\/\/shop.ch24.pl\/en\/product\/tag-heuer-toiletry-bag\/#breadcrumb\"},\"inLanguage\":\"en-US\",\"potentialAction\":[{\"@type\":\"ReadAction\",\"target\":[\"https:\/\/shop.ch24.pl\/en\/product\/tag-heuer-toiletry-bag\/\"]}]},{\"@type\":\"ImageObject\",\"inLanguage\":\"en-US\",\"@id\":\"https:\/\/shop.ch24.pl\/en\/product\/tag-heuer-toiletry-bag\/#primaryimage\",\"url\":\"https:\/\/shop.ch24.pl\/wp-content\/uploads\/2019\/11\/Kosmetyczka_TAG_Heuer_shop_CH24_a.jpg\",\"contentUrl\":\"https:\/\/shop.ch24.pl\/wp-content\/uploads\/2019\/11\/Kosmetyczka_TAG_Heuer_shop_CH24_a.jpg\",\"width\":1300,\"height\":1600,\"caption\":\"TAG Heuer toiletry bag\"},{\"@type\":\"BreadcrumbList\",\"@id\":\"https:\/\/shop.ch24.pl\/en\/product\/tag-heuer-toiletry-bag\/#breadcrumb\",\"itemListElement\":[{\"@type\":\"ListItem\",\"position\":1,\"name\":\"Home\",\"item\":\"https:\/\/shop.ch24.pl\/en\/\"},{\"@type\":\"ListItem\",\"position\":2,\"name\":\"Shop\",\"item\":\"https:\/\/shop.ch24.pl\/en\/\"},{\"@type\":\"ListItem\",\"position\":3,\"name\":\"TAG Heuer toiletry bag\"}]},{\"@type\":\"WebSite\",\"@id\":\"https:\/\/shop.ch24.pl\/en\/#website\",\"url\":\"https:\/\/shop.ch24.pl\/en\/\",\"name\":\"SHOP.CH24.PL\",\"description\":\"Sklep z akcesoriami dla mi\u0142o\u015bnik\u00f3w zegark\u00f3w\",\"publisher\":{\"@id\":\"https:\/\/shop.ch24.pl\/en\/#organization\"},\"potentialAction\":[{\"@type\":\"SearchAction\",\"target\":{\"@type\":\"EntryPoint\",\"urlTemplate\":\"https:\/\/shop.ch24.pl\/en\/?s={search_term_string}\"},\"query-input\":{\"@type\":\"PropertyValueSpecification\",\"valueRequired\":true,\"valueName\":\"search_term_string\"}}],\"inLanguage\":\"en-US\"},{\"@type\":\"Organization\",\"@id\":\"https:\/\/shop.ch24.pl\/en\/#organization\",\"name\":\"SHOP.CH24.PL \u2013 Sklep z akcesoriami dla mi\u0142o\u015bnik\u00f3w zegark\u00f3w\",\"alternateName\":\"Sklep CH24.PL\",\"url\":\"https:\/\/shop.ch24.pl\/en\/\",\"logo\":{\"@type\":\"ImageObject\",\"inLanguage\":\"en-US\",\"@id\":\"https:\/\/shop.ch24.pl\/en\/#\/schema\/logo\/image\/\",\"url\":\"https:\/\/shop.ch24.pl\/wp-content\/uploads\/2018\/04\/shop_ch24_pl_logo_01.png\",\"contentUrl\":\"https:\/\/shop.ch24.pl\/wp-content\/uploads\/2018\/04\/shop_ch24_pl_logo_01.png\",\"width\":320,\"height\":33,\"caption\":\"SHOP.CH24.PL \u2013 Sklep z akcesoriami dla mi\u0142o\u015bnik\u00f3w zegark\u00f3w\"},\"image\":{\"@id\":\"https:\/\/shop.ch24.pl\/en\/#\/schema\/logo\/image\/\"}}]}<\/script>\n<!-- \/ Yoast SEO plugin. -->","yoast_head_json":{"title":"TAG Heuer toiletry bag - SHOP.CH24.PL","robots":{"index":"index","follow":"follow","max-snippet":"max-snippet:-1","max-image-preview":"max-image-preview:large","max-video-preview":"max-video-preview:-1"},"canonical":"https:\/\/shop.ch24.pl\/en\/product\/tag-heuer-toiletry-bag\/","og_locale":"en_US","og_type":"article","og_title":"TAG Heuer toiletry bag - SHOP.CH24.PL","og_description":"Stylish toiletry bag with TAG Heuer brand logo on top.","og_url":"https:\/\/shop.ch24.pl\/en\/product\/tag-heuer-toiletry-bag\/","og_site_name":"SHOP.CH24.PL","article_modified_time":"2025-01-08T20:46:28+00:00","og_image":[{"width":1300,"height":1600,"url":"https:\/\/shop.ch24.pl\/wp-content\/uploads\/2019\/11\/Kosmetyczka_TAG_Heuer_shop_CH24_a.jpg","type":"image\/jpeg"}],"twitter_card":"summary_large_image","twitter_misc":{"Est. reading time":"1 minute"},"schema":{"@context":"https:\/\/schema.org","@graph":[{"@type":"WebPage","@id":"https:\/\/shop.ch24.pl\/en\/product\/tag-heuer-toiletry-bag\/","url":"https:\/\/shop.ch24.pl\/en\/product\/tag-heuer-toiletry-bag\/","name":"TAG Heuer toiletry bag - SHOP.CH24.PL","isPartOf":{"@id":"https:\/\/shop.ch24.pl\/en\/#website"},"primaryImageOfPage":{"@id":"https:\/\/shop.ch24.pl\/en\/product\/tag-heuer-toiletry-bag\/#primaryimage"},"image":{"@id":"https:\/\/shop.ch24.pl\/en\/product\/tag-heuer-toiletry-bag\/#primaryimage"},"thumbnailUrl":"https:\/\/shop.ch24.pl\/wp-content\/uploads\/2019\/11\/Kosmetyczka_TAG_Heuer_shop_CH24_a.jpg","datePublished":"2019-11-13T15:43:47+00:00","dateModified":"2025-01-08T20:46:28+00:00","breadcrumb":{"@id":"https:\/\/shop.ch24.pl\/en\/product\/tag-heuer-toiletry-bag\/#breadcrumb"},"inLanguage":"en-US","potentialAction":[{"@type":"ReadAction","target":["https:\/\/shop.ch24.pl\/en\/product\/tag-heuer-toiletry-bag\/"]}]},{"@type":"ImageObject","inLanguage":"en-US","@id":"https:\/\/shop.ch24.pl\/en\/product\/tag-heuer-toiletry-bag\/#primaryimage","url":"https:\/\/shop.ch24.pl\/wp-content\/uploads\/2019\/11\/Kosmetyczka_TAG_Heuer_shop_CH24_a.jpg","contentUrl":"https:\/\/shop.ch24.pl\/wp-content\/uploads\/2019\/11\/Kosmetyczka_TAG_Heuer_shop_CH24_a.jpg","width":1300,"height":1600,"caption":"TAG Heuer toiletry bag"},{"@type":"BreadcrumbList","@id":"https:\/\/shop.ch24.pl\/en\/product\/tag-heuer-toiletry-bag\/#breadcrumb","itemListElement":[{"@type":"ListItem","position":1,"name":"Home","item":"https:\/\/shop.ch24.pl\/en\/"},{"@type":"ListItem","position":2,"name":"Shop","item":"https:\/\/shop.ch24.pl\/en\/"},{"@type":"ListItem","position":3,"name":"TAG Heuer toiletry bag"}]},{"@type":"WebSite","@id":"https:\/\/shop.ch24.pl\/en\/#website","url":"https:\/\/shop.ch24.pl\/en\/","name":"SHOP.CH24.PL","description":"Sklep z akcesoriami dla mi\u0142o\u015bnik\u00f3w zegark\u00f3w","publisher":{"@id":"https:\/\/shop.ch24.pl\/en\/#organization"},"potentialAction":[{"@type":"SearchAction","target":{"@type":"EntryPoint","urlTemplate":"https:\/\/shop.ch24.pl\/en\/?s={search_term_string}"},"query-input":{"@type":"PropertyValueSpecification","valueRequired":true,"valueName":"search_term_string"}}],"inLanguage":"en-US"},{"@type":"Organization","@id":"https:\/\/shop.ch24.pl\/en\/#organization","name":"SHOP.CH24.PL \u2013 Sklep z akcesoriami dla mi\u0142o\u015bnik\u00f3w zegark\u00f3w","alternateName":"Sklep CH24.PL","url":"https:\/\/shop.ch24.pl\/en\/","logo":{"@type":"ImageObject","inLanguage":"en-US","@id":"https:\/\/shop.ch24.pl\/en\/#\/schema\/logo\/image\/","url":"https:\/\/shop.ch24.pl\/wp-content\/uploads\/2018\/04\/shop_ch24_pl_logo_01.png","contentUrl":"https:\/\/shop.ch24.pl\/wp-content\/uploads\/2018\/04\/shop_ch24_pl_logo_01.png","width":320,"height":33,"caption":"SHOP.CH24.PL \u2013 Sklep z akcesoriami dla mi\u0142o\u015bnik\u00f3w zegark\u00f3w"},"image":{"@id":"https:\/\/shop.ch24.pl\/en\/#\/schema\/logo\/image\/"}}]}},"_links":{"self":[{"href":"https:\/\/shop.ch24.pl\/en\/wp-json\/wp\/v2\/product\/1874","targetHints":{"allow":["GET"]}}],"collection":[{"href":"https:\/\/shop.ch24.pl\/en\/wp-json\/wp\/v2\/product"}],"about":[{"href":"https:\/\/shop.ch24.pl\/en\/wp-json\/wp\/v2\/types\/product"}],"wp:featuredmedia":[{"embeddable":true,"href":"https:\/\/shop.ch24.pl\/en\/wp-json\/wp\/v2\/media\/1433"}],"wp:attachment":[{"href":"https:\/\/shop.ch24.pl\/en\/wp-json\/wp\/v2\/media?parent=1874"}],"wp:term":[{"taxonomy":"woo-feed-brand","embeddable":true,"href":"https:\/\/shop.ch24.pl\/en\/wp-json\/wp\/v2\/woo-feed-brand?post=1874"},{"taxonomy":"product_brand","embeddable":true,"href":"https:\/\/shop.ch24.pl\/en\/wp-json\/wp\/v2\/product_brand?post=1874"},{"taxonomy":"product_cat","embeddable":true,"href":"https:\/\/shop.ch24.pl\/en\/wp-json\/wp\/v2\/product_cat?post=1874"},{"taxonomy":"product_tag","embeddable":true,"href":"https:\/\/shop.ch24.pl\/en\/wp-json\/wp\/v2\/product_tag?post=1874"}],"curies":[{"name":"wp","href":"https:\/\/api.w.org\/{rel}","templated":true}]}}