{"id":1875,"date":"2019-11-13T14:58:47","date_gmt":"2019-11-13T14:58:47","guid":{"rendered":"https:\/\/shop.ch24.pl\/product\/driving-gloves-from-tag-heuer\/"},"modified":"2020-01-24T11:50:51","modified_gmt":"2020-01-24T11:50:51","slug":"driving-gloves-from-tag-heuer","status":"publish","type":"product","link":"https:\/\/shop.ch24.pl\/en\/product\/driving-gloves-from-tag-heuer\/","title":{"rendered":"Driving gloves from TAG Heuer"},"content":{"rendered":"<div class=\"wpb-content-wrapper\"><p>[vc_row css=&#8221;.vc_custom_1573127915640{border-top-width: 1px !important;border-top-color: #eeeeee !important;border-top-style: solid !important;}&#8221;][vc_column][\/vc_column][\/vc_row][vc_row content_placement=&#8221;middle&#8221;][vc_column width=&#8221;1\/2&#8243;][vc_empty_space height=&#8221;20px&#8221;][vc_column_text]<\/p>\n<h3>Driving gloves from TAG Heuer<\/h3>\n<p>[\/vc_column_text][vc_empty_space height=&#8221;15px&#8221;][vc_column_text]Tag Heuer is a watch brand keeping very close linkage with motor sport. Through their iconic models like Monaco or Carrera, legendary ambassador Steve McQueen, but also Jack W. Heuer, grand grandchild of brand\u2019s founder, and an avid racing fan, Tag Heuer strengthens their motor sport tradition. Since early 60s, Jack Heuer was attending race tracks to check the accuracy of the brands timekeeping devices. Till this day, Tag Heuer supports motor sport being the official chronometry partner of worldwide tourist vehicles race organized by Federation Internatinale de l\u2019Automobile \u2013 FIA.[\/vc_column_text][vc_empty_space height=&#8221;30px&#8221;][\/vc_column][vc_column width=&#8221;1\/2&#8243;][vc_single_image image=&#8221;1627&#8243; img_size=&#8221;full&#8221; alignment=&#8221;center&#8221;][\/vc_column][\/vc_row]<\/p>\n<\/div>","protected":false},"excerpt":{"rendered":"<p>Inspired by timeless style of Steve McQueen, very manly leather gloves for people living the driving spirit in and outside the car. Kept in distinguishable vintage style, made out of 100% durable and soft natural leather with dark brown toning, these gloves are perfect fulfillment of any autumn attire.<\/p>\n","protected":false},"featured_media":1622,"template":"","meta":{"_acf_changed":false},"woo-feed-brand":[],"product_brand":[],"product_cat":[112],"product_tag":[135,122],"class_list":{"0":"post-1875","1":"product","2":"type-product","3":"status-publish","4":"has-post-thumbnail","6":"product_cat-other","7":"product_tag-gloves","8":"product_tag-tag-heuer-watches","10":"first","11":"outofstock","12":"shipping-taxable","13":"purchasable","14":"product-type-simple"},"acf":[],"yoast_head":"<!-- This site is optimized with the Yoast SEO plugin v27.1.1 - https:\/\/yoast.com\/product\/yoast-seo-wordpress\/ -->\n<title>Driving gloves from TAG Heuer - SHOP.CH24.PL<\/title>\n<meta name=\"robots\" content=\"index, follow, max-snippet:-1, max-image-preview:large, max-video-preview:-1\" \/>\n<link rel=\"canonical\" href=\"https:\/\/shop.ch24.pl\/en\/product\/driving-gloves-from-tag-heuer\/\" \/>\n<meta property=\"og:locale\" content=\"en_US\" \/>\n<meta property=\"og:type\" content=\"article\" \/>\n<meta property=\"og:title\" content=\"Driving gloves from TAG Heuer - SHOP.CH24.PL\" \/>\n<meta property=\"og:description\" content=\"Inspired by timeless style of Steve McQueen, very manly leather gloves for people living the driving spirit in and outside the car. Kept in distinguishable vintage style, made out of 100% durable and soft natural leather with dark brown toning, these gloves are perfect fulfillment of any autumn attire.\" \/>\n<meta property=\"og:url\" content=\"https:\/\/shop.ch24.pl\/en\/product\/driving-gloves-from-tag-heuer\/\" \/>\n<meta property=\"og:site_name\" content=\"SHOP.CH24.PL\" \/>\n<meta property=\"article:modified_time\" content=\"2020-01-24T11:50:51+00:00\" \/>\n<meta property=\"og:image\" content=\"https:\/\/shop.ch24.pl\/wp-content\/uploads\/2019\/11\/Rekawiczki_sportowe_TAG_Heuer_shop_CH24_a.jpg\" \/>\n\t<meta property=\"og:image:width\" content=\"1300\" \/>\n\t<meta property=\"og:image:height\" content=\"1600\" \/>\n\t<meta property=\"og:image:type\" content=\"image\/jpeg\" \/>\n<meta name=\"twitter:card\" content=\"summary_large_image\" \/>\n<meta name=\"twitter:label1\" content=\"Est. reading time\" \/>\n\t<meta name=\"twitter:data1\" content=\"1 minute\" \/>\n<script type=\"application\/ld+json\" class=\"yoast-schema-graph\">{\"@context\":\"https:\/\/schema.org\",\"@graph\":[{\"@type\":\"WebPage\",\"@id\":\"https:\/\/shop.ch24.pl\/en\/product\/driving-gloves-from-tag-heuer\/\",\"url\":\"https:\/\/shop.ch24.pl\/en\/product\/driving-gloves-from-tag-heuer\/\",\"name\":\"Driving gloves from TAG Heuer - SHOP.CH24.PL\",\"isPartOf\":{\"@id\":\"https:\/\/shop.ch24.pl\/en\/#website\"},\"primaryImageOfPage\":{\"@id\":\"https:\/\/shop.ch24.pl\/en\/product\/driving-gloves-from-tag-heuer\/#primaryimage\"},\"image\":{\"@id\":\"https:\/\/shop.ch24.pl\/en\/product\/driving-gloves-from-tag-heuer\/#primaryimage\"},\"thumbnailUrl\":\"https:\/\/shop.ch24.pl\/wp-content\/uploads\/2019\/11\/Rekawiczki_sportowe_TAG_Heuer_shop_CH24_a.jpg\",\"datePublished\":\"2019-11-13T14:58:47+00:00\",\"dateModified\":\"2020-01-24T11:50:51+00:00\",\"breadcrumb\":{\"@id\":\"https:\/\/shop.ch24.pl\/en\/product\/driving-gloves-from-tag-heuer\/#breadcrumb\"},\"inLanguage\":\"en-US\",\"potentialAction\":[{\"@type\":\"ReadAction\",\"target\":[\"https:\/\/shop.ch24.pl\/en\/product\/driving-gloves-from-tag-heuer\/\"]}]},{\"@type\":\"ImageObject\",\"inLanguage\":\"en-US\",\"@id\":\"https:\/\/shop.ch24.pl\/en\/product\/driving-gloves-from-tag-heuer\/#primaryimage\",\"url\":\"https:\/\/shop.ch24.pl\/wp-content\/uploads\/2019\/11\/Rekawiczki_sportowe_TAG_Heuer_shop_CH24_a.jpg\",\"contentUrl\":\"https:\/\/shop.ch24.pl\/wp-content\/uploads\/2019\/11\/Rekawiczki_sportowe_TAG_Heuer_shop_CH24_a.jpg\",\"width\":1300,\"height\":1600,\"caption\":\"Driving gloves from TAG Heuer\"},{\"@type\":\"BreadcrumbList\",\"@id\":\"https:\/\/shop.ch24.pl\/en\/product\/driving-gloves-from-tag-heuer\/#breadcrumb\",\"itemListElement\":[{\"@type\":\"ListItem\",\"position\":1,\"name\":\"Home\",\"item\":\"https:\/\/shop.ch24.pl\/en\/\"},{\"@type\":\"ListItem\",\"position\":2,\"name\":\"Shop\",\"item\":\"https:\/\/shop.ch24.pl\/en\/\"},{\"@type\":\"ListItem\",\"position\":3,\"name\":\"Driving gloves from TAG Heuer\"}]},{\"@type\":\"WebSite\",\"@id\":\"https:\/\/shop.ch24.pl\/en\/#website\",\"url\":\"https:\/\/shop.ch24.pl\/en\/\",\"name\":\"SHOP.CH24.PL\",\"description\":\"Sklep z akcesoriami dla mi\u0142o\u015bnik\u00f3w zegark\u00f3w\",\"publisher\":{\"@id\":\"https:\/\/shop.ch24.pl\/en\/#organization\"},\"potentialAction\":[{\"@type\":\"SearchAction\",\"target\":{\"@type\":\"EntryPoint\",\"urlTemplate\":\"https:\/\/shop.ch24.pl\/en\/?s={search_term_string}\"},\"query-input\":{\"@type\":\"PropertyValueSpecification\",\"valueRequired\":true,\"valueName\":\"search_term_string\"}}],\"inLanguage\":\"en-US\"},{\"@type\":\"Organization\",\"@id\":\"https:\/\/shop.ch24.pl\/en\/#organization\",\"name\":\"SHOP.CH24.PL \u2013 Sklep z akcesoriami dla mi\u0142o\u015bnik\u00f3w zegark\u00f3w\",\"alternateName\":\"Sklep CH24.PL\",\"url\":\"https:\/\/shop.ch24.pl\/en\/\",\"logo\":{\"@type\":\"ImageObject\",\"inLanguage\":\"en-US\",\"@id\":\"https:\/\/shop.ch24.pl\/en\/#\/schema\/logo\/image\/\",\"url\":\"https:\/\/shop.ch24.pl\/wp-content\/uploads\/2018\/04\/shop_ch24_pl_logo_01.png\",\"contentUrl\":\"https:\/\/shop.ch24.pl\/wp-content\/uploads\/2018\/04\/shop_ch24_pl_logo_01.png\",\"width\":320,\"height\":33,\"caption\":\"SHOP.CH24.PL \u2013 Sklep z akcesoriami dla mi\u0142o\u015bnik\u00f3w zegark\u00f3w\"},\"image\":{\"@id\":\"https:\/\/shop.ch24.pl\/en\/#\/schema\/logo\/image\/\"}}]}<\/script>\n<!-- \/ Yoast SEO plugin. -->","yoast_head_json":{"title":"Driving gloves from TAG Heuer - SHOP.CH24.PL","robots":{"index":"index","follow":"follow","max-snippet":"max-snippet:-1","max-image-preview":"max-image-preview:large","max-video-preview":"max-video-preview:-1"},"canonical":"https:\/\/shop.ch24.pl\/en\/product\/driving-gloves-from-tag-heuer\/","og_locale":"en_US","og_type":"article","og_title":"Driving gloves from TAG Heuer - SHOP.CH24.PL","og_description":"Inspired by timeless style of Steve McQueen, very manly leather gloves for people living the driving spirit in and outside the car. Kept in distinguishable vintage style, made out of 100% durable and soft natural leather with dark brown toning, these gloves are perfect fulfillment of any autumn attire.","og_url":"https:\/\/shop.ch24.pl\/en\/product\/driving-gloves-from-tag-heuer\/","og_site_name":"SHOP.CH24.PL","article_modified_time":"2020-01-24T11:50:51+00:00","og_image":[{"width":1300,"height":1600,"url":"https:\/\/shop.ch24.pl\/wp-content\/uploads\/2019\/11\/Rekawiczki_sportowe_TAG_Heuer_shop_CH24_a.jpg","type":"image\/jpeg"}],"twitter_card":"summary_large_image","twitter_misc":{"Est. reading time":"1 minute"},"schema":{"@context":"https:\/\/schema.org","@graph":[{"@type":"WebPage","@id":"https:\/\/shop.ch24.pl\/en\/product\/driving-gloves-from-tag-heuer\/","url":"https:\/\/shop.ch24.pl\/en\/product\/driving-gloves-from-tag-heuer\/","name":"Driving gloves from TAG Heuer - SHOP.CH24.PL","isPartOf":{"@id":"https:\/\/shop.ch24.pl\/en\/#website"},"primaryImageOfPage":{"@id":"https:\/\/shop.ch24.pl\/en\/product\/driving-gloves-from-tag-heuer\/#primaryimage"},"image":{"@id":"https:\/\/shop.ch24.pl\/en\/product\/driving-gloves-from-tag-heuer\/#primaryimage"},"thumbnailUrl":"https:\/\/shop.ch24.pl\/wp-content\/uploads\/2019\/11\/Rekawiczki_sportowe_TAG_Heuer_shop_CH24_a.jpg","datePublished":"2019-11-13T14:58:47+00:00","dateModified":"2020-01-24T11:50:51+00:00","breadcrumb":{"@id":"https:\/\/shop.ch24.pl\/en\/product\/driving-gloves-from-tag-heuer\/#breadcrumb"},"inLanguage":"en-US","potentialAction":[{"@type":"ReadAction","target":["https:\/\/shop.ch24.pl\/en\/product\/driving-gloves-from-tag-heuer\/"]}]},{"@type":"ImageObject","inLanguage":"en-US","@id":"https:\/\/shop.ch24.pl\/en\/product\/driving-gloves-from-tag-heuer\/#primaryimage","url":"https:\/\/shop.ch24.pl\/wp-content\/uploads\/2019\/11\/Rekawiczki_sportowe_TAG_Heuer_shop_CH24_a.jpg","contentUrl":"https:\/\/shop.ch24.pl\/wp-content\/uploads\/2019\/11\/Rekawiczki_sportowe_TAG_Heuer_shop_CH24_a.jpg","width":1300,"height":1600,"caption":"Driving gloves from TAG Heuer"},{"@type":"BreadcrumbList","@id":"https:\/\/shop.ch24.pl\/en\/product\/driving-gloves-from-tag-heuer\/#breadcrumb","itemListElement":[{"@type":"ListItem","position":1,"name":"Home","item":"https:\/\/shop.ch24.pl\/en\/"},{"@type":"ListItem","position":2,"name":"Shop","item":"https:\/\/shop.ch24.pl\/en\/"},{"@type":"ListItem","position":3,"name":"Driving gloves from TAG Heuer"}]},{"@type":"WebSite","@id":"https:\/\/shop.ch24.pl\/en\/#website","url":"https:\/\/shop.ch24.pl\/en\/","name":"SHOP.CH24.PL","description":"Sklep z akcesoriami dla mi\u0142o\u015bnik\u00f3w zegark\u00f3w","publisher":{"@id":"https:\/\/shop.ch24.pl\/en\/#organization"},"potentialAction":[{"@type":"SearchAction","target":{"@type":"EntryPoint","urlTemplate":"https:\/\/shop.ch24.pl\/en\/?s={search_term_string}"},"query-input":{"@type":"PropertyValueSpecification","valueRequired":true,"valueName":"search_term_string"}}],"inLanguage":"en-US"},{"@type":"Organization","@id":"https:\/\/shop.ch24.pl\/en\/#organization","name":"SHOP.CH24.PL \u2013 Sklep z akcesoriami dla mi\u0142o\u015bnik\u00f3w zegark\u00f3w","alternateName":"Sklep CH24.PL","url":"https:\/\/shop.ch24.pl\/en\/","logo":{"@type":"ImageObject","inLanguage":"en-US","@id":"https:\/\/shop.ch24.pl\/en\/#\/schema\/logo\/image\/","url":"https:\/\/shop.ch24.pl\/wp-content\/uploads\/2018\/04\/shop_ch24_pl_logo_01.png","contentUrl":"https:\/\/shop.ch24.pl\/wp-content\/uploads\/2018\/04\/shop_ch24_pl_logo_01.png","width":320,"height":33,"caption":"SHOP.CH24.PL \u2013 Sklep z akcesoriami dla mi\u0142o\u015bnik\u00f3w zegark\u00f3w"},"image":{"@id":"https:\/\/shop.ch24.pl\/en\/#\/schema\/logo\/image\/"}}]}},"_links":{"self":[{"href":"https:\/\/shop.ch24.pl\/en\/wp-json\/wp\/v2\/product\/1875","targetHints":{"allow":["GET"]}}],"collection":[{"href":"https:\/\/shop.ch24.pl\/en\/wp-json\/wp\/v2\/product"}],"about":[{"href":"https:\/\/shop.ch24.pl\/en\/wp-json\/wp\/v2\/types\/product"}],"wp:featuredmedia":[{"embeddable":true,"href":"https:\/\/shop.ch24.pl\/en\/wp-json\/wp\/v2\/media\/1622"}],"wp:attachment":[{"href":"https:\/\/shop.ch24.pl\/en\/wp-json\/wp\/v2\/media?parent=1875"}],"wp:term":[{"taxonomy":"woo-feed-brand","embeddable":true,"href":"https:\/\/shop.ch24.pl\/en\/wp-json\/wp\/v2\/woo-feed-brand?post=1875"},{"taxonomy":"product_brand","embeddable":true,"href":"https:\/\/shop.ch24.pl\/en\/wp-json\/wp\/v2\/product_brand?post=1875"},{"taxonomy":"product_cat","embeddable":true,"href":"https:\/\/shop.ch24.pl\/en\/wp-json\/wp\/v2\/product_cat?post=1875"},{"taxonomy":"product_tag","embeddable":true,"href":"https:\/\/shop.ch24.pl\/en\/wp-json\/wp\/v2\/product_tag?post=1875"}],"curies":[{"name":"wp","href":"https:\/\/api.w.org\/{rel}","templated":true}]}}