{"id":1879,"date":"2019-11-13T17:51:01","date_gmt":"2019-11-13T17:51:01","guid":{"rendered":"https:\/\/shop.ch24.pl\/product\/swiss-army-knife-by-victorinox-with-cogwheels-and-ch24-printing\/"},"modified":"2020-07-13T13:08:35","modified_gmt":"2020-07-13T13:08:35","slug":"swiss-army-knife-by-victorinox-with-cogwheels-and-ch24-printing","status":"publish","type":"product","link":"https:\/\/shop.ch24.pl\/en\/product\/swiss-army-knife-by-victorinox-with-cogwheels-and-ch24-printing\/","title":{"rendered":"Swiss Army Knife by Victorinox with cogwheels and CH24 printing"},"content":{"rendered":"<div class=\"wpb-content-wrapper\"><p>[vc_row css=&#8221;.vc_custom_1523881188082{border-top-width: 1px !important;border-top-color: #eeeeee !important;border-top-style: solid !important;}&#8221;][vc_column][\/vc_column][\/vc_row][vc_row content_placement=&#8221;middle&#8221;][vc_column width=&#8221;1\/2&#8243;][vc_empty_space height=&#8221;20px&#8221;][vc_column_text]<\/p>\n<h3>Swiss Army Knife Victorinox for CH24<\/h3>\n<p>[\/vc_column_text][vc_empty_space height=&#8221;15px&#8221;][vc_column_text]Swiss army knife Spartan has the following tools: big blade, small edge, can opener, 3mm screwdriver, bottle cap opener, 6mm screwdriver, device to remove isolation covers, reamer, spike and awl, corkscrew, toothpick, tweezers and key holder.<\/p>\n<p>Victorinox is a global brand that has products focused on five branches: swiss army knives, kitchen knives and professional knives, watches, bags and travel accessories, perfumes. Swiss army knives are brand\u2019s flagship product, crucial for development of other product lines.[\/vc_column_text][vc_empty_space height=&#8221;30px&#8221;][\/vc_column][vc_column width=&#8221;1\/2&#8243;][vc_single_image image=&#8221;1403&#8243; img_size=&#8221;full&#8221; alignment=&#8221;center&#8221;][\/vc_column][\/vc_row]<\/p>\n<\/div>","protected":false},"excerpt":{"rendered":"<p>Spartan type of this jack-knife it\u2019s a medium sized tool that has 12 very versatile functions that will greatly help in any everyday activities. This presented model is special edition prepared exclusively for CH24. On the one side it has silver logo printed and watch cogwheels on the other. This knife is sold in original Victorinox carton packaging.<\/p>\n","protected":false},"featured_media":1583,"template":"","meta":{"_acf_changed":false},"woo-feed-brand":[],"product_brand":[],"product_cat":[109],"product_tag":[138,139,136],"class_list":{"0":"post-1879","1":"product","2":"type-product","3":"status-publish","4":"has-post-thumbnail","6":"product_cat-tools","7":"product_tag-steel","8":"product_tag-victorinox-en","9":"product_tag-watchmaking-tools","11":"first","12":"instock","13":"shipping-taxable","14":"purchasable","15":"product-type-simple"},"acf":[],"yoast_head":"<!-- This site is optimized with the Yoast SEO plugin v27.1.1 - https:\/\/yoast.com\/product\/yoast-seo-wordpress\/ -->\n<title>Swiss Army Knife by Victorinox with cogwheels and CH24 printing - SHOP.CH24.PL<\/title>\n<meta name=\"description\" content=\"Edition prepared exclusively for CH24. On the one side it has silver logo printed and watch cogwheels on the other.\" \/>\n<meta name=\"robots\" content=\"index, follow, max-snippet:-1, max-image-preview:large, max-video-preview:-1\" \/>\n<link rel=\"canonical\" href=\"https:\/\/shop.ch24.pl\/en\/product\/swiss-army-knife-by-victorinox-with-cogwheels-and-ch24-printing\/\" \/>\n<meta property=\"og:locale\" content=\"en_US\" \/>\n<meta property=\"og:type\" content=\"article\" \/>\n<meta property=\"og:title\" content=\"Swiss Army Knife by Victorinox with cogwheels and CH24 printing - SHOP.CH24.PL\" \/>\n<meta property=\"og:description\" content=\"Edition prepared exclusively for CH24. On the one side it has silver logo printed and watch cogwheels on the other.\" \/>\n<meta property=\"og:url\" content=\"https:\/\/shop.ch24.pl\/en\/product\/swiss-army-knife-by-victorinox-with-cogwheels-and-ch24-printing\/\" \/>\n<meta property=\"og:site_name\" content=\"SHOP.CH24.PL\" \/>\n<meta property=\"article:modified_time\" content=\"2020-07-13T13:08:35+00:00\" \/>\n<meta property=\"og:image\" content=\"https:\/\/shop.ch24.pl\/wp-content\/uploads\/2019\/11\/Victorinox_Spartan_zegarki_shop_CH24_f.jpg\" \/>\n\t<meta property=\"og:image:width\" content=\"1300\" \/>\n\t<meta property=\"og:image:height\" content=\"1600\" \/>\n\t<meta property=\"og:image:type\" content=\"image\/jpeg\" \/>\n<meta name=\"twitter:card\" content=\"summary_large_image\" \/>\n<meta name=\"twitter:label1\" content=\"Est. reading time\" \/>\n\t<meta name=\"twitter:data1\" content=\"1 minute\" \/>\n<script type=\"application\/ld+json\" class=\"yoast-schema-graph\">{\"@context\":\"https:\/\/schema.org\",\"@graph\":[{\"@type\":\"WebPage\",\"@id\":\"https:\/\/shop.ch24.pl\/en\/product\/swiss-army-knife-by-victorinox-with-cogwheels-and-ch24-printing\/\",\"url\":\"https:\/\/shop.ch24.pl\/en\/product\/swiss-army-knife-by-victorinox-with-cogwheels-and-ch24-printing\/\",\"name\":\"Swiss Army Knife by Victorinox with cogwheels and CH24 printing - SHOP.CH24.PL\",\"isPartOf\":{\"@id\":\"https:\/\/shop.ch24.pl\/en\/#website\"},\"primaryImageOfPage\":{\"@id\":\"https:\/\/shop.ch24.pl\/en\/product\/swiss-army-knife-by-victorinox-with-cogwheels-and-ch24-printing\/#primaryimage\"},\"image\":{\"@id\":\"https:\/\/shop.ch24.pl\/en\/product\/swiss-army-knife-by-victorinox-with-cogwheels-and-ch24-printing\/#primaryimage\"},\"thumbnailUrl\":\"https:\/\/shop.ch24.pl\/wp-content\/uploads\/2019\/11\/Victorinox_Spartan_zegarki_shop_CH24_f.jpg\",\"datePublished\":\"2019-11-13T17:51:01+00:00\",\"dateModified\":\"2020-07-13T13:08:35+00:00\",\"description\":\"Edition prepared exclusively for CH24. On the one side it has silver logo printed and watch cogwheels on the other.\",\"breadcrumb\":{\"@id\":\"https:\/\/shop.ch24.pl\/en\/product\/swiss-army-knife-by-victorinox-with-cogwheels-and-ch24-printing\/#breadcrumb\"},\"inLanguage\":\"en-US\",\"potentialAction\":[{\"@type\":\"ReadAction\",\"target\":[\"https:\/\/shop.ch24.pl\/en\/product\/swiss-army-knife-by-victorinox-with-cogwheels-and-ch24-printing\/\"]}]},{\"@type\":\"ImageObject\",\"inLanguage\":\"en-US\",\"@id\":\"https:\/\/shop.ch24.pl\/en\/product\/swiss-army-knife-by-victorinox-with-cogwheels-and-ch24-printing\/#primaryimage\",\"url\":\"https:\/\/shop.ch24.pl\/wp-content\/uploads\/2019\/11\/Victorinox_Spartan_zegarki_shop_CH24_f.jpg\",\"contentUrl\":\"https:\/\/shop.ch24.pl\/wp-content\/uploads\/2019\/11\/Victorinox_Spartan_zegarki_shop_CH24_f.jpg\",\"width\":1300,\"height\":1600,\"caption\":\"Victorinox Spartan CH24\"},{\"@type\":\"BreadcrumbList\",\"@id\":\"https:\/\/shop.ch24.pl\/en\/product\/swiss-army-knife-by-victorinox-with-cogwheels-and-ch24-printing\/#breadcrumb\",\"itemListElement\":[{\"@type\":\"ListItem\",\"position\":1,\"name\":\"Home\",\"item\":\"https:\/\/shop.ch24.pl\/en\/\"},{\"@type\":\"ListItem\",\"position\":2,\"name\":\"Shop\",\"item\":\"https:\/\/shop.ch24.pl\/en\/\"},{\"@type\":\"ListItem\",\"position\":3,\"name\":\"Swiss Army Knife by Victorinox with cogwheels and CH24 printing\"}]},{\"@type\":\"WebSite\",\"@id\":\"https:\/\/shop.ch24.pl\/en\/#website\",\"url\":\"https:\/\/shop.ch24.pl\/en\/\",\"name\":\"SHOP.CH24.PL\",\"description\":\"Sklep z akcesoriami dla mi\u0142o\u015bnik\u00f3w zegark\u00f3w\",\"publisher\":{\"@id\":\"https:\/\/shop.ch24.pl\/en\/#organization\"},\"potentialAction\":[{\"@type\":\"SearchAction\",\"target\":{\"@type\":\"EntryPoint\",\"urlTemplate\":\"https:\/\/shop.ch24.pl\/en\/?s={search_term_string}\"},\"query-input\":{\"@type\":\"PropertyValueSpecification\",\"valueRequired\":true,\"valueName\":\"search_term_string\"}}],\"inLanguage\":\"en-US\"},{\"@type\":\"Organization\",\"@id\":\"https:\/\/shop.ch24.pl\/en\/#organization\",\"name\":\"SHOP.CH24.PL \u2013 Sklep z akcesoriami dla mi\u0142o\u015bnik\u00f3w zegark\u00f3w\",\"alternateName\":\"Sklep CH24.PL\",\"url\":\"https:\/\/shop.ch24.pl\/en\/\",\"logo\":{\"@type\":\"ImageObject\",\"inLanguage\":\"en-US\",\"@id\":\"https:\/\/shop.ch24.pl\/en\/#\/schema\/logo\/image\/\",\"url\":\"https:\/\/shop.ch24.pl\/wp-content\/uploads\/2018\/04\/shop_ch24_pl_logo_01.png\",\"contentUrl\":\"https:\/\/shop.ch24.pl\/wp-content\/uploads\/2018\/04\/shop_ch24_pl_logo_01.png\",\"width\":320,\"height\":33,\"caption\":\"SHOP.CH24.PL \u2013 Sklep z akcesoriami dla mi\u0142o\u015bnik\u00f3w zegark\u00f3w\"},\"image\":{\"@id\":\"https:\/\/shop.ch24.pl\/en\/#\/schema\/logo\/image\/\"}}]}<\/script>\n<!-- \/ Yoast SEO plugin. -->","yoast_head_json":{"title":"Swiss Army Knife by Victorinox with cogwheels and CH24 printing - SHOP.CH24.PL","description":"Edition prepared exclusively for CH24. On the one side it has silver logo printed and watch cogwheels on the other.","robots":{"index":"index","follow":"follow","max-snippet":"max-snippet:-1","max-image-preview":"max-image-preview:large","max-video-preview":"max-video-preview:-1"},"canonical":"https:\/\/shop.ch24.pl\/en\/product\/swiss-army-knife-by-victorinox-with-cogwheels-and-ch24-printing\/","og_locale":"en_US","og_type":"article","og_title":"Swiss Army Knife by Victorinox with cogwheels and CH24 printing - SHOP.CH24.PL","og_description":"Edition prepared exclusively for CH24. On the one side it has silver logo printed and watch cogwheels on the other.","og_url":"https:\/\/shop.ch24.pl\/en\/product\/swiss-army-knife-by-victorinox-with-cogwheels-and-ch24-printing\/","og_site_name":"SHOP.CH24.PL","article_modified_time":"2020-07-13T13:08:35+00:00","og_image":[{"width":1300,"height":1600,"url":"https:\/\/shop.ch24.pl\/wp-content\/uploads\/2019\/11\/Victorinox_Spartan_zegarki_shop_CH24_f.jpg","type":"image\/jpeg"}],"twitter_card":"summary_large_image","twitter_misc":{"Est. reading time":"1 minute"},"schema":{"@context":"https:\/\/schema.org","@graph":[{"@type":"WebPage","@id":"https:\/\/shop.ch24.pl\/en\/product\/swiss-army-knife-by-victorinox-with-cogwheels-and-ch24-printing\/","url":"https:\/\/shop.ch24.pl\/en\/product\/swiss-army-knife-by-victorinox-with-cogwheels-and-ch24-printing\/","name":"Swiss Army Knife by Victorinox with cogwheels and CH24 printing - SHOP.CH24.PL","isPartOf":{"@id":"https:\/\/shop.ch24.pl\/en\/#website"},"primaryImageOfPage":{"@id":"https:\/\/shop.ch24.pl\/en\/product\/swiss-army-knife-by-victorinox-with-cogwheels-and-ch24-printing\/#primaryimage"},"image":{"@id":"https:\/\/shop.ch24.pl\/en\/product\/swiss-army-knife-by-victorinox-with-cogwheels-and-ch24-printing\/#primaryimage"},"thumbnailUrl":"https:\/\/shop.ch24.pl\/wp-content\/uploads\/2019\/11\/Victorinox_Spartan_zegarki_shop_CH24_f.jpg","datePublished":"2019-11-13T17:51:01+00:00","dateModified":"2020-07-13T13:08:35+00:00","description":"Edition prepared exclusively for CH24. On the one side it has silver logo printed and watch cogwheels on the other.","breadcrumb":{"@id":"https:\/\/shop.ch24.pl\/en\/product\/swiss-army-knife-by-victorinox-with-cogwheels-and-ch24-printing\/#breadcrumb"},"inLanguage":"en-US","potentialAction":[{"@type":"ReadAction","target":["https:\/\/shop.ch24.pl\/en\/product\/swiss-army-knife-by-victorinox-with-cogwheels-and-ch24-printing\/"]}]},{"@type":"ImageObject","inLanguage":"en-US","@id":"https:\/\/shop.ch24.pl\/en\/product\/swiss-army-knife-by-victorinox-with-cogwheels-and-ch24-printing\/#primaryimage","url":"https:\/\/shop.ch24.pl\/wp-content\/uploads\/2019\/11\/Victorinox_Spartan_zegarki_shop_CH24_f.jpg","contentUrl":"https:\/\/shop.ch24.pl\/wp-content\/uploads\/2019\/11\/Victorinox_Spartan_zegarki_shop_CH24_f.jpg","width":1300,"height":1600,"caption":"Victorinox Spartan CH24"},{"@type":"BreadcrumbList","@id":"https:\/\/shop.ch24.pl\/en\/product\/swiss-army-knife-by-victorinox-with-cogwheels-and-ch24-printing\/#breadcrumb","itemListElement":[{"@type":"ListItem","position":1,"name":"Home","item":"https:\/\/shop.ch24.pl\/en\/"},{"@type":"ListItem","position":2,"name":"Shop","item":"https:\/\/shop.ch24.pl\/en\/"},{"@type":"ListItem","position":3,"name":"Swiss Army Knife by Victorinox with cogwheels and CH24 printing"}]},{"@type":"WebSite","@id":"https:\/\/shop.ch24.pl\/en\/#website","url":"https:\/\/shop.ch24.pl\/en\/","name":"SHOP.CH24.PL","description":"Sklep z akcesoriami dla mi\u0142o\u015bnik\u00f3w zegark\u00f3w","publisher":{"@id":"https:\/\/shop.ch24.pl\/en\/#organization"},"potentialAction":[{"@type":"SearchAction","target":{"@type":"EntryPoint","urlTemplate":"https:\/\/shop.ch24.pl\/en\/?s={search_term_string}"},"query-input":{"@type":"PropertyValueSpecification","valueRequired":true,"valueName":"search_term_string"}}],"inLanguage":"en-US"},{"@type":"Organization","@id":"https:\/\/shop.ch24.pl\/en\/#organization","name":"SHOP.CH24.PL \u2013 Sklep z akcesoriami dla mi\u0142o\u015bnik\u00f3w zegark\u00f3w","alternateName":"Sklep CH24.PL","url":"https:\/\/shop.ch24.pl\/en\/","logo":{"@type":"ImageObject","inLanguage":"en-US","@id":"https:\/\/shop.ch24.pl\/en\/#\/schema\/logo\/image\/","url":"https:\/\/shop.ch24.pl\/wp-content\/uploads\/2018\/04\/shop_ch24_pl_logo_01.png","contentUrl":"https:\/\/shop.ch24.pl\/wp-content\/uploads\/2018\/04\/shop_ch24_pl_logo_01.png","width":320,"height":33,"caption":"SHOP.CH24.PL \u2013 Sklep z akcesoriami dla mi\u0142o\u015bnik\u00f3w zegark\u00f3w"},"image":{"@id":"https:\/\/shop.ch24.pl\/en\/#\/schema\/logo\/image\/"}}]}},"_links":{"self":[{"href":"https:\/\/shop.ch24.pl\/en\/wp-json\/wp\/v2\/product\/1879","targetHints":{"allow":["GET"]}}],"collection":[{"href":"https:\/\/shop.ch24.pl\/en\/wp-json\/wp\/v2\/product"}],"about":[{"href":"https:\/\/shop.ch24.pl\/en\/wp-json\/wp\/v2\/types\/product"}],"wp:featuredmedia":[{"embeddable":true,"href":"https:\/\/shop.ch24.pl\/en\/wp-json\/wp\/v2\/media\/1583"}],"wp:attachment":[{"href":"https:\/\/shop.ch24.pl\/en\/wp-json\/wp\/v2\/media?parent=1879"}],"wp:term":[{"taxonomy":"woo-feed-brand","embeddable":true,"href":"https:\/\/shop.ch24.pl\/en\/wp-json\/wp\/v2\/woo-feed-brand?post=1879"},{"taxonomy":"product_brand","embeddable":true,"href":"https:\/\/shop.ch24.pl\/en\/wp-json\/wp\/v2\/product_brand?post=1879"},{"taxonomy":"product_cat","embeddable":true,"href":"https:\/\/shop.ch24.pl\/en\/wp-json\/wp\/v2\/product_cat?post=1879"},{"taxonomy":"product_tag","embeddable":true,"href":"https:\/\/shop.ch24.pl\/en\/wp-json\/wp\/v2\/product_tag?post=1879"}],"curies":[{"name":"wp","href":"https:\/\/api.w.org\/{rel}","templated":true}]}}