{"id":1881,"date":"2019-11-13T16:15:15","date_gmt":"2019-11-13T16:15:15","guid":{"rendered":"https:\/\/shop.ch24.pl\/product\/burgundy-watch-strap-from-crazy-horse-leather-20-mm\/"},"modified":"2020-05-05T11:59:31","modified_gmt":"2020-05-05T11:59:31","slug":"burgundy-watch-strap-made-of-crazy-horse-leather-20-mm","status":"publish","type":"product","link":"https:\/\/shop.ch24.pl\/en\/product\/burgundy-watch-strap-made-of-crazy-horse-leather-20-mm\/","title":{"rendered":"Burgundy watch strap made of crazy horse leather 20 mm"},"content":{"rendered":"<div class=\"wpb-content-wrapper\"><p>[vc_row css=&#8221;.vc_custom_1523881188082{border-top-width: 1px !important;border-top-color: #eeeeee !important;border-top-style: solid !important;}&#8221;][vc_column][\/vc_column][\/vc_row][vc_row content_placement=&#8221;middle&#8221;][vc_column width=&#8221;1\/2&#8243;][vc_empty_space height=&#8221;20px&#8221;][vc_column_text]<\/p>\n<h3>Burgundy watch strap made of crazy horse leather 20 mm<\/h3>\n<p>[\/vc_column_text][vc_empty_space height=&#8221;15px&#8221;][vc_column_text]Unique watch strap added even to a very popular watch model can totally change its look by adding elegance or when needed, something totally different \u2013 a sporty flair. Straps made out of highest quality leathers will gain beautiful look over time by wearing them and we can be sure that two identical looking straps are almost impossible to spot. Handmade \u201cartisanal\u201d process used here to create those beautiful accessories also enriches them in a very unique way.<\/p>\n<p>Presented model has CH24 logo on the inside of the strap.[\/vc_column_text][vc_empty_space height=&#8221;30px&#8221;][\/vc_column][vc_column width=&#8221;1\/2&#8243;][vc_single_image image=&#8221;1606&#8243; img_size=&#8221;full&#8221; alignment=&#8221;center&#8221;][\/vc_column][\/vc_row][vc_row][vc_column][\/vc_column][\/vc_row][vc_row content_placement=&#8221;middle&#8221;][vc_column width=&#8221;1\/2&#8243;][vc_single_image image=&#8221;1337&#8243; img_size=&#8221;large&#8221; alignment=&#8221;center&#8221;][\/vc_column][vc_column width=&#8221;1\/2&#8243;][vc_empty_space height=&#8221;20px&#8221;][vc_column_text]<\/p>\n<h3>J.F.Szymaniak<\/h3>\n<p>[\/vc_column_text][vc_empty_space height=&#8221;15px&#8221;][vc_column_text]Belonging to Jakub Filip Szymaniak workshop is a unique place where bespoke leather accessories are being made on enquiry with highest quality materials using only traditional pursemaking techniques. His love to fine watchmaking, meticulous attention to detail and one of a kind skill to create beautiful things from leather made his workshop a special place on the highest quality leather straps map. Every creation is handmade using only finest leather that will guarantee durability and will age beautifully.[\/vc_column_text][vc_empty_space height=&#8221;30px&#8221;][\/vc_column][\/vc_row]<\/p>\n<\/div>","protected":false},"excerpt":{"rendered":"<p>By changing the strap you can easily adjust your watch to be worn on almost every occasion. This beautiful, burgundy model, fully handmade in Jakub Filip Szymaniak workshop is made of 100% waxed crazy horse leather. Over time it will sure get new toning on folded parts that will definitely enrich it beautifully.<\/p>\n","protected":false},"featured_media":1603,"template":"","meta":{"_acf_changed":false},"woo-feed-brand":[],"product_brand":[],"product_cat":[111],"product_tag":[142,146,132,140],"class_list":{"0":"post-1881","1":"product","2":"type-product","3":"status-publish","4":"has-post-thumbnail","6":"product_cat-straps","7":"product_tag-jakub-filip-szymaniak-strapmaker","8":"product_tag-jfs-straps","9":"product_tag-leather","10":"product_tag-watch-strap","12":"first","13":"instock","14":"shipping-taxable","15":"purchasable","16":"product-type-simple"},"acf":[],"yoast_head":"<!-- This site is optimized with the Yoast SEO plugin v27.1.1 - https:\/\/yoast.com\/product\/yoast-seo-wordpress\/ -->\n<title>Burgundy watch strap made of crazy horse leather 20 mm - SHOP.CH24.PL<\/title>\n<meta name=\"description\" content=\"This beautiful, burgundy watch strap, fully handmade in J.F.Szymaniak workshop is made of 100% waxed crazy horse leather.\" \/>\n<meta name=\"robots\" content=\"index, follow, max-snippet:-1, max-image-preview:large, max-video-preview:-1\" \/>\n<link rel=\"canonical\" href=\"https:\/\/shop.ch24.pl\/en\/product\/burgundy-watch-strap-made-of-crazy-horse-leather-20-mm\/\" \/>\n<meta property=\"og:locale\" content=\"en_US\" \/>\n<meta property=\"og:type\" content=\"article\" \/>\n<meta property=\"og:title\" content=\"Burgundy watch strap made of crazy horse leather 20 mm - SHOP.CH24.PL\" \/>\n<meta property=\"og:description\" content=\"This beautiful, burgundy watch strap, fully handmade in J.F.Szymaniak workshop is made of 100% waxed crazy horse leather.\" \/>\n<meta property=\"og:url\" content=\"https:\/\/shop.ch24.pl\/en\/product\/burgundy-watch-strap-made-of-crazy-horse-leather-20-mm\/\" \/>\n<meta property=\"og:site_name\" content=\"SHOP.CH24.PL\" \/>\n<meta property=\"article:modified_time\" content=\"2020-05-05T11:59:31+00:00\" \/>\n<meta property=\"og:image\" content=\"https:\/\/shop.ch24.pl\/wp-content\/uploads\/2019\/11\/Pasek_do_zegarka_ze_skory_typu_crazy_horse_shop_CH24_a.jpg\" \/>\n\t<meta property=\"og:image:width\" content=\"1300\" \/>\n\t<meta property=\"og:image:height\" content=\"1600\" \/>\n\t<meta property=\"og:image:type\" content=\"image\/jpeg\" \/>\n<meta name=\"twitter:card\" content=\"summary_large_image\" \/>\n<meta name=\"twitter:label1\" content=\"Est. reading time\" \/>\n\t<meta name=\"twitter:data1\" content=\"2 minutes\" \/>\n<script type=\"application\/ld+json\" class=\"yoast-schema-graph\">{\"@context\":\"https:\/\/schema.org\",\"@graph\":[{\"@type\":\"WebPage\",\"@id\":\"https:\/\/shop.ch24.pl\/en\/product\/burgundy-watch-strap-made-of-crazy-horse-leather-20-mm\/\",\"url\":\"https:\/\/shop.ch24.pl\/en\/product\/burgundy-watch-strap-made-of-crazy-horse-leather-20-mm\/\",\"name\":\"Burgundy watch strap made of crazy horse leather 20 mm - SHOP.CH24.PL\",\"isPartOf\":{\"@id\":\"https:\/\/shop.ch24.pl\/en\/#website\"},\"primaryImageOfPage\":{\"@id\":\"https:\/\/shop.ch24.pl\/en\/product\/burgundy-watch-strap-made-of-crazy-horse-leather-20-mm\/#primaryimage\"},\"image\":{\"@id\":\"https:\/\/shop.ch24.pl\/en\/product\/burgundy-watch-strap-made-of-crazy-horse-leather-20-mm\/#primaryimage\"},\"thumbnailUrl\":\"https:\/\/shop.ch24.pl\/wp-content\/uploads\/2019\/11\/Pasek_do_zegarka_ze_skory_typu_crazy_horse_shop_CH24_a.jpg\",\"datePublished\":\"2019-11-13T16:15:15+00:00\",\"dateModified\":\"2020-05-05T11:59:31+00:00\",\"description\":\"This beautiful, burgundy watch strap, fully handmade in J.F.Szymaniak workshop is made of 100% waxed crazy horse leather.\",\"breadcrumb\":{\"@id\":\"https:\/\/shop.ch24.pl\/en\/product\/burgundy-watch-strap-made-of-crazy-horse-leather-20-mm\/#breadcrumb\"},\"inLanguage\":\"en-US\",\"potentialAction\":[{\"@type\":\"ReadAction\",\"target\":[\"https:\/\/shop.ch24.pl\/en\/product\/burgundy-watch-strap-made-of-crazy-horse-leather-20-mm\/\"]}]},{\"@type\":\"ImageObject\",\"inLanguage\":\"en-US\",\"@id\":\"https:\/\/shop.ch24.pl\/en\/product\/burgundy-watch-strap-made-of-crazy-horse-leather-20-mm\/#primaryimage\",\"url\":\"https:\/\/shop.ch24.pl\/wp-content\/uploads\/2019\/11\/Pasek_do_zegarka_ze_skory_typu_crazy_horse_shop_CH24_a.jpg\",\"contentUrl\":\"https:\/\/shop.ch24.pl\/wp-content\/uploads\/2019\/11\/Pasek_do_zegarka_ze_skory_typu_crazy_horse_shop_CH24_a.jpg\",\"width\":1300,\"height\":1600,\"caption\":\"Burgundy watch strap made of crazy horse leather 20 mm\"},{\"@type\":\"BreadcrumbList\",\"@id\":\"https:\/\/shop.ch24.pl\/en\/product\/burgundy-watch-strap-made-of-crazy-horse-leather-20-mm\/#breadcrumb\",\"itemListElement\":[{\"@type\":\"ListItem\",\"position\":1,\"name\":\"Home\",\"item\":\"https:\/\/shop.ch24.pl\/en\/\"},{\"@type\":\"ListItem\",\"position\":2,\"name\":\"Shop\",\"item\":\"https:\/\/shop.ch24.pl\/en\/\"},{\"@type\":\"ListItem\",\"position\":3,\"name\":\"Burgundy watch strap made of crazy horse leather 20 mm\"}]},{\"@type\":\"WebSite\",\"@id\":\"https:\/\/shop.ch24.pl\/en\/#website\",\"url\":\"https:\/\/shop.ch24.pl\/en\/\",\"name\":\"SHOP.CH24.PL\",\"description\":\"Sklep z akcesoriami dla mi\u0142o\u015bnik\u00f3w zegark\u00f3w\",\"publisher\":{\"@id\":\"https:\/\/shop.ch24.pl\/en\/#organization\"},\"potentialAction\":[{\"@type\":\"SearchAction\",\"target\":{\"@type\":\"EntryPoint\",\"urlTemplate\":\"https:\/\/shop.ch24.pl\/en\/?s={search_term_string}\"},\"query-input\":{\"@type\":\"PropertyValueSpecification\",\"valueRequired\":true,\"valueName\":\"search_term_string\"}}],\"inLanguage\":\"en-US\"},{\"@type\":\"Organization\",\"@id\":\"https:\/\/shop.ch24.pl\/en\/#organization\",\"name\":\"SHOP.CH24.PL \u2013 Sklep z akcesoriami dla mi\u0142o\u015bnik\u00f3w zegark\u00f3w\",\"alternateName\":\"Sklep CH24.PL\",\"url\":\"https:\/\/shop.ch24.pl\/en\/\",\"logo\":{\"@type\":\"ImageObject\",\"inLanguage\":\"en-US\",\"@id\":\"https:\/\/shop.ch24.pl\/en\/#\/schema\/logo\/image\/\",\"url\":\"https:\/\/shop.ch24.pl\/wp-content\/uploads\/2018\/04\/shop_ch24_pl_logo_01.png\",\"contentUrl\":\"https:\/\/shop.ch24.pl\/wp-content\/uploads\/2018\/04\/shop_ch24_pl_logo_01.png\",\"width\":320,\"height\":33,\"caption\":\"SHOP.CH24.PL \u2013 Sklep z akcesoriami dla mi\u0142o\u015bnik\u00f3w zegark\u00f3w\"},\"image\":{\"@id\":\"https:\/\/shop.ch24.pl\/en\/#\/schema\/logo\/image\/\"}}]}<\/script>\n<!-- \/ Yoast SEO plugin. -->","yoast_head_json":{"title":"Burgundy watch strap made of crazy horse leather 20 mm - SHOP.CH24.PL","description":"This beautiful, burgundy watch strap, fully handmade in J.F.Szymaniak workshop is made of 100% waxed crazy horse leather.","robots":{"index":"index","follow":"follow","max-snippet":"max-snippet:-1","max-image-preview":"max-image-preview:large","max-video-preview":"max-video-preview:-1"},"canonical":"https:\/\/shop.ch24.pl\/en\/product\/burgundy-watch-strap-made-of-crazy-horse-leather-20-mm\/","og_locale":"en_US","og_type":"article","og_title":"Burgundy watch strap made of crazy horse leather 20 mm - SHOP.CH24.PL","og_description":"This beautiful, burgundy watch strap, fully handmade in J.F.Szymaniak workshop is made of 100% waxed crazy horse leather.","og_url":"https:\/\/shop.ch24.pl\/en\/product\/burgundy-watch-strap-made-of-crazy-horse-leather-20-mm\/","og_site_name":"SHOP.CH24.PL","article_modified_time":"2020-05-05T11:59:31+00:00","og_image":[{"width":1300,"height":1600,"url":"https:\/\/shop.ch24.pl\/wp-content\/uploads\/2019\/11\/Pasek_do_zegarka_ze_skory_typu_crazy_horse_shop_CH24_a.jpg","type":"image\/jpeg"}],"twitter_card":"summary_large_image","twitter_misc":{"Est. reading time":"2 minutes"},"schema":{"@context":"https:\/\/schema.org","@graph":[{"@type":"WebPage","@id":"https:\/\/shop.ch24.pl\/en\/product\/burgundy-watch-strap-made-of-crazy-horse-leather-20-mm\/","url":"https:\/\/shop.ch24.pl\/en\/product\/burgundy-watch-strap-made-of-crazy-horse-leather-20-mm\/","name":"Burgundy watch strap made of crazy horse leather 20 mm - SHOP.CH24.PL","isPartOf":{"@id":"https:\/\/shop.ch24.pl\/en\/#website"},"primaryImageOfPage":{"@id":"https:\/\/shop.ch24.pl\/en\/product\/burgundy-watch-strap-made-of-crazy-horse-leather-20-mm\/#primaryimage"},"image":{"@id":"https:\/\/shop.ch24.pl\/en\/product\/burgundy-watch-strap-made-of-crazy-horse-leather-20-mm\/#primaryimage"},"thumbnailUrl":"https:\/\/shop.ch24.pl\/wp-content\/uploads\/2019\/11\/Pasek_do_zegarka_ze_skory_typu_crazy_horse_shop_CH24_a.jpg","datePublished":"2019-11-13T16:15:15+00:00","dateModified":"2020-05-05T11:59:31+00:00","description":"This beautiful, burgundy watch strap, fully handmade in J.F.Szymaniak workshop is made of 100% waxed crazy horse leather.","breadcrumb":{"@id":"https:\/\/shop.ch24.pl\/en\/product\/burgundy-watch-strap-made-of-crazy-horse-leather-20-mm\/#breadcrumb"},"inLanguage":"en-US","potentialAction":[{"@type":"ReadAction","target":["https:\/\/shop.ch24.pl\/en\/product\/burgundy-watch-strap-made-of-crazy-horse-leather-20-mm\/"]}]},{"@type":"ImageObject","inLanguage":"en-US","@id":"https:\/\/shop.ch24.pl\/en\/product\/burgundy-watch-strap-made-of-crazy-horse-leather-20-mm\/#primaryimage","url":"https:\/\/shop.ch24.pl\/wp-content\/uploads\/2019\/11\/Pasek_do_zegarka_ze_skory_typu_crazy_horse_shop_CH24_a.jpg","contentUrl":"https:\/\/shop.ch24.pl\/wp-content\/uploads\/2019\/11\/Pasek_do_zegarka_ze_skory_typu_crazy_horse_shop_CH24_a.jpg","width":1300,"height":1600,"caption":"Burgundy watch strap made of crazy horse leather 20 mm"},{"@type":"BreadcrumbList","@id":"https:\/\/shop.ch24.pl\/en\/product\/burgundy-watch-strap-made-of-crazy-horse-leather-20-mm\/#breadcrumb","itemListElement":[{"@type":"ListItem","position":1,"name":"Home","item":"https:\/\/shop.ch24.pl\/en\/"},{"@type":"ListItem","position":2,"name":"Shop","item":"https:\/\/shop.ch24.pl\/en\/"},{"@type":"ListItem","position":3,"name":"Burgundy watch strap made of crazy horse leather 20 mm"}]},{"@type":"WebSite","@id":"https:\/\/shop.ch24.pl\/en\/#website","url":"https:\/\/shop.ch24.pl\/en\/","name":"SHOP.CH24.PL","description":"Sklep z akcesoriami dla mi\u0142o\u015bnik\u00f3w zegark\u00f3w","publisher":{"@id":"https:\/\/shop.ch24.pl\/en\/#organization"},"potentialAction":[{"@type":"SearchAction","target":{"@type":"EntryPoint","urlTemplate":"https:\/\/shop.ch24.pl\/en\/?s={search_term_string}"},"query-input":{"@type":"PropertyValueSpecification","valueRequired":true,"valueName":"search_term_string"}}],"inLanguage":"en-US"},{"@type":"Organization","@id":"https:\/\/shop.ch24.pl\/en\/#organization","name":"SHOP.CH24.PL \u2013 Sklep z akcesoriami dla mi\u0142o\u015bnik\u00f3w zegark\u00f3w","alternateName":"Sklep CH24.PL","url":"https:\/\/shop.ch24.pl\/en\/","logo":{"@type":"ImageObject","inLanguage":"en-US","@id":"https:\/\/shop.ch24.pl\/en\/#\/schema\/logo\/image\/","url":"https:\/\/shop.ch24.pl\/wp-content\/uploads\/2018\/04\/shop_ch24_pl_logo_01.png","contentUrl":"https:\/\/shop.ch24.pl\/wp-content\/uploads\/2018\/04\/shop_ch24_pl_logo_01.png","width":320,"height":33,"caption":"SHOP.CH24.PL \u2013 Sklep z akcesoriami dla mi\u0142o\u015bnik\u00f3w zegark\u00f3w"},"image":{"@id":"https:\/\/shop.ch24.pl\/en\/#\/schema\/logo\/image\/"}}]}},"_links":{"self":[{"href":"https:\/\/shop.ch24.pl\/en\/wp-json\/wp\/v2\/product\/1881","targetHints":{"allow":["GET"]}}],"collection":[{"href":"https:\/\/shop.ch24.pl\/en\/wp-json\/wp\/v2\/product"}],"about":[{"href":"https:\/\/shop.ch24.pl\/en\/wp-json\/wp\/v2\/types\/product"}],"wp:featuredmedia":[{"embeddable":true,"href":"https:\/\/shop.ch24.pl\/en\/wp-json\/wp\/v2\/media\/1603"}],"wp:attachment":[{"href":"https:\/\/shop.ch24.pl\/en\/wp-json\/wp\/v2\/media?parent=1881"}],"wp:term":[{"taxonomy":"woo-feed-brand","embeddable":true,"href":"https:\/\/shop.ch24.pl\/en\/wp-json\/wp\/v2\/woo-feed-brand?post=1881"},{"taxonomy":"product_brand","embeddable":true,"href":"https:\/\/shop.ch24.pl\/en\/wp-json\/wp\/v2\/product_brand?post=1881"},{"taxonomy":"product_cat","embeddable":true,"href":"https:\/\/shop.ch24.pl\/en\/wp-json\/wp\/v2\/product_cat?post=1881"},{"taxonomy":"product_tag","embeddable":true,"href":"https:\/\/shop.ch24.pl\/en\/wp-json\/wp\/v2\/product_tag?post=1881"}],"curies":[{"name":"wp","href":"https:\/\/api.w.org\/{rel}","templated":true}]}}