{"id":2234,"date":"2019-12-23T12:18:56","date_gmt":"2019-12-23T12:18:56","guid":{"rendered":"https:\/\/shop.ch24.pl\/?post_type=product&#038;p=2234"},"modified":"2021-08-02T16:19:28","modified_gmt":"2021-08-02T16:19:28","slug":"watch-bracelet-pin-remover-bergeon-7230","status":"publish","type":"product","link":"https:\/\/shop.ch24.pl\/en\/product\/watch-bracelet-pin-remover-bergeon-7230\/","title":{"rendered":"Watch Bracelet Pin Remover Bergeon 7230"},"content":{"rendered":"<div class=\"wpb-content-wrapper\"><p>[vc_row css=&#8221;.vc_custom_1573127915640{border-top-width: 1px !important;border-top-color: #eeeeee !important;border-top-style: solid !important;}&#8221;][vc_column][\/vc_column][\/vc_row][vc_row content_placement=&#8221;middle&#8221;][vc_column width=&#8221;1\/2&#8243;][vc_empty_space height=&#8221;20px&#8221;][vc_column_text]<\/p>\n<h3>Bergeon<\/h3>\n<p>[\/vc_column_text][vc_empty_space height=&#8221;15px&#8221;][vc_column_text]Bergeon &#038; Cie is a prestigious Swiss brand established in 1791. It\u2019s world leader in driving innovation and producing precise tools for watchmaking and jewelry industry. Bergeon constantly improves their product by taking into consideration customer\u2019s feedback, no matter when it comes to small improvements or total re-designing of their tools. Bergeon tools are truly benchmark level when it comes to precise tools for production, adjustments and repairing of watches from any brand.[\/vc_column_text][vc_empty_space height=&#8221;30px&#8221;][\/vc_column][vc_column width=&#8221;1\/2&#8243;][vc_single_image image=&#8221;2241&#8243; img_size=&#8221;full&#8221; alignment=&#8221;center&#8221;][\/vc_column][\/vc_row]<\/p>\n<\/div>","protected":false},"excerpt":{"rendered":"<p>If we don\u2019t want to visit a watchmaker with any minor adjustment needed for our watch it\u2019s good to have at least a basic watchmaking tools set. This presented device from renowned Swiss brand Bergeon is designed to remove pins from bracelets. Supplied with spacer for use with three thicknesses of bracelets.<\/p>\n","protected":false},"featured_media":2236,"template":"","meta":{"_acf_changed":false},"woo-feed-brand":[],"product_brand":[],"product_cat":[109],"product_tag":[137,138,136],"class_list":{"0":"post-2234","1":"product","2":"type-product","3":"status-publish","4":"has-post-thumbnail","6":"product_cat-tools","7":"product_tag-bergeon-en","8":"product_tag-steel","9":"product_tag-watchmaking-tools","11":"first","12":"instock","13":"featured","14":"shipping-taxable","15":"purchasable","16":"product-type-simple"},"acf":[],"yoast_head":"<!-- This site is optimized with the Yoast SEO plugin v27.1.1 - https:\/\/yoast.com\/product\/yoast-seo-wordpress\/ -->\n<title>Watch Bracelet Pin Remover Bergeon 7230 - SHOP.CH24.PL<\/title>\n<meta name=\"description\" content=\"This presented device from renowned Swiss brand Bergeon is designed to remove pins from bracelets.\" \/>\n<meta name=\"robots\" content=\"index, follow, max-snippet:-1, max-image-preview:large, max-video-preview:-1\" \/>\n<link rel=\"canonical\" href=\"https:\/\/shop.ch24.pl\/en\/product\/watch-bracelet-pin-remover-bergeon-7230\/\" \/>\n<meta property=\"og:locale\" content=\"en_US\" \/>\n<meta property=\"og:type\" content=\"article\" \/>\n<meta property=\"og:title\" content=\"Watch Bracelet Pin Remover Bergeon 7230 - SHOP.CH24.PL\" \/>\n<meta property=\"og:description\" content=\"This presented device from renowned Swiss brand Bergeon is designed to remove pins from bracelets.\" \/>\n<meta property=\"og:url\" content=\"https:\/\/shop.ch24.pl\/en\/product\/watch-bracelet-pin-remover-bergeon-7230\/\" \/>\n<meta property=\"og:site_name\" content=\"SHOP.CH24.PL\" \/>\n<meta property=\"article:modified_time\" content=\"2021-08-02T16:19:28+00:00\" \/>\n<meta property=\"og:image\" content=\"https:\/\/shop.ch24.pl\/wp-content\/uploads\/2019\/12\/bergeon_7230_shop_ch24_a.jpg\" \/>\n\t<meta property=\"og:image:width\" content=\"1300\" \/>\n\t<meta property=\"og:image:height\" content=\"1600\" \/>\n\t<meta property=\"og:image:type\" content=\"image\/jpeg\" \/>\n<meta name=\"twitter:card\" content=\"summary_large_image\" \/>\n<meta name=\"twitter:label1\" content=\"Est. reading time\" \/>\n\t<meta name=\"twitter:data1\" content=\"1 minute\" \/>\n<script type=\"application\/ld+json\" class=\"yoast-schema-graph\">{\"@context\":\"https:\/\/schema.org\",\"@graph\":[{\"@type\":\"WebPage\",\"@id\":\"https:\/\/shop.ch24.pl\/en\/product\/watch-bracelet-pin-remover-bergeon-7230\/\",\"url\":\"https:\/\/shop.ch24.pl\/en\/product\/watch-bracelet-pin-remover-bergeon-7230\/\",\"name\":\"Watch Bracelet Pin Remover Bergeon 7230 - SHOP.CH24.PL\",\"isPartOf\":{\"@id\":\"https:\/\/shop.ch24.pl\/en\/#website\"},\"primaryImageOfPage\":{\"@id\":\"https:\/\/shop.ch24.pl\/en\/product\/watch-bracelet-pin-remover-bergeon-7230\/#primaryimage\"},\"image\":{\"@id\":\"https:\/\/shop.ch24.pl\/en\/product\/watch-bracelet-pin-remover-bergeon-7230\/#primaryimage\"},\"thumbnailUrl\":\"https:\/\/shop.ch24.pl\/wp-content\/uploads\/2019\/12\/bergeon_7230_shop_ch24_a.jpg\",\"datePublished\":\"2019-12-23T12:18:56+00:00\",\"dateModified\":\"2021-08-02T16:19:28+00:00\",\"description\":\"This presented device from renowned Swiss brand Bergeon is designed to remove pins from bracelets.\",\"breadcrumb\":{\"@id\":\"https:\/\/shop.ch24.pl\/en\/product\/watch-bracelet-pin-remover-bergeon-7230\/#breadcrumb\"},\"inLanguage\":\"en-US\",\"potentialAction\":[{\"@type\":\"ReadAction\",\"target\":[\"https:\/\/shop.ch24.pl\/en\/product\/watch-bracelet-pin-remover-bergeon-7230\/\"]}]},{\"@type\":\"ImageObject\",\"inLanguage\":\"en-US\",\"@id\":\"https:\/\/shop.ch24.pl\/en\/product\/watch-bracelet-pin-remover-bergeon-7230\/#primaryimage\",\"url\":\"https:\/\/shop.ch24.pl\/wp-content\/uploads\/2019\/12\/bergeon_7230_shop_ch24_a.jpg\",\"contentUrl\":\"https:\/\/shop.ch24.pl\/wp-content\/uploads\/2019\/12\/bergeon_7230_shop_ch24_a.jpg\",\"width\":1300,\"height\":1600,\"caption\":\"Watch Bracelet Pin Remover Bergeon 7230\"},{\"@type\":\"BreadcrumbList\",\"@id\":\"https:\/\/shop.ch24.pl\/en\/product\/watch-bracelet-pin-remover-bergeon-7230\/#breadcrumb\",\"itemListElement\":[{\"@type\":\"ListItem\",\"position\":1,\"name\":\"Home\",\"item\":\"https:\/\/shop.ch24.pl\/en\/\"},{\"@type\":\"ListItem\",\"position\":2,\"name\":\"Shop\",\"item\":\"https:\/\/shop.ch24.pl\/en\/\"},{\"@type\":\"ListItem\",\"position\":3,\"name\":\"Watch Bracelet Pin Remover Bergeon 7230\"}]},{\"@type\":\"WebSite\",\"@id\":\"https:\/\/shop.ch24.pl\/en\/#website\",\"url\":\"https:\/\/shop.ch24.pl\/en\/\",\"name\":\"SHOP.CH24.PL\",\"description\":\"Sklep z akcesoriami dla mi\u0142o\u015bnik\u00f3w zegark\u00f3w\",\"publisher\":{\"@id\":\"https:\/\/shop.ch24.pl\/en\/#organization\"},\"potentialAction\":[{\"@type\":\"SearchAction\",\"target\":{\"@type\":\"EntryPoint\",\"urlTemplate\":\"https:\/\/shop.ch24.pl\/en\/?s={search_term_string}\"},\"query-input\":{\"@type\":\"PropertyValueSpecification\",\"valueRequired\":true,\"valueName\":\"search_term_string\"}}],\"inLanguage\":\"en-US\"},{\"@type\":\"Organization\",\"@id\":\"https:\/\/shop.ch24.pl\/en\/#organization\",\"name\":\"SHOP.CH24.PL \u2013 Sklep z akcesoriami dla mi\u0142o\u015bnik\u00f3w zegark\u00f3w\",\"alternateName\":\"Sklep CH24.PL\",\"url\":\"https:\/\/shop.ch24.pl\/en\/\",\"logo\":{\"@type\":\"ImageObject\",\"inLanguage\":\"en-US\",\"@id\":\"https:\/\/shop.ch24.pl\/en\/#\/schema\/logo\/image\/\",\"url\":\"https:\/\/shop.ch24.pl\/wp-content\/uploads\/2018\/04\/shop_ch24_pl_logo_01.png\",\"contentUrl\":\"https:\/\/shop.ch24.pl\/wp-content\/uploads\/2018\/04\/shop_ch24_pl_logo_01.png\",\"width\":320,\"height\":33,\"caption\":\"SHOP.CH24.PL \u2013 Sklep z akcesoriami dla mi\u0142o\u015bnik\u00f3w zegark\u00f3w\"},\"image\":{\"@id\":\"https:\/\/shop.ch24.pl\/en\/#\/schema\/logo\/image\/\"}}]}<\/script>\n<!-- \/ Yoast SEO plugin. -->","yoast_head_json":{"title":"Watch Bracelet Pin Remover Bergeon 7230 - SHOP.CH24.PL","description":"This presented device from renowned Swiss brand Bergeon is designed to remove pins from bracelets.","robots":{"index":"index","follow":"follow","max-snippet":"max-snippet:-1","max-image-preview":"max-image-preview:large","max-video-preview":"max-video-preview:-1"},"canonical":"https:\/\/shop.ch24.pl\/en\/product\/watch-bracelet-pin-remover-bergeon-7230\/","og_locale":"en_US","og_type":"article","og_title":"Watch Bracelet Pin Remover Bergeon 7230 - SHOP.CH24.PL","og_description":"This presented device from renowned Swiss brand Bergeon is designed to remove pins from bracelets.","og_url":"https:\/\/shop.ch24.pl\/en\/product\/watch-bracelet-pin-remover-bergeon-7230\/","og_site_name":"SHOP.CH24.PL","article_modified_time":"2021-08-02T16:19:28+00:00","og_image":[{"width":1300,"height":1600,"url":"https:\/\/shop.ch24.pl\/wp-content\/uploads\/2019\/12\/bergeon_7230_shop_ch24_a.jpg","type":"image\/jpeg"}],"twitter_card":"summary_large_image","twitter_misc":{"Est. reading time":"1 minute"},"schema":{"@context":"https:\/\/schema.org","@graph":[{"@type":"WebPage","@id":"https:\/\/shop.ch24.pl\/en\/product\/watch-bracelet-pin-remover-bergeon-7230\/","url":"https:\/\/shop.ch24.pl\/en\/product\/watch-bracelet-pin-remover-bergeon-7230\/","name":"Watch Bracelet Pin Remover Bergeon 7230 - SHOP.CH24.PL","isPartOf":{"@id":"https:\/\/shop.ch24.pl\/en\/#website"},"primaryImageOfPage":{"@id":"https:\/\/shop.ch24.pl\/en\/product\/watch-bracelet-pin-remover-bergeon-7230\/#primaryimage"},"image":{"@id":"https:\/\/shop.ch24.pl\/en\/product\/watch-bracelet-pin-remover-bergeon-7230\/#primaryimage"},"thumbnailUrl":"https:\/\/shop.ch24.pl\/wp-content\/uploads\/2019\/12\/bergeon_7230_shop_ch24_a.jpg","datePublished":"2019-12-23T12:18:56+00:00","dateModified":"2021-08-02T16:19:28+00:00","description":"This presented device from renowned Swiss brand Bergeon is designed to remove pins from bracelets.","breadcrumb":{"@id":"https:\/\/shop.ch24.pl\/en\/product\/watch-bracelet-pin-remover-bergeon-7230\/#breadcrumb"},"inLanguage":"en-US","potentialAction":[{"@type":"ReadAction","target":["https:\/\/shop.ch24.pl\/en\/product\/watch-bracelet-pin-remover-bergeon-7230\/"]}]},{"@type":"ImageObject","inLanguage":"en-US","@id":"https:\/\/shop.ch24.pl\/en\/product\/watch-bracelet-pin-remover-bergeon-7230\/#primaryimage","url":"https:\/\/shop.ch24.pl\/wp-content\/uploads\/2019\/12\/bergeon_7230_shop_ch24_a.jpg","contentUrl":"https:\/\/shop.ch24.pl\/wp-content\/uploads\/2019\/12\/bergeon_7230_shop_ch24_a.jpg","width":1300,"height":1600,"caption":"Watch Bracelet Pin Remover Bergeon 7230"},{"@type":"BreadcrumbList","@id":"https:\/\/shop.ch24.pl\/en\/product\/watch-bracelet-pin-remover-bergeon-7230\/#breadcrumb","itemListElement":[{"@type":"ListItem","position":1,"name":"Home","item":"https:\/\/shop.ch24.pl\/en\/"},{"@type":"ListItem","position":2,"name":"Shop","item":"https:\/\/shop.ch24.pl\/en\/"},{"@type":"ListItem","position":3,"name":"Watch Bracelet Pin Remover Bergeon 7230"}]},{"@type":"WebSite","@id":"https:\/\/shop.ch24.pl\/en\/#website","url":"https:\/\/shop.ch24.pl\/en\/","name":"SHOP.CH24.PL","description":"Sklep z akcesoriami dla mi\u0142o\u015bnik\u00f3w zegark\u00f3w","publisher":{"@id":"https:\/\/shop.ch24.pl\/en\/#organization"},"potentialAction":[{"@type":"SearchAction","target":{"@type":"EntryPoint","urlTemplate":"https:\/\/shop.ch24.pl\/en\/?s={search_term_string}"},"query-input":{"@type":"PropertyValueSpecification","valueRequired":true,"valueName":"search_term_string"}}],"inLanguage":"en-US"},{"@type":"Organization","@id":"https:\/\/shop.ch24.pl\/en\/#organization","name":"SHOP.CH24.PL \u2013 Sklep z akcesoriami dla mi\u0142o\u015bnik\u00f3w zegark\u00f3w","alternateName":"Sklep CH24.PL","url":"https:\/\/shop.ch24.pl\/en\/","logo":{"@type":"ImageObject","inLanguage":"en-US","@id":"https:\/\/shop.ch24.pl\/en\/#\/schema\/logo\/image\/","url":"https:\/\/shop.ch24.pl\/wp-content\/uploads\/2018\/04\/shop_ch24_pl_logo_01.png","contentUrl":"https:\/\/shop.ch24.pl\/wp-content\/uploads\/2018\/04\/shop_ch24_pl_logo_01.png","width":320,"height":33,"caption":"SHOP.CH24.PL \u2013 Sklep z akcesoriami dla mi\u0142o\u015bnik\u00f3w zegark\u00f3w"},"image":{"@id":"https:\/\/shop.ch24.pl\/en\/#\/schema\/logo\/image\/"}}]}},"_links":{"self":[{"href":"https:\/\/shop.ch24.pl\/en\/wp-json\/wp\/v2\/product\/2234","targetHints":{"allow":["GET"]}}],"collection":[{"href":"https:\/\/shop.ch24.pl\/en\/wp-json\/wp\/v2\/product"}],"about":[{"href":"https:\/\/shop.ch24.pl\/en\/wp-json\/wp\/v2\/types\/product"}],"wp:featuredmedia":[{"embeddable":true,"href":"https:\/\/shop.ch24.pl\/en\/wp-json\/wp\/v2\/media\/2236"}],"wp:attachment":[{"href":"https:\/\/shop.ch24.pl\/en\/wp-json\/wp\/v2\/media?parent=2234"}],"wp:term":[{"taxonomy":"woo-feed-brand","embeddable":true,"href":"https:\/\/shop.ch24.pl\/en\/wp-json\/wp\/v2\/woo-feed-brand?post=2234"},{"taxonomy":"product_brand","embeddable":true,"href":"https:\/\/shop.ch24.pl\/en\/wp-json\/wp\/v2\/product_brand?post=2234"},{"taxonomy":"product_cat","embeddable":true,"href":"https:\/\/shop.ch24.pl\/en\/wp-json\/wp\/v2\/product_cat?post=2234"},{"taxonomy":"product_tag","embeddable":true,"href":"https:\/\/shop.ch24.pl\/en\/wp-json\/wp\/v2\/product_tag?post=2234"}],"curies":[{"name":"wp","href":"https:\/\/api.w.org\/{rel}","templated":true}]}}