{"id":2415,"date":"2020-05-05T07:26:36","date_gmt":"2020-05-05T07:26:40","guid":{"rendered":"https:\/\/shop.ch24.pl\/?post_type=product&#038;p=2415"},"modified":"2020-05-05T11:48:38","modified_gmt":"2020-05-05T11:48:38","slug":"longines-legendary-watches","status":"publish","type":"product","link":"https:\/\/shop.ch24.pl\/en\/product\/longines-legendary-watches\/","title":{"rendered":"Longines Legendary Watches"},"content":{"rendered":"<div class=\"wpb-content-wrapper\"><p>[vc_row css=&#8221;.vc_custom_1523881188082{border-top-width: 1px !important;border-top-color: #eeeeee !important;border-top-style: solid !important;}&#8221;][vc_column][\/vc_column][\/vc_row][vc_row content_placement=&#8221;middle&#8221;][vc_column width=&#8221;1\/2&#8243;][vc_empty_space height=&#8221;20px&#8221;][vc_column_text]<\/p>\n<h3>Longines Legendary Watches<\/h3>\n<p>[\/vc_column_text][vc_empty_space height=&#8221;15px&#8221;][vc_column_text]John Goldberger (actually Auro Montanari) is a well-known collector and expert in the field of watches. He has written books about Rolex, Patek Philippe and Omega. In <em>Longines Legendary Watches<\/em> he describes the most interesting models produced in St. Imier. Over 250 watches grouped in 15 categories (e.g. early models with manual winding, military watches, chronographs).<\/p>\n<p>The author has spent over 3 years working with the Longines Brand Heritage Department. Thanks to research, he was able to describe the most interesting and rarest watches produced by Longines.[\/vc_column_text][vc_empty_space height=&#8221;30px&#8221;][\/vc_column][vc_column width=&#8221;1\/2&#8243;][vc_single_image image=&#8221;2420&#8243; img_size=&#8221;full&#8221; alignment=&#8221;center&#8221;][\/vc_column][\/vc_row]<\/p>\n<\/div>","protected":false},"excerpt":{"rendered":"<p>The most interesting and rarest models produced in St. Imier. Over 1,500 photos and descriptions will provide collectors and enthusiasts of the Longines brand with invaluable and rare information about cases, dials, related calibers and the year of production of selected watches.<\/p>\n<p>English \/ 600 pages.<\/p>\n","protected":false},"featured_media":2419,"template":"","meta":{"_acf_changed":false},"woo-feed-brand":[],"product_brand":[],"product_cat":[108],"product_tag":[114,113,150],"class_list":{"0":"post-2415","1":"product","2":"type-product","3":"status-publish","4":"has-post-thumbnail","6":"product_cat-library","7":"product_tag-album-book","8":"product_tag-book","9":"product_tag-longines-en","11":"first","12":"outofstock","13":"shipping-taxable","14":"purchasable","15":"product-type-simple"},"acf":[],"yoast_head":"<!-- This site is optimized with the Yoast SEO plugin v27.1.1 - https:\/\/yoast.com\/product\/yoast-seo-wordpress\/ -->\n<title>Longines Legendary Watches - SHOP.CH24.PL<\/title>\n<meta name=\"description\" content=\"The most interesting and rarest models produced in St. Imier. Over 1,500 photos and descriptions will provide collectors and enthusiasts of the Longines brand.\" \/>\n<meta name=\"robots\" content=\"index, follow, max-snippet:-1, max-image-preview:large, max-video-preview:-1\" \/>\n<link rel=\"canonical\" href=\"https:\/\/shop.ch24.pl\/en\/product\/longines-legendary-watches\/\" \/>\n<meta property=\"og:locale\" content=\"en_US\" \/>\n<meta property=\"og:type\" content=\"article\" \/>\n<meta property=\"og:title\" content=\"Longines Legendary Watches - SHOP.CH24.PL\" \/>\n<meta property=\"og:description\" content=\"The most interesting and rarest models produced in St. Imier. Over 1,500 photos and descriptions will provide collectors and enthusiasts of the Longines brand.\" \/>\n<meta property=\"og:url\" content=\"https:\/\/shop.ch24.pl\/en\/product\/longines-legendary-watches\/\" \/>\n<meta property=\"og:site_name\" content=\"SHOP.CH24.PL\" \/>\n<meta property=\"article:modified_time\" content=\"2020-05-05T11:48:38+00:00\" \/>\n<meta property=\"og:image\" content=\"https:\/\/shop.ch24.pl\/wp-content\/uploads\/2020\/05\/longines_legendary_watches_ksiazka_john_goldberger_sklep_ch24_b.jpg\" \/>\n\t<meta property=\"og:image:width\" content=\"1300\" \/>\n\t<meta property=\"og:image:height\" content=\"1600\" \/>\n\t<meta property=\"og:image:type\" content=\"image\/jpeg\" \/>\n<meta name=\"twitter:card\" content=\"summary_large_image\" \/>\n<meta name=\"twitter:label1\" content=\"Est. reading time\" \/>\n\t<meta name=\"twitter:data1\" content=\"1 minute\" \/>\n<script type=\"application\/ld+json\" class=\"yoast-schema-graph\">{\"@context\":\"https:\/\/schema.org\",\"@graph\":[{\"@type\":\"WebPage\",\"@id\":\"https:\/\/shop.ch24.pl\/en\/product\/longines-legendary-watches\/\",\"url\":\"https:\/\/shop.ch24.pl\/en\/product\/longines-legendary-watches\/\",\"name\":\"Longines Legendary Watches - SHOP.CH24.PL\",\"isPartOf\":{\"@id\":\"https:\/\/shop.ch24.pl\/en\/#website\"},\"primaryImageOfPage\":{\"@id\":\"https:\/\/shop.ch24.pl\/en\/product\/longines-legendary-watches\/#primaryimage\"},\"image\":{\"@id\":\"https:\/\/shop.ch24.pl\/en\/product\/longines-legendary-watches\/#primaryimage\"},\"thumbnailUrl\":\"https:\/\/shop.ch24.pl\/wp-content\/uploads\/2020\/05\/longines_legendary_watches_ksiazka_john_goldberger_sklep_ch24_b.jpg\",\"datePublished\":\"2020-05-05T07:26:40+00:00\",\"dateModified\":\"2020-05-05T11:48:38+00:00\",\"description\":\"The most interesting and rarest models produced in St. Imier. Over 1,500 photos and descriptions will provide collectors and enthusiasts of the Longines brand.\",\"breadcrumb\":{\"@id\":\"https:\/\/shop.ch24.pl\/en\/product\/longines-legendary-watches\/#breadcrumb\"},\"inLanguage\":\"en-US\",\"potentialAction\":[{\"@type\":\"ReadAction\",\"target\":[\"https:\/\/shop.ch24.pl\/en\/product\/longines-legendary-watches\/\"]}]},{\"@type\":\"ImageObject\",\"inLanguage\":\"en-US\",\"@id\":\"https:\/\/shop.ch24.pl\/en\/product\/longines-legendary-watches\/#primaryimage\",\"url\":\"https:\/\/shop.ch24.pl\/wp-content\/uploads\/2020\/05\/longines_legendary_watches_ksiazka_john_goldberger_sklep_ch24_b.jpg\",\"contentUrl\":\"https:\/\/shop.ch24.pl\/wp-content\/uploads\/2020\/05\/longines_legendary_watches_ksiazka_john_goldberger_sklep_ch24_b.jpg\",\"width\":1300,\"height\":1600,\"caption\":\"Longines Legendary Watches\"},{\"@type\":\"BreadcrumbList\",\"@id\":\"https:\/\/shop.ch24.pl\/en\/product\/longines-legendary-watches\/#breadcrumb\",\"itemListElement\":[{\"@type\":\"ListItem\",\"position\":1,\"name\":\"Home\",\"item\":\"https:\/\/shop.ch24.pl\/en\/\"},{\"@type\":\"ListItem\",\"position\":2,\"name\":\"Shop\",\"item\":\"https:\/\/shop.ch24.pl\/en\/\"},{\"@type\":\"ListItem\",\"position\":3,\"name\":\"Longines Legendary Watches\"}]},{\"@type\":\"WebSite\",\"@id\":\"https:\/\/shop.ch24.pl\/en\/#website\",\"url\":\"https:\/\/shop.ch24.pl\/en\/\",\"name\":\"SHOP.CH24.PL\",\"description\":\"Sklep z akcesoriami dla mi\u0142o\u015bnik\u00f3w zegark\u00f3w\",\"publisher\":{\"@id\":\"https:\/\/shop.ch24.pl\/en\/#organization\"},\"potentialAction\":[{\"@type\":\"SearchAction\",\"target\":{\"@type\":\"EntryPoint\",\"urlTemplate\":\"https:\/\/shop.ch24.pl\/en\/?s={search_term_string}\"},\"query-input\":{\"@type\":\"PropertyValueSpecification\",\"valueRequired\":true,\"valueName\":\"search_term_string\"}}],\"inLanguage\":\"en-US\"},{\"@type\":\"Organization\",\"@id\":\"https:\/\/shop.ch24.pl\/en\/#organization\",\"name\":\"SHOP.CH24.PL \u2013 Sklep z akcesoriami dla mi\u0142o\u015bnik\u00f3w zegark\u00f3w\",\"alternateName\":\"Sklep CH24.PL\",\"url\":\"https:\/\/shop.ch24.pl\/en\/\",\"logo\":{\"@type\":\"ImageObject\",\"inLanguage\":\"en-US\",\"@id\":\"https:\/\/shop.ch24.pl\/en\/#\/schema\/logo\/image\/\",\"url\":\"https:\/\/shop.ch24.pl\/wp-content\/uploads\/2018\/04\/shop_ch24_pl_logo_01.png\",\"contentUrl\":\"https:\/\/shop.ch24.pl\/wp-content\/uploads\/2018\/04\/shop_ch24_pl_logo_01.png\",\"width\":320,\"height\":33,\"caption\":\"SHOP.CH24.PL \u2013 Sklep z akcesoriami dla mi\u0142o\u015bnik\u00f3w zegark\u00f3w\"},\"image\":{\"@id\":\"https:\/\/shop.ch24.pl\/en\/#\/schema\/logo\/image\/\"}}]}<\/script>\n<!-- \/ Yoast SEO plugin. -->","yoast_head_json":{"title":"Longines Legendary Watches - SHOP.CH24.PL","description":"The most interesting and rarest models produced in St. Imier. Over 1,500 photos and descriptions will provide collectors and enthusiasts of the Longines brand.","robots":{"index":"index","follow":"follow","max-snippet":"max-snippet:-1","max-image-preview":"max-image-preview:large","max-video-preview":"max-video-preview:-1"},"canonical":"https:\/\/shop.ch24.pl\/en\/product\/longines-legendary-watches\/","og_locale":"en_US","og_type":"article","og_title":"Longines Legendary Watches - SHOP.CH24.PL","og_description":"The most interesting and rarest models produced in St. Imier. Over 1,500 photos and descriptions will provide collectors and enthusiasts of the Longines brand.","og_url":"https:\/\/shop.ch24.pl\/en\/product\/longines-legendary-watches\/","og_site_name":"SHOP.CH24.PL","article_modified_time":"2020-05-05T11:48:38+00:00","og_image":[{"width":1300,"height":1600,"url":"https:\/\/shop.ch24.pl\/wp-content\/uploads\/2020\/05\/longines_legendary_watches_ksiazka_john_goldberger_sklep_ch24_b.jpg","type":"image\/jpeg"}],"twitter_card":"summary_large_image","twitter_misc":{"Est. reading time":"1 minute"},"schema":{"@context":"https:\/\/schema.org","@graph":[{"@type":"WebPage","@id":"https:\/\/shop.ch24.pl\/en\/product\/longines-legendary-watches\/","url":"https:\/\/shop.ch24.pl\/en\/product\/longines-legendary-watches\/","name":"Longines Legendary Watches - SHOP.CH24.PL","isPartOf":{"@id":"https:\/\/shop.ch24.pl\/en\/#website"},"primaryImageOfPage":{"@id":"https:\/\/shop.ch24.pl\/en\/product\/longines-legendary-watches\/#primaryimage"},"image":{"@id":"https:\/\/shop.ch24.pl\/en\/product\/longines-legendary-watches\/#primaryimage"},"thumbnailUrl":"https:\/\/shop.ch24.pl\/wp-content\/uploads\/2020\/05\/longines_legendary_watches_ksiazka_john_goldberger_sklep_ch24_b.jpg","datePublished":"2020-05-05T07:26:40+00:00","dateModified":"2020-05-05T11:48:38+00:00","description":"The most interesting and rarest models produced in St. Imier. Over 1,500 photos and descriptions will provide collectors and enthusiasts of the Longines brand.","breadcrumb":{"@id":"https:\/\/shop.ch24.pl\/en\/product\/longines-legendary-watches\/#breadcrumb"},"inLanguage":"en-US","potentialAction":[{"@type":"ReadAction","target":["https:\/\/shop.ch24.pl\/en\/product\/longines-legendary-watches\/"]}]},{"@type":"ImageObject","inLanguage":"en-US","@id":"https:\/\/shop.ch24.pl\/en\/product\/longines-legendary-watches\/#primaryimage","url":"https:\/\/shop.ch24.pl\/wp-content\/uploads\/2020\/05\/longines_legendary_watches_ksiazka_john_goldberger_sklep_ch24_b.jpg","contentUrl":"https:\/\/shop.ch24.pl\/wp-content\/uploads\/2020\/05\/longines_legendary_watches_ksiazka_john_goldberger_sklep_ch24_b.jpg","width":1300,"height":1600,"caption":"Longines Legendary Watches"},{"@type":"BreadcrumbList","@id":"https:\/\/shop.ch24.pl\/en\/product\/longines-legendary-watches\/#breadcrumb","itemListElement":[{"@type":"ListItem","position":1,"name":"Home","item":"https:\/\/shop.ch24.pl\/en\/"},{"@type":"ListItem","position":2,"name":"Shop","item":"https:\/\/shop.ch24.pl\/en\/"},{"@type":"ListItem","position":3,"name":"Longines Legendary Watches"}]},{"@type":"WebSite","@id":"https:\/\/shop.ch24.pl\/en\/#website","url":"https:\/\/shop.ch24.pl\/en\/","name":"SHOP.CH24.PL","description":"Sklep z akcesoriami dla mi\u0142o\u015bnik\u00f3w zegark\u00f3w","publisher":{"@id":"https:\/\/shop.ch24.pl\/en\/#organization"},"potentialAction":[{"@type":"SearchAction","target":{"@type":"EntryPoint","urlTemplate":"https:\/\/shop.ch24.pl\/en\/?s={search_term_string}"},"query-input":{"@type":"PropertyValueSpecification","valueRequired":true,"valueName":"search_term_string"}}],"inLanguage":"en-US"},{"@type":"Organization","@id":"https:\/\/shop.ch24.pl\/en\/#organization","name":"SHOP.CH24.PL \u2013 Sklep z akcesoriami dla mi\u0142o\u015bnik\u00f3w zegark\u00f3w","alternateName":"Sklep CH24.PL","url":"https:\/\/shop.ch24.pl\/en\/","logo":{"@type":"ImageObject","inLanguage":"en-US","@id":"https:\/\/shop.ch24.pl\/en\/#\/schema\/logo\/image\/","url":"https:\/\/shop.ch24.pl\/wp-content\/uploads\/2018\/04\/shop_ch24_pl_logo_01.png","contentUrl":"https:\/\/shop.ch24.pl\/wp-content\/uploads\/2018\/04\/shop_ch24_pl_logo_01.png","width":320,"height":33,"caption":"SHOP.CH24.PL \u2013 Sklep z akcesoriami dla mi\u0142o\u015bnik\u00f3w zegark\u00f3w"},"image":{"@id":"https:\/\/shop.ch24.pl\/en\/#\/schema\/logo\/image\/"}}]}},"_links":{"self":[{"href":"https:\/\/shop.ch24.pl\/en\/wp-json\/wp\/v2\/product\/2415","targetHints":{"allow":["GET"]}}],"collection":[{"href":"https:\/\/shop.ch24.pl\/en\/wp-json\/wp\/v2\/product"}],"about":[{"href":"https:\/\/shop.ch24.pl\/en\/wp-json\/wp\/v2\/types\/product"}],"wp:featuredmedia":[{"embeddable":true,"href":"https:\/\/shop.ch24.pl\/en\/wp-json\/wp\/v2\/media\/2419"}],"wp:attachment":[{"href":"https:\/\/shop.ch24.pl\/en\/wp-json\/wp\/v2\/media?parent=2415"}],"wp:term":[{"taxonomy":"woo-feed-brand","embeddable":true,"href":"https:\/\/shop.ch24.pl\/en\/wp-json\/wp\/v2\/woo-feed-brand?post=2415"},{"taxonomy":"product_brand","embeddable":true,"href":"https:\/\/shop.ch24.pl\/en\/wp-json\/wp\/v2\/product_brand?post=2415"},{"taxonomy":"product_cat","embeddable":true,"href":"https:\/\/shop.ch24.pl\/en\/wp-json\/wp\/v2\/product_cat?post=2415"},{"taxonomy":"product_tag","embeddable":true,"href":"https:\/\/shop.ch24.pl\/en\/wp-json\/wp\/v2\/product_tag?post=2415"}],"curies":[{"name":"wp","href":"https:\/\/api.w.org\/{rel}","templated":true}]}}