{"id":2553,"date":"2020-08-17T06:43:58","date_gmt":"2020-08-17T06:44:00","guid":{"rendered":"https:\/\/shop.ch24.pl\/?post_type=product&#038;p=2553"},"modified":"2020-08-17T06:57:54","modified_gmt":"2020-08-17T06:57:54","slug":"brown-watch-strap-made-of-oiled-leather-crazy-horse-20mm","status":"publish","type":"product","link":"https:\/\/shop.ch24.pl\/en\/product\/brown-watch-strap-made-of-oiled-leather-crazy-horse-20mm\/","title":{"rendered":"Brown watch strap made of oiled leather Crazy Horse 20mm"},"content":{"rendered":"<div class=\"wpb-content-wrapper\"><p>[vc_row css=&#8221;.vc_custom_1523881188082{border-top-width: 1px !important;border-top-color: #eeeeee !important;border-top-style: solid !important;}&#8221;][vc_column][\/vc_column][\/vc_row][vc_row content_placement=&#8221;middle&#8221;][vc_column width=&#8221;1\/2&#8243;][vc_empty_space height=&#8221;20px&#8221;][vc_column_text]<\/p>\n<h3>Brown watch strap made of oiled leather Crazy Horse<\/h3>\n<p>[\/vc_column_text][vc_empty_space height=&#8221;15px&#8221;][vc_column_text]Unique watch strap added even to a very popular watch model can totally change its look by adding elegance or when needed, something totally different \u2013 a sporty flair. Straps made out of highest quality leathers will gain beautiful look over time by wearing them and we can be sure that two identical looking straps are almost impossible to spot. Handmade \u201cartisanal\u201d process used here to create those beautiful accessories also enriches them in a very unique way.<\/p>\n<p>Presented model has CH24 logo on the inside of the strap.[\/vc_column_text][vc_empty_space height=&#8221;30px&#8221;][\/vc_column][vc_column width=&#8221;1\/2&#8243;][vc_single_image image=&#8221;2558&#8243; img_size=&#8221;full&#8221; alignment=&#8221;center&#8221;][\/vc_column][\/vc_row][vc_row][vc_column][\/vc_column][\/vc_row][vc_row content_placement=&#8221;middle&#8221;][vc_column width=&#8221;1\/2&#8243;][vc_single_image image=&#8221;1337&#8243; img_size=&#8221;large&#8221; alignment=&#8221;center&#8221;][\/vc_column][vc_column width=&#8221;1\/2&#8243;][vc_empty_space height=&#8221;20px&#8221;][vc_column_text]<\/p>\n<div class=\"vc_empty_space\">\n<h3>J.F.Szymaniak<\/h3>\n<\/div>\n<p>[\/vc_column_text][vc_empty_space height=&#8221;15px&#8221;][vc_column_text]<\/p>\n<div class=\"wpb_text_column wpb_content_element \">\n<div class=\"wpb_wrapper\">\n<p>Belonging to Jakub Filip Szymaniak workshop is a unique place where bespoke leather accessories are being made on enquiry with highest quality materials using only traditional pursemaking techniques. His love to fine watchmaking, meticulous attention to detail and one of a kind skill to create beautiful things from leather made his workshop a special place on the highest quality leather straps map. Every creation is handmade using only finest leather that will guarantee durability and will age beautifully.<\/p>\n<\/div>\n<\/div>\n<p>[\/vc_column_text][vc_empty_space height=&#8221;30px&#8221;][\/vc_column][\/vc_row]<\/p>\n<\/div>","protected":false},"excerpt":{"rendered":"<div>Delicately suede strap made of the finest oiled Crazy Horse leather, stitched with contrasting thread for vintage styling.\u00a0It will perfectly match vintage watches with historical flair or their contemporary re-editions.\u00a0This brown model was created entirely by hand in Jakub Filip Szymaniak workshops.<\/div>\n","protected":false},"featured_media":2555,"template":"","meta":{"_acf_changed":false},"woo-feed-brand":[],"product_brand":[],"product_cat":[111],"product_tag":[142,146,132,140],"class_list":{"0":"post-2553","1":"product","2":"type-product","3":"status-publish","4":"has-post-thumbnail","6":"product_cat-straps","7":"product_tag-jakub-filip-szymaniak-strapmaker","8":"product_tag-jfs-straps","9":"product_tag-leather","10":"product_tag-watch-strap","12":"first","13":"instock","14":"shipping-taxable","15":"purchasable","16":"product-type-simple"},"acf":[],"yoast_head":"<!-- This site is optimized with the Yoast SEO plugin v27.1.1 - https:\/\/yoast.com\/product\/yoast-seo-wordpress\/ -->\n<title>Brown watch strap made of oiled leather Crazy Horse 20mm<\/title>\n<meta name=\"description\" content=\"Delicately suede strap made of the finest oiled Crazy Horse leather, stitched with contrasting thread for vintage styling.\" \/>\n<meta name=\"robots\" content=\"index, follow, max-snippet:-1, max-image-preview:large, max-video-preview:-1\" \/>\n<link rel=\"canonical\" href=\"https:\/\/shop.ch24.pl\/en\/product\/brown-watch-strap-made-of-oiled-leather-crazy-horse-20mm\/\" \/>\n<meta property=\"og:locale\" content=\"en_US\" \/>\n<meta property=\"og:type\" content=\"article\" \/>\n<meta property=\"og:title\" content=\"Brown watch strap made of oiled leather Crazy Horse 20mm\" \/>\n<meta property=\"og:description\" content=\"Delicately suede strap made of the finest oiled Crazy Horse leather, stitched with contrasting thread for vintage styling.\" \/>\n<meta property=\"og:url\" content=\"https:\/\/shop.ch24.pl\/en\/product\/brown-watch-strap-made-of-oiled-leather-crazy-horse-20mm\/\" \/>\n<meta property=\"og:site_name\" content=\"SHOP.CH24.PL\" \/>\n<meta property=\"article:modified_time\" content=\"2020-08-17T06:57:54+00:00\" \/>\n<meta property=\"og:image\" content=\"https:\/\/shop.ch24.pl\/wp-content\/uploads\/2020\/08\/Pasek_do_zegarka_ze_skory_olejowanej_crazy_horse_shop_CH24_a.jpg\" \/>\n\t<meta property=\"og:image:width\" content=\"1300\" \/>\n\t<meta property=\"og:image:height\" content=\"1600\" \/>\n\t<meta property=\"og:image:type\" content=\"image\/jpeg\" \/>\n<meta name=\"twitter:card\" content=\"summary_large_image\" \/>\n<meta name=\"twitter:label1\" content=\"Est. reading time\" \/>\n\t<meta name=\"twitter:data1\" content=\"2 minutes\" \/>\n<script type=\"application\/ld+json\" class=\"yoast-schema-graph\">{\"@context\":\"https:\/\/schema.org\",\"@graph\":[{\"@type\":\"WebPage\",\"@id\":\"https:\/\/shop.ch24.pl\/en\/product\/brown-watch-strap-made-of-oiled-leather-crazy-horse-20mm\/\",\"url\":\"https:\/\/shop.ch24.pl\/en\/product\/brown-watch-strap-made-of-oiled-leather-crazy-horse-20mm\/\",\"name\":\"Brown watch strap made of oiled leather Crazy Horse 20mm\",\"isPartOf\":{\"@id\":\"https:\/\/shop.ch24.pl\/en\/#website\"},\"primaryImageOfPage\":{\"@id\":\"https:\/\/shop.ch24.pl\/en\/product\/brown-watch-strap-made-of-oiled-leather-crazy-horse-20mm\/#primaryimage\"},\"image\":{\"@id\":\"https:\/\/shop.ch24.pl\/en\/product\/brown-watch-strap-made-of-oiled-leather-crazy-horse-20mm\/#primaryimage\"},\"thumbnailUrl\":\"https:\/\/shop.ch24.pl\/wp-content\/uploads\/2020\/08\/Pasek_do_zegarka_ze_skory_olejowanej_crazy_horse_shop_CH24_a.jpg\",\"datePublished\":\"2020-08-17T06:44:00+00:00\",\"dateModified\":\"2020-08-17T06:57:54+00:00\",\"description\":\"Delicately suede strap made of the finest oiled Crazy Horse leather, stitched with contrasting thread for vintage styling.\",\"breadcrumb\":{\"@id\":\"https:\/\/shop.ch24.pl\/en\/product\/brown-watch-strap-made-of-oiled-leather-crazy-horse-20mm\/#breadcrumb\"},\"inLanguage\":\"en-US\",\"potentialAction\":[{\"@type\":\"ReadAction\",\"target\":[\"https:\/\/shop.ch24.pl\/en\/product\/brown-watch-strap-made-of-oiled-leather-crazy-horse-20mm\/\"]}]},{\"@type\":\"ImageObject\",\"inLanguage\":\"en-US\",\"@id\":\"https:\/\/shop.ch24.pl\/en\/product\/brown-watch-strap-made-of-oiled-leather-crazy-horse-20mm\/#primaryimage\",\"url\":\"https:\/\/shop.ch24.pl\/wp-content\/uploads\/2020\/08\/Pasek_do_zegarka_ze_skory_olejowanej_crazy_horse_shop_CH24_a.jpg\",\"contentUrl\":\"https:\/\/shop.ch24.pl\/wp-content\/uploads\/2020\/08\/Pasek_do_zegarka_ze_skory_olejowanej_crazy_horse_shop_CH24_a.jpg\",\"width\":1300,\"height\":1600,\"caption\":\"Brown watch strap made of oiled leather Crazy Horse 20mm\"},{\"@type\":\"BreadcrumbList\",\"@id\":\"https:\/\/shop.ch24.pl\/en\/product\/brown-watch-strap-made-of-oiled-leather-crazy-horse-20mm\/#breadcrumb\",\"itemListElement\":[{\"@type\":\"ListItem\",\"position\":1,\"name\":\"Home\",\"item\":\"https:\/\/shop.ch24.pl\/en\/\"},{\"@type\":\"ListItem\",\"position\":2,\"name\":\"Shop\",\"item\":\"https:\/\/shop.ch24.pl\/en\/\"},{\"@type\":\"ListItem\",\"position\":3,\"name\":\"Brown watch strap made of oiled leather Crazy Horse 20mm\"}]},{\"@type\":\"WebSite\",\"@id\":\"https:\/\/shop.ch24.pl\/en\/#website\",\"url\":\"https:\/\/shop.ch24.pl\/en\/\",\"name\":\"SHOP.CH24.PL\",\"description\":\"Sklep z akcesoriami dla mi\u0142o\u015bnik\u00f3w zegark\u00f3w\",\"publisher\":{\"@id\":\"https:\/\/shop.ch24.pl\/en\/#organization\"},\"potentialAction\":[{\"@type\":\"SearchAction\",\"target\":{\"@type\":\"EntryPoint\",\"urlTemplate\":\"https:\/\/shop.ch24.pl\/en\/?s={search_term_string}\"},\"query-input\":{\"@type\":\"PropertyValueSpecification\",\"valueRequired\":true,\"valueName\":\"search_term_string\"}}],\"inLanguage\":\"en-US\"},{\"@type\":\"Organization\",\"@id\":\"https:\/\/shop.ch24.pl\/en\/#organization\",\"name\":\"SHOP.CH24.PL \u2013 Sklep z akcesoriami dla mi\u0142o\u015bnik\u00f3w zegark\u00f3w\",\"alternateName\":\"Sklep CH24.PL\",\"url\":\"https:\/\/shop.ch24.pl\/en\/\",\"logo\":{\"@type\":\"ImageObject\",\"inLanguage\":\"en-US\",\"@id\":\"https:\/\/shop.ch24.pl\/en\/#\/schema\/logo\/image\/\",\"url\":\"https:\/\/shop.ch24.pl\/wp-content\/uploads\/2018\/04\/shop_ch24_pl_logo_01.png\",\"contentUrl\":\"https:\/\/shop.ch24.pl\/wp-content\/uploads\/2018\/04\/shop_ch24_pl_logo_01.png\",\"width\":320,\"height\":33,\"caption\":\"SHOP.CH24.PL \u2013 Sklep z akcesoriami dla mi\u0142o\u015bnik\u00f3w zegark\u00f3w\"},\"image\":{\"@id\":\"https:\/\/shop.ch24.pl\/en\/#\/schema\/logo\/image\/\"}}]}<\/script>\n<!-- \/ Yoast SEO plugin. -->","yoast_head_json":{"title":"Brown watch strap made of oiled leather Crazy Horse 20mm","description":"Delicately suede strap made of the finest oiled Crazy Horse leather, stitched with contrasting thread for vintage styling.","robots":{"index":"index","follow":"follow","max-snippet":"max-snippet:-1","max-image-preview":"max-image-preview:large","max-video-preview":"max-video-preview:-1"},"canonical":"https:\/\/shop.ch24.pl\/en\/product\/brown-watch-strap-made-of-oiled-leather-crazy-horse-20mm\/","og_locale":"en_US","og_type":"article","og_title":"Brown watch strap made of oiled leather Crazy Horse 20mm","og_description":"Delicately suede strap made of the finest oiled Crazy Horse leather, stitched with contrasting thread for vintage styling.","og_url":"https:\/\/shop.ch24.pl\/en\/product\/brown-watch-strap-made-of-oiled-leather-crazy-horse-20mm\/","og_site_name":"SHOP.CH24.PL","article_modified_time":"2020-08-17T06:57:54+00:00","og_image":[{"width":1300,"height":1600,"url":"https:\/\/shop.ch24.pl\/wp-content\/uploads\/2020\/08\/Pasek_do_zegarka_ze_skory_olejowanej_crazy_horse_shop_CH24_a.jpg","type":"image\/jpeg"}],"twitter_card":"summary_large_image","twitter_misc":{"Est. reading time":"2 minutes"},"schema":{"@context":"https:\/\/schema.org","@graph":[{"@type":"WebPage","@id":"https:\/\/shop.ch24.pl\/en\/product\/brown-watch-strap-made-of-oiled-leather-crazy-horse-20mm\/","url":"https:\/\/shop.ch24.pl\/en\/product\/brown-watch-strap-made-of-oiled-leather-crazy-horse-20mm\/","name":"Brown watch strap made of oiled leather Crazy Horse 20mm","isPartOf":{"@id":"https:\/\/shop.ch24.pl\/en\/#website"},"primaryImageOfPage":{"@id":"https:\/\/shop.ch24.pl\/en\/product\/brown-watch-strap-made-of-oiled-leather-crazy-horse-20mm\/#primaryimage"},"image":{"@id":"https:\/\/shop.ch24.pl\/en\/product\/brown-watch-strap-made-of-oiled-leather-crazy-horse-20mm\/#primaryimage"},"thumbnailUrl":"https:\/\/shop.ch24.pl\/wp-content\/uploads\/2020\/08\/Pasek_do_zegarka_ze_skory_olejowanej_crazy_horse_shop_CH24_a.jpg","datePublished":"2020-08-17T06:44:00+00:00","dateModified":"2020-08-17T06:57:54+00:00","description":"Delicately suede strap made of the finest oiled Crazy Horse leather, stitched with contrasting thread for vintage styling.","breadcrumb":{"@id":"https:\/\/shop.ch24.pl\/en\/product\/brown-watch-strap-made-of-oiled-leather-crazy-horse-20mm\/#breadcrumb"},"inLanguage":"en-US","potentialAction":[{"@type":"ReadAction","target":["https:\/\/shop.ch24.pl\/en\/product\/brown-watch-strap-made-of-oiled-leather-crazy-horse-20mm\/"]}]},{"@type":"ImageObject","inLanguage":"en-US","@id":"https:\/\/shop.ch24.pl\/en\/product\/brown-watch-strap-made-of-oiled-leather-crazy-horse-20mm\/#primaryimage","url":"https:\/\/shop.ch24.pl\/wp-content\/uploads\/2020\/08\/Pasek_do_zegarka_ze_skory_olejowanej_crazy_horse_shop_CH24_a.jpg","contentUrl":"https:\/\/shop.ch24.pl\/wp-content\/uploads\/2020\/08\/Pasek_do_zegarka_ze_skory_olejowanej_crazy_horse_shop_CH24_a.jpg","width":1300,"height":1600,"caption":"Brown watch strap made of oiled leather Crazy Horse 20mm"},{"@type":"BreadcrumbList","@id":"https:\/\/shop.ch24.pl\/en\/product\/brown-watch-strap-made-of-oiled-leather-crazy-horse-20mm\/#breadcrumb","itemListElement":[{"@type":"ListItem","position":1,"name":"Home","item":"https:\/\/shop.ch24.pl\/en\/"},{"@type":"ListItem","position":2,"name":"Shop","item":"https:\/\/shop.ch24.pl\/en\/"},{"@type":"ListItem","position":3,"name":"Brown watch strap made of oiled leather Crazy Horse 20mm"}]},{"@type":"WebSite","@id":"https:\/\/shop.ch24.pl\/en\/#website","url":"https:\/\/shop.ch24.pl\/en\/","name":"SHOP.CH24.PL","description":"Sklep z akcesoriami dla mi\u0142o\u015bnik\u00f3w zegark\u00f3w","publisher":{"@id":"https:\/\/shop.ch24.pl\/en\/#organization"},"potentialAction":[{"@type":"SearchAction","target":{"@type":"EntryPoint","urlTemplate":"https:\/\/shop.ch24.pl\/en\/?s={search_term_string}"},"query-input":{"@type":"PropertyValueSpecification","valueRequired":true,"valueName":"search_term_string"}}],"inLanguage":"en-US"},{"@type":"Organization","@id":"https:\/\/shop.ch24.pl\/en\/#organization","name":"SHOP.CH24.PL \u2013 Sklep z akcesoriami dla mi\u0142o\u015bnik\u00f3w zegark\u00f3w","alternateName":"Sklep CH24.PL","url":"https:\/\/shop.ch24.pl\/en\/","logo":{"@type":"ImageObject","inLanguage":"en-US","@id":"https:\/\/shop.ch24.pl\/en\/#\/schema\/logo\/image\/","url":"https:\/\/shop.ch24.pl\/wp-content\/uploads\/2018\/04\/shop_ch24_pl_logo_01.png","contentUrl":"https:\/\/shop.ch24.pl\/wp-content\/uploads\/2018\/04\/shop_ch24_pl_logo_01.png","width":320,"height":33,"caption":"SHOP.CH24.PL \u2013 Sklep z akcesoriami dla mi\u0142o\u015bnik\u00f3w zegark\u00f3w"},"image":{"@id":"https:\/\/shop.ch24.pl\/en\/#\/schema\/logo\/image\/"}}]}},"_links":{"self":[{"href":"https:\/\/shop.ch24.pl\/en\/wp-json\/wp\/v2\/product\/2553","targetHints":{"allow":["GET"]}}],"collection":[{"href":"https:\/\/shop.ch24.pl\/en\/wp-json\/wp\/v2\/product"}],"about":[{"href":"https:\/\/shop.ch24.pl\/en\/wp-json\/wp\/v2\/types\/product"}],"wp:featuredmedia":[{"embeddable":true,"href":"https:\/\/shop.ch24.pl\/en\/wp-json\/wp\/v2\/media\/2555"}],"wp:attachment":[{"href":"https:\/\/shop.ch24.pl\/en\/wp-json\/wp\/v2\/media?parent=2553"}],"wp:term":[{"taxonomy":"woo-feed-brand","embeddable":true,"href":"https:\/\/shop.ch24.pl\/en\/wp-json\/wp\/v2\/woo-feed-brand?post=2553"},{"taxonomy":"product_brand","embeddable":true,"href":"https:\/\/shop.ch24.pl\/en\/wp-json\/wp\/v2\/product_brand?post=2553"},{"taxonomy":"product_cat","embeddable":true,"href":"https:\/\/shop.ch24.pl\/en\/wp-json\/wp\/v2\/product_cat?post=2553"},{"taxonomy":"product_tag","embeddable":true,"href":"https:\/\/shop.ch24.pl\/en\/wp-json\/wp\/v2\/product_tag?post=2553"}],"curies":[{"name":"wp","href":"https:\/\/api.w.org\/{rel}","templated":true}]}}