{"id":2625,"date":"2020-11-12T12:16:52","date_gmt":"2020-11-12T12:16:54","guid":{"rendered":"https:\/\/shop.ch24.pl\/?post_type=product&#038;p=2625"},"modified":"2023-09-12T08:47:24","modified_gmt":"2023-09-12T08:47:24","slug":"the-watch-book-more-than-time","status":"publish","type":"product","link":"https:\/\/shop.ch24.pl\/en\/product\/the-watch-book-more-than-time\/","title":{"rendered":"The Watch Book &#8211; More than Time"},"content":{"rendered":"<div class=\"wpb-content-wrapper\"><p>[vc_row css=&#8221;.vc_custom_1523881188082{border-top-width: 1px !important;border-top-color: #eeeeee !important;border-top-style: solid !important;}&#8221;][vc_column][\/vc_column][\/vc_row][vc_row content_placement=&#8221;middle&#8221;][vc_column width=&#8221;1\/2&#8243;][vc_empty_space height=&#8221;20px&#8221;][vc_column_text]<\/p>\n<h3>The Watch Book &#8211; More than Time<\/h3>\n<p>[\/vc_column_text][vc_empty_space height=&#8221;15px&#8221;][vc_column_text]<\/p>\n<p>&#8220;The Watch Book &#8211; More than Time&#8221; is an illustrated compendium of watchmaking prepared by Gisbert L. Brunner that explores these most intricate elements of the watchmaking craft through astronomy, timing, and striking. This album is an impressive addition to the &#8220;horological library&#8221;.<\/p>\n<p>[\/vc_column_text][vc_empty_space height=&#8221;30px&#8221;][\/vc_column][vc_column width=&#8221;1\/2&#8243;][vc_single_image image=&#8221;2628&#8243; img_size=&#8221;full&#8221; alignment=&#8221;center&#8221;][\/vc_column][\/vc_row][vc_row][vc_column][\/vc_column][\/vc_row][vc_row content_placement=&#8221;middle&#8221;][vc_column width=&#8221;1\/2&#8243;][vc_single_image image=&#8221;1225&#8243; img_size=&#8221;full&#8221; alignment=&#8221;center&#8221;][\/vc_column][vc_column width=&#8221;1\/2&#8243;][vc_empty_space height=&#8221;20px&#8221;][vc_column_text]<\/p>\n<h3>Gisbert L. Brunner<\/h3>\n<p>[\/vc_column_text][vc_empty_space height=&#8221;15px&#8221;][vc_column_text]<\/p>\n<p>Gisbert L. Brunner (born in 1947) associated with watch world since 1964. During the infamous \u2018quartz crisis\u2019 that was killing fine watchmaking in 70s he focused mostly on mechanical side of watch craftsmanship that endures with him till this day. As a die-hard enthusiast he wrote many articles and over 20 books about fine art of watchmaking.<\/p>\n<p>[\/vc_column_text][vc_empty_space height=&#8221;30px&#8221;][\/vc_column][\/vc_row]<\/p>\n<\/div>","protected":false},"excerpt":{"rendered":"<p>From stopwatches and alarms, to world clocks and calendar functions, to tourbillons that counter the effects of gravity, these so-called complications have been the crowning glory of fine watchmaking for centuries.<\/p>\n<p>English\/German &#8211; 244 pages.<\/p>\n","protected":false},"featured_media":2627,"template":"","meta":{"_acf_changed":false},"woo-feed-brand":[],"product_brand":[],"product_cat":[108],"product_tag":[114,113,115],"class_list":{"0":"post-2625","1":"product","2":"type-product","3":"status-publish","4":"has-post-thumbnail","6":"product_cat-library","7":"product_tag-album-book","8":"product_tag-book","9":"product_tag-gisbert-brunner","11":"first","12":"outofstock","13":"sale","14":"shipping-taxable","15":"purchasable","16":"product-type-simple"},"acf":[],"yoast_head":"<!-- This site is optimized with the Yoast SEO plugin v27.1.1 - https:\/\/yoast.com\/product\/yoast-seo-wordpress\/ -->\n<title>The Watch Book - More than Time - Gisbert L. Brunner - SHOP.CH24.PL<\/title>\n<meta name=\"description\" content=\"The Watch Book - More than Time is an illustrated compendium of watchmaking that explores these most intricate elements of the horologist&#039;s craft through timing, astronomy, and striking.\" \/>\n<meta name=\"robots\" content=\"index, follow, max-snippet:-1, max-image-preview:large, max-video-preview:-1\" \/>\n<link rel=\"canonical\" href=\"https:\/\/shop.ch24.pl\/en\/product\/the-watch-book-more-than-time\/\" \/>\n<meta property=\"og:locale\" content=\"en_US\" \/>\n<meta property=\"og:type\" content=\"article\" \/>\n<meta property=\"og:title\" content=\"The Watch Book - More than Time - Gisbert L. Brunner - SHOP.CH24.PL\" \/>\n<meta property=\"og:description\" content=\"The Watch Book - More than Time is an illustrated compendium of watchmaking that explores these most intricate elements of the horologist&#039;s craft through timing, astronomy, and striking.\" \/>\n<meta property=\"og:url\" content=\"https:\/\/shop.ch24.pl\/en\/product\/the-watch-book-more-than-time\/\" \/>\n<meta property=\"og:site_name\" content=\"SHOP.CH24.PL\" \/>\n<meta property=\"article:modified_time\" content=\"2023-09-12T08:47:24+00:00\" \/>\n<meta property=\"og:image\" content=\"https:\/\/shop.ch24.pl\/wp-content\/uploads\/2020\/11\/The_watch_book_More_then_time_Ksiazka_Gisbert_Brunner.jpg\" \/>\n\t<meta property=\"og:image:width\" content=\"1300\" \/>\n\t<meta property=\"og:image:height\" content=\"1600\" \/>\n\t<meta property=\"og:image:type\" content=\"image\/jpeg\" \/>\n<meta name=\"twitter:card\" content=\"summary_large_image\" \/>\n<meta name=\"twitter:label1\" content=\"Est. reading time\" \/>\n\t<meta name=\"twitter:data1\" content=\"1 minute\" \/>\n<script type=\"application\/ld+json\" class=\"yoast-schema-graph\">{\"@context\":\"https:\/\/schema.org\",\"@graph\":[{\"@type\":\"WebPage\",\"@id\":\"https:\/\/shop.ch24.pl\/en\/product\/the-watch-book-more-than-time\/\",\"url\":\"https:\/\/shop.ch24.pl\/en\/product\/the-watch-book-more-than-time\/\",\"name\":\"The Watch Book - More than Time - Gisbert L. Brunner - SHOP.CH24.PL\",\"isPartOf\":{\"@id\":\"https:\/\/shop.ch24.pl\/en\/#website\"},\"primaryImageOfPage\":{\"@id\":\"https:\/\/shop.ch24.pl\/en\/product\/the-watch-book-more-than-time\/#primaryimage\"},\"image\":{\"@id\":\"https:\/\/shop.ch24.pl\/en\/product\/the-watch-book-more-than-time\/#primaryimage\"},\"thumbnailUrl\":\"https:\/\/shop.ch24.pl\/wp-content\/uploads\/2020\/11\/The_watch_book_More_then_time_Ksiazka_Gisbert_Brunner.jpg\",\"datePublished\":\"2020-11-12T12:16:54+00:00\",\"dateModified\":\"2023-09-12T08:47:24+00:00\",\"description\":\"The Watch Book - More than Time is an illustrated compendium of watchmaking that explores these most intricate elements of the horologist's craft through timing, astronomy, and striking.\",\"breadcrumb\":{\"@id\":\"https:\/\/shop.ch24.pl\/en\/product\/the-watch-book-more-than-time\/#breadcrumb\"},\"inLanguage\":\"en-US\",\"potentialAction\":[{\"@type\":\"ReadAction\",\"target\":[\"https:\/\/shop.ch24.pl\/en\/product\/the-watch-book-more-than-time\/\"]}]},{\"@type\":\"ImageObject\",\"inLanguage\":\"en-US\",\"@id\":\"https:\/\/shop.ch24.pl\/en\/product\/the-watch-book-more-than-time\/#primaryimage\",\"url\":\"https:\/\/shop.ch24.pl\/wp-content\/uploads\/2020\/11\/The_watch_book_More_then_time_Ksiazka_Gisbert_Brunner.jpg\",\"contentUrl\":\"https:\/\/shop.ch24.pl\/wp-content\/uploads\/2020\/11\/The_watch_book_More_then_time_Ksiazka_Gisbert_Brunner.jpg\",\"width\":1300,\"height\":1600,\"caption\":\"The Watch Book - More than Time\"},{\"@type\":\"BreadcrumbList\",\"@id\":\"https:\/\/shop.ch24.pl\/en\/product\/the-watch-book-more-than-time\/#breadcrumb\",\"itemListElement\":[{\"@type\":\"ListItem\",\"position\":1,\"name\":\"Home\",\"item\":\"https:\/\/shop.ch24.pl\/en\/\"},{\"@type\":\"ListItem\",\"position\":2,\"name\":\"Shop\",\"item\":\"https:\/\/shop.ch24.pl\/en\/\"},{\"@type\":\"ListItem\",\"position\":3,\"name\":\"The Watch Book &#8211; More than Time\"}]},{\"@type\":\"WebSite\",\"@id\":\"https:\/\/shop.ch24.pl\/en\/#website\",\"url\":\"https:\/\/shop.ch24.pl\/en\/\",\"name\":\"SHOP.CH24.PL\",\"description\":\"Sklep z akcesoriami dla mi\u0142o\u015bnik\u00f3w zegark\u00f3w\",\"publisher\":{\"@id\":\"https:\/\/shop.ch24.pl\/en\/#organization\"},\"potentialAction\":[{\"@type\":\"SearchAction\",\"target\":{\"@type\":\"EntryPoint\",\"urlTemplate\":\"https:\/\/shop.ch24.pl\/en\/?s={search_term_string}\"},\"query-input\":{\"@type\":\"PropertyValueSpecification\",\"valueRequired\":true,\"valueName\":\"search_term_string\"}}],\"inLanguage\":\"en-US\"},{\"@type\":\"Organization\",\"@id\":\"https:\/\/shop.ch24.pl\/en\/#organization\",\"name\":\"SHOP.CH24.PL \u2013 Sklep z akcesoriami dla mi\u0142o\u015bnik\u00f3w zegark\u00f3w\",\"alternateName\":\"Sklep CH24.PL\",\"url\":\"https:\/\/shop.ch24.pl\/en\/\",\"logo\":{\"@type\":\"ImageObject\",\"inLanguage\":\"en-US\",\"@id\":\"https:\/\/shop.ch24.pl\/en\/#\/schema\/logo\/image\/\",\"url\":\"https:\/\/shop.ch24.pl\/wp-content\/uploads\/2018\/04\/shop_ch24_pl_logo_01.png\",\"contentUrl\":\"https:\/\/shop.ch24.pl\/wp-content\/uploads\/2018\/04\/shop_ch24_pl_logo_01.png\",\"width\":320,\"height\":33,\"caption\":\"SHOP.CH24.PL \u2013 Sklep z akcesoriami dla mi\u0142o\u015bnik\u00f3w zegark\u00f3w\"},\"image\":{\"@id\":\"https:\/\/shop.ch24.pl\/en\/#\/schema\/logo\/image\/\"}}]}<\/script>\n<!-- \/ Yoast SEO plugin. -->","yoast_head_json":{"title":"The Watch Book - More than Time - Gisbert L. Brunner - SHOP.CH24.PL","description":"The Watch Book - More than Time is an illustrated compendium of watchmaking that explores these most intricate elements of the horologist's craft through timing, astronomy, and striking.","robots":{"index":"index","follow":"follow","max-snippet":"max-snippet:-1","max-image-preview":"max-image-preview:large","max-video-preview":"max-video-preview:-1"},"canonical":"https:\/\/shop.ch24.pl\/en\/product\/the-watch-book-more-than-time\/","og_locale":"en_US","og_type":"article","og_title":"The Watch Book - More than Time - Gisbert L. Brunner - SHOP.CH24.PL","og_description":"The Watch Book - More than Time is an illustrated compendium of watchmaking that explores these most intricate elements of the horologist's craft through timing, astronomy, and striking.","og_url":"https:\/\/shop.ch24.pl\/en\/product\/the-watch-book-more-than-time\/","og_site_name":"SHOP.CH24.PL","article_modified_time":"2023-09-12T08:47:24+00:00","og_image":[{"width":1300,"height":1600,"url":"https:\/\/shop.ch24.pl\/wp-content\/uploads\/2020\/11\/The_watch_book_More_then_time_Ksiazka_Gisbert_Brunner.jpg","type":"image\/jpeg"}],"twitter_card":"summary_large_image","twitter_misc":{"Est. reading time":"1 minute"},"schema":{"@context":"https:\/\/schema.org","@graph":[{"@type":"WebPage","@id":"https:\/\/shop.ch24.pl\/en\/product\/the-watch-book-more-than-time\/","url":"https:\/\/shop.ch24.pl\/en\/product\/the-watch-book-more-than-time\/","name":"The Watch Book - More than Time - Gisbert L. Brunner - SHOP.CH24.PL","isPartOf":{"@id":"https:\/\/shop.ch24.pl\/en\/#website"},"primaryImageOfPage":{"@id":"https:\/\/shop.ch24.pl\/en\/product\/the-watch-book-more-than-time\/#primaryimage"},"image":{"@id":"https:\/\/shop.ch24.pl\/en\/product\/the-watch-book-more-than-time\/#primaryimage"},"thumbnailUrl":"https:\/\/shop.ch24.pl\/wp-content\/uploads\/2020\/11\/The_watch_book_More_then_time_Ksiazka_Gisbert_Brunner.jpg","datePublished":"2020-11-12T12:16:54+00:00","dateModified":"2023-09-12T08:47:24+00:00","description":"The Watch Book - More than Time is an illustrated compendium of watchmaking that explores these most intricate elements of the horologist's craft through timing, astronomy, and striking.","breadcrumb":{"@id":"https:\/\/shop.ch24.pl\/en\/product\/the-watch-book-more-than-time\/#breadcrumb"},"inLanguage":"en-US","potentialAction":[{"@type":"ReadAction","target":["https:\/\/shop.ch24.pl\/en\/product\/the-watch-book-more-than-time\/"]}]},{"@type":"ImageObject","inLanguage":"en-US","@id":"https:\/\/shop.ch24.pl\/en\/product\/the-watch-book-more-than-time\/#primaryimage","url":"https:\/\/shop.ch24.pl\/wp-content\/uploads\/2020\/11\/The_watch_book_More_then_time_Ksiazka_Gisbert_Brunner.jpg","contentUrl":"https:\/\/shop.ch24.pl\/wp-content\/uploads\/2020\/11\/The_watch_book_More_then_time_Ksiazka_Gisbert_Brunner.jpg","width":1300,"height":1600,"caption":"The Watch Book - More than Time"},{"@type":"BreadcrumbList","@id":"https:\/\/shop.ch24.pl\/en\/product\/the-watch-book-more-than-time\/#breadcrumb","itemListElement":[{"@type":"ListItem","position":1,"name":"Home","item":"https:\/\/shop.ch24.pl\/en\/"},{"@type":"ListItem","position":2,"name":"Shop","item":"https:\/\/shop.ch24.pl\/en\/"},{"@type":"ListItem","position":3,"name":"The Watch Book &#8211; More than Time"}]},{"@type":"WebSite","@id":"https:\/\/shop.ch24.pl\/en\/#website","url":"https:\/\/shop.ch24.pl\/en\/","name":"SHOP.CH24.PL","description":"Sklep z akcesoriami dla mi\u0142o\u015bnik\u00f3w zegark\u00f3w","publisher":{"@id":"https:\/\/shop.ch24.pl\/en\/#organization"},"potentialAction":[{"@type":"SearchAction","target":{"@type":"EntryPoint","urlTemplate":"https:\/\/shop.ch24.pl\/en\/?s={search_term_string}"},"query-input":{"@type":"PropertyValueSpecification","valueRequired":true,"valueName":"search_term_string"}}],"inLanguage":"en-US"},{"@type":"Organization","@id":"https:\/\/shop.ch24.pl\/en\/#organization","name":"SHOP.CH24.PL \u2013 Sklep z akcesoriami dla mi\u0142o\u015bnik\u00f3w zegark\u00f3w","alternateName":"Sklep CH24.PL","url":"https:\/\/shop.ch24.pl\/en\/","logo":{"@type":"ImageObject","inLanguage":"en-US","@id":"https:\/\/shop.ch24.pl\/en\/#\/schema\/logo\/image\/","url":"https:\/\/shop.ch24.pl\/wp-content\/uploads\/2018\/04\/shop_ch24_pl_logo_01.png","contentUrl":"https:\/\/shop.ch24.pl\/wp-content\/uploads\/2018\/04\/shop_ch24_pl_logo_01.png","width":320,"height":33,"caption":"SHOP.CH24.PL \u2013 Sklep z akcesoriami dla mi\u0142o\u015bnik\u00f3w zegark\u00f3w"},"image":{"@id":"https:\/\/shop.ch24.pl\/en\/#\/schema\/logo\/image\/"}}]}},"_links":{"self":[{"href":"https:\/\/shop.ch24.pl\/en\/wp-json\/wp\/v2\/product\/2625","targetHints":{"allow":["GET"]}}],"collection":[{"href":"https:\/\/shop.ch24.pl\/en\/wp-json\/wp\/v2\/product"}],"about":[{"href":"https:\/\/shop.ch24.pl\/en\/wp-json\/wp\/v2\/types\/product"}],"wp:featuredmedia":[{"embeddable":true,"href":"https:\/\/shop.ch24.pl\/en\/wp-json\/wp\/v2\/media\/2627"}],"wp:attachment":[{"href":"https:\/\/shop.ch24.pl\/en\/wp-json\/wp\/v2\/media?parent=2625"}],"wp:term":[{"taxonomy":"woo-feed-brand","embeddable":true,"href":"https:\/\/shop.ch24.pl\/en\/wp-json\/wp\/v2\/woo-feed-brand?post=2625"},{"taxonomy":"product_brand","embeddable":true,"href":"https:\/\/shop.ch24.pl\/en\/wp-json\/wp\/v2\/product_brand?post=2625"},{"taxonomy":"product_cat","embeddable":true,"href":"https:\/\/shop.ch24.pl\/en\/wp-json\/wp\/v2\/product_cat?post=2625"},{"taxonomy":"product_tag","embeddable":true,"href":"https:\/\/shop.ch24.pl\/en\/wp-json\/wp\/v2\/product_tag?post=2625"}],"curies":[{"name":"wp","href":"https:\/\/api.w.org\/{rel}","templated":true}]}}