{"id":2830,"date":"2020-12-14T18:30:16","date_gmt":"2020-12-14T18:30:20","guid":{"rendered":"https:\/\/shop.ch24.pl\/?post_type=product&#038;p=2830"},"modified":"2020-12-15T20:37:47","modified_gmt":"2020-12-15T20:37:47","slug":"poster-icons-of-watchmaking","status":"publish","type":"product","link":"https:\/\/shop.ch24.pl\/en\/product\/poster-icons-of-watchmaking\/","title":{"rendered":"Poster &#8211; &#8220;Icons of Watchmaking&#8221;"},"content":{"rendered":"<div class=\"wpb-content-wrapper\"><p>[vc_row css=&#8221;.vc_custom_1523881188082{border-top-width: 1px !important;border-top-color: #eeeeee !important;border-top-style: solid !important;}&#8221;][vc_column][\/vc_column][\/vc_row][vc_row content_placement=&#8221;middle&#8221;][vc_column width=&#8221;1\/2&#8243;][vc_empty_space height=&#8221;20px&#8221;][vc_column_text]<\/p>\n<h3>Icons of watchmaking<\/h3>\n<p>[\/vc_column_text][vc_empty_space height=&#8221;15px&#8221;][vc_column_text]A poster presenting 10 models of watches, considered the most iconic: Breitling Navitimer, Audemars Piguet Royal Oak, Cartier Tank, IWC Portugieser, Jaeger-LeCoultre Reverso, Omega Speedmaster, Patek Philippe Nautilus, Rolex Daytona, Rolex Submariner oraz TAG Heuer Monaco.<\/p>\n<p>A poster is printed on 42 x 59,4 cm tecco paper. There will be a limited series of 24 copies &#8211; each signed in pencil by the author.[\/vc_column_text][vc_empty_space height=&#8221;30px&#8221;][\/vc_column][vc_column width=&#8221;1\/2&#8243;][vc_single_image image=&#8221;2843&#8243; img_size=&#8221;full&#8221; alignment=&#8221;center&#8221;][\/vc_column][\/vc_row][vc_row][vc_column][\/vc_column][\/vc_row][vc_row content_placement=&#8221;middle&#8221;][vc_column width=&#8221;1\/2&#8243;][vc_single_image image=&#8221;955&#8243; img_size=&#8221;large&#8221; alignment=&#8221;center&#8221;][\/vc_column][vc_column width=&#8221;1\/2&#8243;][vc_empty_space height=&#8221;20px&#8221;][vc_column_text]<\/p>\n<h3>Anna Halarewicz<\/h3>\n<p>[\/vc_column_text][vc_empty_space height=&#8221;15px&#8221;][vc_column_text]One of Poland\u2019s most distinguished fashion illustrators. Graduate of Wroclaw\u2019s Academy of Fine Arts, currently lives and creates in Warsaw.<\/p>\n<p>She worked with major level magazines such as Tw\u00f3j Styl, Harper\u2019s Bazaar, Elle, Glamour, InStyle\u00a0 Cosmopolitan, Newsweek, Wysokie Obcasy, OOB magazine, and brands like: OMEGA Watches, Dior, Louis Vuitton, Bizuu, La Mania, Tatuum, Orska, Dr Irena Eris. She also specializes in book illustrations.<\/p>\n<p>She exhibited her works in Poland and abroad.[\/vc_column_text][vc_empty_space height=&#8221;30px&#8221;][\/vc_column][\/vc_row]<\/p>\n<\/div>","protected":false},"excerpt":{"rendered":"<p>Poster showing 10 &#8220;Icons of Watchmaking&#8221;, made by illustrator and painter Anna Halarewicz. <span class=\"JLqJ4b ChMk0b\" data-language-for-alternatives=\"en\" data-language-to-translate-into=\"pl\" data-phrase-index=\"1\">A great unique gift idea!<\/span><\/p>\n<p>The work is sold without a frame.<\/p>\n","protected":false},"featured_media":2834,"template":"","meta":{"_acf_changed":false},"woo-feed-brand":[],"product_brand":[],"product_cat":[70],"product_tag":[71,154,73,153],"class_list":{"0":"post-2830","1":"product","2":"type-product","3":"status-publish","4":"has-post-thumbnail","6":"product_cat-art","7":"product_tag-anna-halarewicz-illustrator","8":"product_tag-cult-watches","9":"product_tag-drawing","10":"product_tag-icons-of-watchmaking","12":"first","13":"outofstock","14":"shipping-taxable","15":"purchasable","16":"product-type-simple"},"acf":[],"yoast_head":"<!-- This site is optimized with the Yoast SEO plugin v27.1.1 - https:\/\/yoast.com\/product\/yoast-seo-wordpress\/ -->\n<title>Poster &quot;Icons of Watchmaking&quot;<\/title>\n<meta name=\"description\" content=\"A unique poster of 10 &quot;Icons of Watchmaking&quot; by Anna Halarewicz. A great idea for an original gift!\" \/>\n<meta name=\"robots\" content=\"index, follow, max-snippet:-1, max-image-preview:large, max-video-preview:-1\" \/>\n<link rel=\"canonical\" href=\"https:\/\/shop.ch24.pl\/en\/product\/poster-icons-of-watchmaking\/\" \/>\n<meta property=\"og:locale\" content=\"en_US\" \/>\n<meta property=\"og:type\" content=\"article\" \/>\n<meta property=\"og:title\" content=\"Poster &quot;Icons of Watchmaking&quot;\" \/>\n<meta property=\"og:description\" content=\"A unique poster of 10 &quot;Icons of Watchmaking&quot; by Anna Halarewicz. A great idea for an original gift!\" \/>\n<meta property=\"og:url\" content=\"https:\/\/shop.ch24.pl\/en\/product\/poster-icons-of-watchmaking\/\" \/>\n<meta property=\"og:site_name\" content=\"SHOP.CH24.PL\" \/>\n<meta property=\"article:modified_time\" content=\"2020-12-15T20:37:47+00:00\" \/>\n<meta property=\"og:image\" content=\"https:\/\/shop.ch24.pl\/wp-content\/uploads\/2020\/12\/kultowe_zegarki_plakat_shop_CH24_a.jpg\" \/>\n\t<meta property=\"og:image:width\" content=\"1300\" \/>\n\t<meta property=\"og:image:height\" content=\"1600\" \/>\n\t<meta property=\"og:image:type\" content=\"image\/jpeg\" \/>\n<meta name=\"twitter:card\" content=\"summary_large_image\" \/>\n<meta name=\"twitter:label1\" content=\"Est. reading time\" \/>\n\t<meta name=\"twitter:data1\" content=\"1 minute\" \/>\n<script type=\"application\/ld+json\" class=\"yoast-schema-graph\">{\"@context\":\"https:\/\/schema.org\",\"@graph\":[{\"@type\":\"WebPage\",\"@id\":\"https:\/\/shop.ch24.pl\/en\/product\/poster-icons-of-watchmaking\/\",\"url\":\"https:\/\/shop.ch24.pl\/en\/product\/poster-icons-of-watchmaking\/\",\"name\":\"Poster \\\"Icons of Watchmaking\\\"\",\"isPartOf\":{\"@id\":\"https:\/\/shop.ch24.pl\/en\/#website\"},\"primaryImageOfPage\":{\"@id\":\"https:\/\/shop.ch24.pl\/en\/product\/poster-icons-of-watchmaking\/#primaryimage\"},\"image\":{\"@id\":\"https:\/\/shop.ch24.pl\/en\/product\/poster-icons-of-watchmaking\/#primaryimage\"},\"thumbnailUrl\":\"https:\/\/shop.ch24.pl\/wp-content\/uploads\/2020\/12\/kultowe_zegarki_plakat_shop_CH24_a.jpg\",\"datePublished\":\"2020-12-14T18:30:20+00:00\",\"dateModified\":\"2020-12-15T20:37:47+00:00\",\"description\":\"A unique poster of 10 \\\"Icons of Watchmaking\\\" by Anna Halarewicz. A great idea for an original gift!\",\"breadcrumb\":{\"@id\":\"https:\/\/shop.ch24.pl\/en\/product\/poster-icons-of-watchmaking\/#breadcrumb\"},\"inLanguage\":\"en-US\",\"potentialAction\":[{\"@type\":\"ReadAction\",\"target\":[\"https:\/\/shop.ch24.pl\/en\/product\/poster-icons-of-watchmaking\/\"]}]},{\"@type\":\"ImageObject\",\"inLanguage\":\"en-US\",\"@id\":\"https:\/\/shop.ch24.pl\/en\/product\/poster-icons-of-watchmaking\/#primaryimage\",\"url\":\"https:\/\/shop.ch24.pl\/wp-content\/uploads\/2020\/12\/kultowe_zegarki_plakat_shop_CH24_a.jpg\",\"contentUrl\":\"https:\/\/shop.ch24.pl\/wp-content\/uploads\/2020\/12\/kultowe_zegarki_plakat_shop_CH24_a.jpg\",\"width\":1300,\"height\":1600,\"caption\":\"Poster \\\"Icons of Watchmaking\\\"\"},{\"@type\":\"BreadcrumbList\",\"@id\":\"https:\/\/shop.ch24.pl\/en\/product\/poster-icons-of-watchmaking\/#breadcrumb\",\"itemListElement\":[{\"@type\":\"ListItem\",\"position\":1,\"name\":\"Home\",\"item\":\"https:\/\/shop.ch24.pl\/en\/\"},{\"@type\":\"ListItem\",\"position\":2,\"name\":\"Shop\",\"item\":\"https:\/\/shop.ch24.pl\/en\/\"},{\"@type\":\"ListItem\",\"position\":3,\"name\":\"Poster &#8211; &#8220;Icons of Watchmaking&#8221;\"}]},{\"@type\":\"WebSite\",\"@id\":\"https:\/\/shop.ch24.pl\/en\/#website\",\"url\":\"https:\/\/shop.ch24.pl\/en\/\",\"name\":\"SHOP.CH24.PL\",\"description\":\"Sklep z akcesoriami dla mi\u0142o\u015bnik\u00f3w zegark\u00f3w\",\"publisher\":{\"@id\":\"https:\/\/shop.ch24.pl\/en\/#organization\"},\"potentialAction\":[{\"@type\":\"SearchAction\",\"target\":{\"@type\":\"EntryPoint\",\"urlTemplate\":\"https:\/\/shop.ch24.pl\/en\/?s={search_term_string}\"},\"query-input\":{\"@type\":\"PropertyValueSpecification\",\"valueRequired\":true,\"valueName\":\"search_term_string\"}}],\"inLanguage\":\"en-US\"},{\"@type\":\"Organization\",\"@id\":\"https:\/\/shop.ch24.pl\/en\/#organization\",\"name\":\"SHOP.CH24.PL \u2013 Sklep z akcesoriami dla mi\u0142o\u015bnik\u00f3w zegark\u00f3w\",\"alternateName\":\"Sklep CH24.PL\",\"url\":\"https:\/\/shop.ch24.pl\/en\/\",\"logo\":{\"@type\":\"ImageObject\",\"inLanguage\":\"en-US\",\"@id\":\"https:\/\/shop.ch24.pl\/en\/#\/schema\/logo\/image\/\",\"url\":\"https:\/\/shop.ch24.pl\/wp-content\/uploads\/2018\/04\/shop_ch24_pl_logo_01.png\",\"contentUrl\":\"https:\/\/shop.ch24.pl\/wp-content\/uploads\/2018\/04\/shop_ch24_pl_logo_01.png\",\"width\":320,\"height\":33,\"caption\":\"SHOP.CH24.PL \u2013 Sklep z akcesoriami dla mi\u0142o\u015bnik\u00f3w zegark\u00f3w\"},\"image\":{\"@id\":\"https:\/\/shop.ch24.pl\/en\/#\/schema\/logo\/image\/\"}}]}<\/script>\n<!-- \/ Yoast SEO plugin. -->","yoast_head_json":{"title":"Poster \"Icons of Watchmaking\"","description":"A unique poster of 10 \"Icons of Watchmaking\" by Anna Halarewicz. A great idea for an original gift!","robots":{"index":"index","follow":"follow","max-snippet":"max-snippet:-1","max-image-preview":"max-image-preview:large","max-video-preview":"max-video-preview:-1"},"canonical":"https:\/\/shop.ch24.pl\/en\/product\/poster-icons-of-watchmaking\/","og_locale":"en_US","og_type":"article","og_title":"Poster \"Icons of Watchmaking\"","og_description":"A unique poster of 10 \"Icons of Watchmaking\" by Anna Halarewicz. A great idea for an original gift!","og_url":"https:\/\/shop.ch24.pl\/en\/product\/poster-icons-of-watchmaking\/","og_site_name":"SHOP.CH24.PL","article_modified_time":"2020-12-15T20:37:47+00:00","og_image":[{"width":1300,"height":1600,"url":"https:\/\/shop.ch24.pl\/wp-content\/uploads\/2020\/12\/kultowe_zegarki_plakat_shop_CH24_a.jpg","type":"image\/jpeg"}],"twitter_card":"summary_large_image","twitter_misc":{"Est. reading time":"1 minute"},"schema":{"@context":"https:\/\/schema.org","@graph":[{"@type":"WebPage","@id":"https:\/\/shop.ch24.pl\/en\/product\/poster-icons-of-watchmaking\/","url":"https:\/\/shop.ch24.pl\/en\/product\/poster-icons-of-watchmaking\/","name":"Poster \"Icons of Watchmaking\"","isPartOf":{"@id":"https:\/\/shop.ch24.pl\/en\/#website"},"primaryImageOfPage":{"@id":"https:\/\/shop.ch24.pl\/en\/product\/poster-icons-of-watchmaking\/#primaryimage"},"image":{"@id":"https:\/\/shop.ch24.pl\/en\/product\/poster-icons-of-watchmaking\/#primaryimage"},"thumbnailUrl":"https:\/\/shop.ch24.pl\/wp-content\/uploads\/2020\/12\/kultowe_zegarki_plakat_shop_CH24_a.jpg","datePublished":"2020-12-14T18:30:20+00:00","dateModified":"2020-12-15T20:37:47+00:00","description":"A unique poster of 10 \"Icons of Watchmaking\" by Anna Halarewicz. A great idea for an original gift!","breadcrumb":{"@id":"https:\/\/shop.ch24.pl\/en\/product\/poster-icons-of-watchmaking\/#breadcrumb"},"inLanguage":"en-US","potentialAction":[{"@type":"ReadAction","target":["https:\/\/shop.ch24.pl\/en\/product\/poster-icons-of-watchmaking\/"]}]},{"@type":"ImageObject","inLanguage":"en-US","@id":"https:\/\/shop.ch24.pl\/en\/product\/poster-icons-of-watchmaking\/#primaryimage","url":"https:\/\/shop.ch24.pl\/wp-content\/uploads\/2020\/12\/kultowe_zegarki_plakat_shop_CH24_a.jpg","contentUrl":"https:\/\/shop.ch24.pl\/wp-content\/uploads\/2020\/12\/kultowe_zegarki_plakat_shop_CH24_a.jpg","width":1300,"height":1600,"caption":"Poster \"Icons of Watchmaking\""},{"@type":"BreadcrumbList","@id":"https:\/\/shop.ch24.pl\/en\/product\/poster-icons-of-watchmaking\/#breadcrumb","itemListElement":[{"@type":"ListItem","position":1,"name":"Home","item":"https:\/\/shop.ch24.pl\/en\/"},{"@type":"ListItem","position":2,"name":"Shop","item":"https:\/\/shop.ch24.pl\/en\/"},{"@type":"ListItem","position":3,"name":"Poster &#8211; &#8220;Icons of Watchmaking&#8221;"}]},{"@type":"WebSite","@id":"https:\/\/shop.ch24.pl\/en\/#website","url":"https:\/\/shop.ch24.pl\/en\/","name":"SHOP.CH24.PL","description":"Sklep z akcesoriami dla mi\u0142o\u015bnik\u00f3w zegark\u00f3w","publisher":{"@id":"https:\/\/shop.ch24.pl\/en\/#organization"},"potentialAction":[{"@type":"SearchAction","target":{"@type":"EntryPoint","urlTemplate":"https:\/\/shop.ch24.pl\/en\/?s={search_term_string}"},"query-input":{"@type":"PropertyValueSpecification","valueRequired":true,"valueName":"search_term_string"}}],"inLanguage":"en-US"},{"@type":"Organization","@id":"https:\/\/shop.ch24.pl\/en\/#organization","name":"SHOP.CH24.PL \u2013 Sklep z akcesoriami dla mi\u0142o\u015bnik\u00f3w zegark\u00f3w","alternateName":"Sklep CH24.PL","url":"https:\/\/shop.ch24.pl\/en\/","logo":{"@type":"ImageObject","inLanguage":"en-US","@id":"https:\/\/shop.ch24.pl\/en\/#\/schema\/logo\/image\/","url":"https:\/\/shop.ch24.pl\/wp-content\/uploads\/2018\/04\/shop_ch24_pl_logo_01.png","contentUrl":"https:\/\/shop.ch24.pl\/wp-content\/uploads\/2018\/04\/shop_ch24_pl_logo_01.png","width":320,"height":33,"caption":"SHOP.CH24.PL \u2013 Sklep z akcesoriami dla mi\u0142o\u015bnik\u00f3w zegark\u00f3w"},"image":{"@id":"https:\/\/shop.ch24.pl\/en\/#\/schema\/logo\/image\/"}}]}},"_links":{"self":[{"href":"https:\/\/shop.ch24.pl\/en\/wp-json\/wp\/v2\/product\/2830","targetHints":{"allow":["GET"]}}],"collection":[{"href":"https:\/\/shop.ch24.pl\/en\/wp-json\/wp\/v2\/product"}],"about":[{"href":"https:\/\/shop.ch24.pl\/en\/wp-json\/wp\/v2\/types\/product"}],"wp:featuredmedia":[{"embeddable":true,"href":"https:\/\/shop.ch24.pl\/en\/wp-json\/wp\/v2\/media\/2834"}],"wp:attachment":[{"href":"https:\/\/shop.ch24.pl\/en\/wp-json\/wp\/v2\/media?parent=2830"}],"wp:term":[{"taxonomy":"woo-feed-brand","embeddable":true,"href":"https:\/\/shop.ch24.pl\/en\/wp-json\/wp\/v2\/woo-feed-brand?post=2830"},{"taxonomy":"product_brand","embeddable":true,"href":"https:\/\/shop.ch24.pl\/en\/wp-json\/wp\/v2\/product_brand?post=2830"},{"taxonomy":"product_cat","embeddable":true,"href":"https:\/\/shop.ch24.pl\/en\/wp-json\/wp\/v2\/product_cat?post=2830"},{"taxonomy":"product_tag","embeddable":true,"href":"https:\/\/shop.ch24.pl\/en\/wp-json\/wp\/v2\/product_tag?post=2830"}],"curies":[{"name":"wp","href":"https:\/\/api.w.org\/{rel}","templated":true}]}}