{"id":2902,"date":"2020-12-28T08:31:06","date_gmt":"2020-12-28T08:31:09","guid":{"rendered":"https:\/\/shop.ch24.pl\/?post_type=product&#038;p=2902"},"modified":"2021-03-07T19:55:30","modified_gmt":"2021-03-07T19:55:30","slug":"vintage-rolex-the-largest-collection-in-the-world-david-silver","status":"publish","type":"product","link":"https:\/\/shop.ch24.pl\/en\/product\/vintage-rolex-the-largest-collection-in-the-world-david-silver\/","title":{"rendered":"Vintage Rolex &#8211; The Largest Collection in the World"},"content":{"rendered":"<div class=\"wpb-content-wrapper\"><p>[vc_row css=&#8221;.vc_custom_1523881188082{border-top-width: 1px !important;border-top-color: #eeeeee !important;border-top-style: solid !important;}&#8221;][vc_column][\/vc_column][\/vc_row][vc_row content_placement=&#8221;middle&#8221;][vc_column width=&#8221;1\/2&#8243;][vc_empty_space height=&#8221;20px&#8221;][vc_column_text]<\/p>\n<h3>Vintage Rolex &#8211; The Largest Collection in the World<\/h3>\n<p>[\/vc_column_text][vc_empty_space height=&#8221;15px&#8221;][vc_column_text]More than 1800 watches have been photographed and are described in detail in the book. From early Rolex pocket watches to the world\u2019s first wristwatches, elegant in their simplicity yet revolutionary in their impact, to the very first Submariners, iconic Daytonas and jewel-encrusted Crown Collections, the mesmerizing archive of vintage timepieces charts the extraordinary rise of an extraordinary brand. Choose from the First Rolex Submariner, later coined the James Bond, or the Early GMT-Master made for Pan Am transatlantic pilots. Read about the First Explorers made famous by the 1953 Everest Expedition or the later Explorer II worn by Steve McQueen.[\/vc_column_text][vc_empty_space height=&#8221;30px&#8221;][\/vc_column][vc_column width=&#8221;1\/2&#8243;][vc_single_image image=&#8221;2911&#8243; img_size=&#8221;full&#8221; alignment=&#8221;center&#8221;][\/vc_column][\/vc_row][vc_row][vc_column][\/vc_column][\/vc_row][vc_row content_placement=&#8221;middle&#8221;][vc_column width=&#8221;1\/2&#8243;][vc_single_image image=&#8221;2909&#8243; img_size=&#8221;full&#8221; alignment=&#8221;center&#8221;][\/vc_column][vc_column width=&#8221;1\/2&#8243;][vc_empty_space height=&#8221;20px&#8221;][vc_column_text]<\/p>\n<h3>David Silver \/ The Vintage Watch Company<\/h3>\n<p>[\/vc_column_text][vc_empty_space height=&#8221;15px&#8221;][vc_column_text]The Vintage Watch Company, owned by father and son duo, John and David Silver, was established in 1995 and is now based in London\u2019s historic Burlington Arcade. It is dedicated to showcasing Vintage Rolex wristwatches from c1910\u2013c1990. Their unparalleled collection carries over 2000 pieces and is the largest collection of Vintage Rolex watches on display in the world. The shop is now a destination for watch collectors and discerning shoppers from around the world.[\/vc_column_text][vc_empty_space height=&#8221;30px&#8221;][\/vc_column][\/vc_row]<\/p>\n<\/div>","protected":false},"excerpt":{"rendered":"<p>A book published on the occasion of the 25th anniversary of The Vintage Watch Company. It contains photos of Rolex watches that have passed through the shop over those years. A must have not only for collectors, but above all for all Rolex fans who would like to see how famous collections have changed over the years.<\/p>\n<p>English, 384 pages.<\/p>\n","protected":false},"featured_media":2906,"template":"","meta":{"_acf_changed":false},"woo-feed-brand":[],"product_brand":[],"product_cat":[108],"product_tag":[114,113,156,116],"class_list":{"0":"post-2902","1":"product","2":"type-product","3":"status-publish","4":"has-post-thumbnail","6":"product_cat-library","7":"product_tag-album-book","8":"product_tag-book","9":"product_tag-david-silver-en","10":"product_tag-rolex-watches","12":"first","13":"outofstock","14":"shipping-taxable","15":"purchasable","16":"product-type-simple"},"acf":[],"yoast_head":"<!-- This site is optimized with the Yoast SEO plugin v27.1.1 - https:\/\/yoast.com\/product\/yoast-seo-wordpress\/ -->\n<title>Vintage Rolex - The Largest Collection... - David Silver - SHOP.CH24.PL<\/title>\n<meta name=\"description\" content=\"More than 1800 watches have been photographed and are described in detail in the book. From early Rolex pocket watches to the world\u2019s first wristwatches.\" \/>\n<meta name=\"robots\" content=\"index, follow, max-snippet:-1, max-image-preview:large, max-video-preview:-1\" \/>\n<link rel=\"canonical\" href=\"https:\/\/shop.ch24.pl\/en\/product\/vintage-rolex-the-largest-collection-in-the-world-david-silver\/\" \/>\n<meta property=\"og:locale\" content=\"en_US\" \/>\n<meta property=\"og:type\" content=\"article\" \/>\n<meta property=\"og:title\" content=\"Vintage Rolex - The Largest Collection... - David Silver - SHOP.CH24.PL\" \/>\n<meta property=\"og:description\" content=\"More than 1800 watches have been photographed and are described in detail in the book. From early Rolex pocket watches to the world\u2019s first wristwatches.\" \/>\n<meta property=\"og:url\" content=\"https:\/\/shop.ch24.pl\/en\/product\/vintage-rolex-the-largest-collection-in-the-world-david-silver\/\" \/>\n<meta property=\"og:site_name\" content=\"SHOP.CH24.PL\" \/>\n<meta property=\"article:modified_time\" content=\"2021-03-07T19:55:30+00:00\" \/>\n<meta property=\"og:image\" content=\"https:\/\/shop.ch24.pl\/wp-content\/uploads\/2020\/12\/Vintage_Rolex_the_largest_collection_in_the_world_David_Silver_cover_shop_ch24_pl.jpg\" \/>\n\t<meta property=\"og:image:width\" content=\"1300\" \/>\n\t<meta property=\"og:image:height\" content=\"1600\" \/>\n\t<meta property=\"og:image:type\" content=\"image\/jpeg\" \/>\n<meta name=\"twitter:card\" content=\"summary_large_image\" \/>\n<meta name=\"twitter:label1\" content=\"Est. reading time\" \/>\n\t<meta name=\"twitter:data1\" content=\"2 minutes\" \/>\n<script type=\"application\/ld+json\" class=\"yoast-schema-graph\">{\"@context\":\"https:\/\/schema.org\",\"@graph\":[{\"@type\":\"WebPage\",\"@id\":\"https:\/\/shop.ch24.pl\/en\/product\/vintage-rolex-the-largest-collection-in-the-world-david-silver\/\",\"url\":\"https:\/\/shop.ch24.pl\/en\/product\/vintage-rolex-the-largest-collection-in-the-world-david-silver\/\",\"name\":\"Vintage Rolex - The Largest Collection... - David Silver - SHOP.CH24.PL\",\"isPartOf\":{\"@id\":\"https:\/\/shop.ch24.pl\/en\/#website\"},\"primaryImageOfPage\":{\"@id\":\"https:\/\/shop.ch24.pl\/en\/product\/vintage-rolex-the-largest-collection-in-the-world-david-silver\/#primaryimage\"},\"image\":{\"@id\":\"https:\/\/shop.ch24.pl\/en\/product\/vintage-rolex-the-largest-collection-in-the-world-david-silver\/#primaryimage\"},\"thumbnailUrl\":\"https:\/\/shop.ch24.pl\/wp-content\/uploads\/2020\/12\/Vintage_Rolex_the_largest_collection_in_the_world_David_Silver_cover_shop_ch24_pl.jpg\",\"datePublished\":\"2020-12-28T08:31:09+00:00\",\"dateModified\":\"2021-03-07T19:55:30+00:00\",\"description\":\"More than 1800 watches have been photographed and are described in detail in the book. From early Rolex pocket watches to the world\u2019s first wristwatches.\",\"breadcrumb\":{\"@id\":\"https:\/\/shop.ch24.pl\/en\/product\/vintage-rolex-the-largest-collection-in-the-world-david-silver\/#breadcrumb\"},\"inLanguage\":\"en-US\",\"potentialAction\":[{\"@type\":\"ReadAction\",\"target\":[\"https:\/\/shop.ch24.pl\/en\/product\/vintage-rolex-the-largest-collection-in-the-world-david-silver\/\"]}]},{\"@type\":\"ImageObject\",\"inLanguage\":\"en-US\",\"@id\":\"https:\/\/shop.ch24.pl\/en\/product\/vintage-rolex-the-largest-collection-in-the-world-david-silver\/#primaryimage\",\"url\":\"https:\/\/shop.ch24.pl\/wp-content\/uploads\/2020\/12\/Vintage_Rolex_the_largest_collection_in_the_world_David_Silver_cover_shop_ch24_pl.jpg\",\"contentUrl\":\"https:\/\/shop.ch24.pl\/wp-content\/uploads\/2020\/12\/Vintage_Rolex_the_largest_collection_in_the_world_David_Silver_cover_shop_ch24_pl.jpg\",\"width\":1300,\"height\":1600,\"caption\":\"Vintage Rolex - The Largest Collection in the World\"},{\"@type\":\"BreadcrumbList\",\"@id\":\"https:\/\/shop.ch24.pl\/en\/product\/vintage-rolex-the-largest-collection-in-the-world-david-silver\/#breadcrumb\",\"itemListElement\":[{\"@type\":\"ListItem\",\"position\":1,\"name\":\"Home\",\"item\":\"https:\/\/shop.ch24.pl\/en\/\"},{\"@type\":\"ListItem\",\"position\":2,\"name\":\"Shop\",\"item\":\"https:\/\/shop.ch24.pl\/en\/\"},{\"@type\":\"ListItem\",\"position\":3,\"name\":\"Vintage Rolex &#8211; The Largest Collection in the World\"}]},{\"@type\":\"WebSite\",\"@id\":\"https:\/\/shop.ch24.pl\/en\/#website\",\"url\":\"https:\/\/shop.ch24.pl\/en\/\",\"name\":\"SHOP.CH24.PL\",\"description\":\"Sklep z akcesoriami dla mi\u0142o\u015bnik\u00f3w zegark\u00f3w\",\"publisher\":{\"@id\":\"https:\/\/shop.ch24.pl\/en\/#organization\"},\"potentialAction\":[{\"@type\":\"SearchAction\",\"target\":{\"@type\":\"EntryPoint\",\"urlTemplate\":\"https:\/\/shop.ch24.pl\/en\/?s={search_term_string}\"},\"query-input\":{\"@type\":\"PropertyValueSpecification\",\"valueRequired\":true,\"valueName\":\"search_term_string\"}}],\"inLanguage\":\"en-US\"},{\"@type\":\"Organization\",\"@id\":\"https:\/\/shop.ch24.pl\/en\/#organization\",\"name\":\"SHOP.CH24.PL \u2013 Sklep z akcesoriami dla mi\u0142o\u015bnik\u00f3w zegark\u00f3w\",\"alternateName\":\"Sklep CH24.PL\",\"url\":\"https:\/\/shop.ch24.pl\/en\/\",\"logo\":{\"@type\":\"ImageObject\",\"inLanguage\":\"en-US\",\"@id\":\"https:\/\/shop.ch24.pl\/en\/#\/schema\/logo\/image\/\",\"url\":\"https:\/\/shop.ch24.pl\/wp-content\/uploads\/2018\/04\/shop_ch24_pl_logo_01.png\",\"contentUrl\":\"https:\/\/shop.ch24.pl\/wp-content\/uploads\/2018\/04\/shop_ch24_pl_logo_01.png\",\"width\":320,\"height\":33,\"caption\":\"SHOP.CH24.PL \u2013 Sklep z akcesoriami dla mi\u0142o\u015bnik\u00f3w zegark\u00f3w\"},\"image\":{\"@id\":\"https:\/\/shop.ch24.pl\/en\/#\/schema\/logo\/image\/\"}}]}<\/script>\n<!-- \/ Yoast SEO plugin. -->","yoast_head_json":{"title":"Vintage Rolex - The Largest Collection... - David Silver - SHOP.CH24.PL","description":"More than 1800 watches have been photographed and are described in detail in the book. From early Rolex pocket watches to the world\u2019s first wristwatches.","robots":{"index":"index","follow":"follow","max-snippet":"max-snippet:-1","max-image-preview":"max-image-preview:large","max-video-preview":"max-video-preview:-1"},"canonical":"https:\/\/shop.ch24.pl\/en\/product\/vintage-rolex-the-largest-collection-in-the-world-david-silver\/","og_locale":"en_US","og_type":"article","og_title":"Vintage Rolex - The Largest Collection... - David Silver - SHOP.CH24.PL","og_description":"More than 1800 watches have been photographed and are described in detail in the book. From early Rolex pocket watches to the world\u2019s first wristwatches.","og_url":"https:\/\/shop.ch24.pl\/en\/product\/vintage-rolex-the-largest-collection-in-the-world-david-silver\/","og_site_name":"SHOP.CH24.PL","article_modified_time":"2021-03-07T19:55:30+00:00","og_image":[{"width":1300,"height":1600,"url":"https:\/\/shop.ch24.pl\/wp-content\/uploads\/2020\/12\/Vintage_Rolex_the_largest_collection_in_the_world_David_Silver_cover_shop_ch24_pl.jpg","type":"image\/jpeg"}],"twitter_card":"summary_large_image","twitter_misc":{"Est. reading time":"2 minutes"},"schema":{"@context":"https:\/\/schema.org","@graph":[{"@type":"WebPage","@id":"https:\/\/shop.ch24.pl\/en\/product\/vintage-rolex-the-largest-collection-in-the-world-david-silver\/","url":"https:\/\/shop.ch24.pl\/en\/product\/vintage-rolex-the-largest-collection-in-the-world-david-silver\/","name":"Vintage Rolex - The Largest Collection... - David Silver - SHOP.CH24.PL","isPartOf":{"@id":"https:\/\/shop.ch24.pl\/en\/#website"},"primaryImageOfPage":{"@id":"https:\/\/shop.ch24.pl\/en\/product\/vintage-rolex-the-largest-collection-in-the-world-david-silver\/#primaryimage"},"image":{"@id":"https:\/\/shop.ch24.pl\/en\/product\/vintage-rolex-the-largest-collection-in-the-world-david-silver\/#primaryimage"},"thumbnailUrl":"https:\/\/shop.ch24.pl\/wp-content\/uploads\/2020\/12\/Vintage_Rolex_the_largest_collection_in_the_world_David_Silver_cover_shop_ch24_pl.jpg","datePublished":"2020-12-28T08:31:09+00:00","dateModified":"2021-03-07T19:55:30+00:00","description":"More than 1800 watches have been photographed and are described in detail in the book. From early Rolex pocket watches to the world\u2019s first wristwatches.","breadcrumb":{"@id":"https:\/\/shop.ch24.pl\/en\/product\/vintage-rolex-the-largest-collection-in-the-world-david-silver\/#breadcrumb"},"inLanguage":"en-US","potentialAction":[{"@type":"ReadAction","target":["https:\/\/shop.ch24.pl\/en\/product\/vintage-rolex-the-largest-collection-in-the-world-david-silver\/"]}]},{"@type":"ImageObject","inLanguage":"en-US","@id":"https:\/\/shop.ch24.pl\/en\/product\/vintage-rolex-the-largest-collection-in-the-world-david-silver\/#primaryimage","url":"https:\/\/shop.ch24.pl\/wp-content\/uploads\/2020\/12\/Vintage_Rolex_the_largest_collection_in_the_world_David_Silver_cover_shop_ch24_pl.jpg","contentUrl":"https:\/\/shop.ch24.pl\/wp-content\/uploads\/2020\/12\/Vintage_Rolex_the_largest_collection_in_the_world_David_Silver_cover_shop_ch24_pl.jpg","width":1300,"height":1600,"caption":"Vintage Rolex - The Largest Collection in the World"},{"@type":"BreadcrumbList","@id":"https:\/\/shop.ch24.pl\/en\/product\/vintage-rolex-the-largest-collection-in-the-world-david-silver\/#breadcrumb","itemListElement":[{"@type":"ListItem","position":1,"name":"Home","item":"https:\/\/shop.ch24.pl\/en\/"},{"@type":"ListItem","position":2,"name":"Shop","item":"https:\/\/shop.ch24.pl\/en\/"},{"@type":"ListItem","position":3,"name":"Vintage Rolex &#8211; The Largest Collection in the World"}]},{"@type":"WebSite","@id":"https:\/\/shop.ch24.pl\/en\/#website","url":"https:\/\/shop.ch24.pl\/en\/","name":"SHOP.CH24.PL","description":"Sklep z akcesoriami dla mi\u0142o\u015bnik\u00f3w zegark\u00f3w","publisher":{"@id":"https:\/\/shop.ch24.pl\/en\/#organization"},"potentialAction":[{"@type":"SearchAction","target":{"@type":"EntryPoint","urlTemplate":"https:\/\/shop.ch24.pl\/en\/?s={search_term_string}"},"query-input":{"@type":"PropertyValueSpecification","valueRequired":true,"valueName":"search_term_string"}}],"inLanguage":"en-US"},{"@type":"Organization","@id":"https:\/\/shop.ch24.pl\/en\/#organization","name":"SHOP.CH24.PL \u2013 Sklep z akcesoriami dla mi\u0142o\u015bnik\u00f3w zegark\u00f3w","alternateName":"Sklep CH24.PL","url":"https:\/\/shop.ch24.pl\/en\/","logo":{"@type":"ImageObject","inLanguage":"en-US","@id":"https:\/\/shop.ch24.pl\/en\/#\/schema\/logo\/image\/","url":"https:\/\/shop.ch24.pl\/wp-content\/uploads\/2018\/04\/shop_ch24_pl_logo_01.png","contentUrl":"https:\/\/shop.ch24.pl\/wp-content\/uploads\/2018\/04\/shop_ch24_pl_logo_01.png","width":320,"height":33,"caption":"SHOP.CH24.PL \u2013 Sklep z akcesoriami dla mi\u0142o\u015bnik\u00f3w zegark\u00f3w"},"image":{"@id":"https:\/\/shop.ch24.pl\/en\/#\/schema\/logo\/image\/"}}]}},"_links":{"self":[{"href":"https:\/\/shop.ch24.pl\/en\/wp-json\/wp\/v2\/product\/2902","targetHints":{"allow":["GET"]}}],"collection":[{"href":"https:\/\/shop.ch24.pl\/en\/wp-json\/wp\/v2\/product"}],"about":[{"href":"https:\/\/shop.ch24.pl\/en\/wp-json\/wp\/v2\/types\/product"}],"wp:featuredmedia":[{"embeddable":true,"href":"https:\/\/shop.ch24.pl\/en\/wp-json\/wp\/v2\/media\/2906"}],"wp:attachment":[{"href":"https:\/\/shop.ch24.pl\/en\/wp-json\/wp\/v2\/media?parent=2902"}],"wp:term":[{"taxonomy":"woo-feed-brand","embeddable":true,"href":"https:\/\/shop.ch24.pl\/en\/wp-json\/wp\/v2\/woo-feed-brand?post=2902"},{"taxonomy":"product_brand","embeddable":true,"href":"https:\/\/shop.ch24.pl\/en\/wp-json\/wp\/v2\/product_brand?post=2902"},{"taxonomy":"product_cat","embeddable":true,"href":"https:\/\/shop.ch24.pl\/en\/wp-json\/wp\/v2\/product_cat?post=2902"},{"taxonomy":"product_tag","embeddable":true,"href":"https:\/\/shop.ch24.pl\/en\/wp-json\/wp\/v2\/product_tag?post=2902"}],"curies":[{"name":"wp","href":"https:\/\/api.w.org\/{rel}","templated":true}]}}