{"id":3051,"date":"2021-03-20T18:21:37","date_gmt":"2021-03-20T18:21:39","guid":{"rendered":"https:\/\/shop.ch24.pl\/?post_type=product&#038;p=3051"},"modified":"2021-03-20T18:29:40","modified_gmt":"2021-03-20T18:29:40","slug":"notebook-montblanc-la-repetition-minutes","status":"publish","type":"product","link":"https:\/\/shop.ch24.pl\/en\/product\/notebook-montblanc-la-repetition-minutes\/","title":{"rendered":"Notebook Montblanc &#8220;la R\u00e9p\u00e9tition Minutes&#8221;"},"content":{"rendered":"<div class=\"wpb-content-wrapper\"><p>[vc_row css=&#8221;.vc_custom_1523881188082{border-top-width: 1px !important;border-top-color: #eeeeee !important;border-top-style: solid !important;}&#8221;][vc_column][\/vc_column][\/vc_row][vc_row content_placement=&#8221;middle&#8221;][vc_column width=&#8221;1\/2&#8243;][vc_empty_space height=&#8221;20px&#8221;][vc_column_text]<\/p>\n<h3>Notebook Montblanc &#8220;les Grandes Complications&#8221; &#8211; Minute Repeater<\/h3>\n<p>[\/vc_column_text][vc_empty_space height=&#8221;15px&#8221;][vc_column_text]Driven by passion for everything and all traditional, old and \u201cmechanical\u201d, we proudly present a series of Montblanc notebooks \u201cles Grandes Complications\u201d, created by CH24 and <a href=\"https:\/\/nobleplace.pl\" target=\"_blank\" rel=\"nofollow noopener\">Noble Place<\/a>. The German brand is true master in the category of writing equipment, offering high-quality writing instruments and accessories since more then 100 years.<\/p>\n<p>Maisterst\u00fcck and StarWalker are constantly among the most frequently chosen pens, priced for their reliability, functionality and quintessential, no-nonsense design. Similar attention considers Montblanc notebooks, simple yet elegant, made with highest quality paper and finishing touches worthy of most noble works.[\/vc_column_text][vc_empty_space height=&#8221;30px&#8221;][\/vc_column][vc_column width=&#8221;1\/2&#8243;][vc_single_image image=&#8221;3060&#8243; img_size=&#8221;full&#8221; alignment=&#8221;center&#8221;][\/vc_column][\/vc_row][vc_row][vc_column][\/vc_column][\/vc_row][vc_row content_placement=&#8221;middle&#8221;][vc_column width=&#8221;1\/2&#8243;][vc_single_image image=&#8221;3022&#8243; img_size=&#8221;full&#8221; alignment=&#8221;center&#8221;][\/vc_column][vc_column width=&#8221;1\/2&#8243;][vc_empty_space height=&#8221;20px&#8221;][vc_column_text]<\/p>\n<h3>Limited series Montblanc notebook &#8220;les Grandes Complications&#8221;<\/h3>\n<p>[\/vc_column_text][vc_empty_space height=&#8221;15px&#8221;][vc_column_text]Handwriting slowly becomes a relict of the past, and although nowadays we write mostly digital, quality notebook and a classic fountain pen are a bit like a mechanical watch \u2013 romantic doze of nostalgia to the times, that are missed.<\/p>\n<p>Created in collaboration with Noble Place, &#8220;les Grandes Complications&#8221; notebooks are available in four original colours: Lucky Orange, Tobacco, Indigo and Purple. Each comes equipped with 192 pages, silver edge and textile, sawed-in bookmark.[\/vc_column_text][vc_empty_space height=&#8221;30px&#8221;][\/vc_column][\/vc_row]<\/p>\n<\/div>","protected":false},"excerpt":{"rendered":"<p>The collection \u201cles Grandes Compliactions\u201d consists of four Montblanc notebooks handpainted with names of watchmaking&#8217;s Grand Complications, including \u201cla R\u00e9p\u00e9tition Minutes\u201d, a minute repeater. The calligraphy was meticulously made by Anna Halarewicz.<\/p>\n<p>Details: indigo, 15 x 21 cm, 192 pages, lined.<\/p>\n","protected":false},"featured_media":3053,"template":"","meta":{"_acf_changed":false},"woo-feed-brand":[],"product_brand":[],"product_cat":[112],"product_tag":[160,159],"class_list":{"0":"post-3051","1":"product","2":"type-product","3":"status-publish","4":"has-post-thumbnail","6":"product_cat-other","7":"product_tag-montblanc-en","8":"product_tag-notebook","10":"first","11":"outofstock","12":"shipping-taxable","13":"purchasable","14":"product-type-simple"},"acf":[],"yoast_head":"<!-- This site is optimized with the Yoast SEO plugin v27.1.1 - https:\/\/yoast.com\/product\/yoast-seo-wordpress\/ -->\n<title>Notebook Montblanc &quot;les Grandes Complications&quot; - Minute Repeater - SHOP.CH24.PL<\/title>\n<meta name=\"description\" content=\"The collection \u201cles Grandes Compliactions\u201d consists of four Montblanc notebooks handpainted with names of Grand Complications.\" \/>\n<meta name=\"robots\" content=\"index, follow, max-snippet:-1, max-image-preview:large, max-video-preview:-1\" \/>\n<link rel=\"canonical\" href=\"https:\/\/shop.ch24.pl\/en\/product\/notebook-montblanc-la-repetition-minutes\/\" \/>\n<meta property=\"og:locale\" content=\"en_US\" \/>\n<meta property=\"og:type\" content=\"article\" \/>\n<meta property=\"og:title\" content=\"Notebook Montblanc &quot;les Grandes Complications&quot; - Minute Repeater - SHOP.CH24.PL\" \/>\n<meta property=\"og:description\" content=\"The collection \u201cles Grandes Compliactions\u201d consists of four Montblanc notebooks handpainted with names of Grand Complications.\" \/>\n<meta property=\"og:url\" content=\"https:\/\/shop.ch24.pl\/en\/product\/notebook-montblanc-la-repetition-minutes\/\" \/>\n<meta property=\"og:site_name\" content=\"SHOP.CH24.PL\" \/>\n<meta property=\"article:modified_time\" content=\"2021-03-20T18:29:40+00:00\" \/>\n<meta property=\"og:image\" content=\"https:\/\/shop.ch24.pl\/wp-content\/uploads\/2021\/03\/zegarkowy_notes_montblanc_repetycja_minutowa_001_shop_ch24_pl.jpg\" \/>\n\t<meta property=\"og:image:width\" content=\"1300\" \/>\n\t<meta property=\"og:image:height\" content=\"1600\" \/>\n\t<meta property=\"og:image:type\" content=\"image\/jpeg\" \/>\n<meta name=\"twitter:card\" content=\"summary_large_image\" \/>\n<meta name=\"twitter:label1\" content=\"Est. reading time\" \/>\n\t<meta name=\"twitter:data1\" content=\"2 minutes\" \/>\n<script type=\"application\/ld+json\" class=\"yoast-schema-graph\">{\"@context\":\"https:\/\/schema.org\",\"@graph\":[{\"@type\":\"WebPage\",\"@id\":\"https:\/\/shop.ch24.pl\/en\/product\/notebook-montblanc-la-repetition-minutes\/\",\"url\":\"https:\/\/shop.ch24.pl\/en\/product\/notebook-montblanc-la-repetition-minutes\/\",\"name\":\"Notebook Montblanc \\\"les Grandes Complications\\\" - Minute Repeater - SHOP.CH24.PL\",\"isPartOf\":{\"@id\":\"https:\/\/shop.ch24.pl\/en\/#website\"},\"primaryImageOfPage\":{\"@id\":\"https:\/\/shop.ch24.pl\/en\/product\/notebook-montblanc-la-repetition-minutes\/#primaryimage\"},\"image\":{\"@id\":\"https:\/\/shop.ch24.pl\/en\/product\/notebook-montblanc-la-repetition-minutes\/#primaryimage\"},\"thumbnailUrl\":\"https:\/\/shop.ch24.pl\/wp-content\/uploads\/2021\/03\/zegarkowy_notes_montblanc_repetycja_minutowa_001_shop_ch24_pl.jpg\",\"datePublished\":\"2021-03-20T18:21:39+00:00\",\"dateModified\":\"2021-03-20T18:29:40+00:00\",\"description\":\"The collection \u201cles Grandes Compliactions\u201d consists of four Montblanc notebooks handpainted with names of Grand Complications.\",\"breadcrumb\":{\"@id\":\"https:\/\/shop.ch24.pl\/en\/product\/notebook-montblanc-la-repetition-minutes\/#breadcrumb\"},\"inLanguage\":\"en-US\",\"potentialAction\":[{\"@type\":\"ReadAction\",\"target\":[\"https:\/\/shop.ch24.pl\/en\/product\/notebook-montblanc-la-repetition-minutes\/\"]}]},{\"@type\":\"ImageObject\",\"inLanguage\":\"en-US\",\"@id\":\"https:\/\/shop.ch24.pl\/en\/product\/notebook-montblanc-la-repetition-minutes\/#primaryimage\",\"url\":\"https:\/\/shop.ch24.pl\/wp-content\/uploads\/2021\/03\/zegarkowy_notes_montblanc_repetycja_minutowa_001_shop_ch24_pl.jpg\",\"contentUrl\":\"https:\/\/shop.ch24.pl\/wp-content\/uploads\/2021\/03\/zegarkowy_notes_montblanc_repetycja_minutowa_001_shop_ch24_pl.jpg\",\"width\":1300,\"height\":1600,\"caption\":\"Notebook Montblanc \\\"la R\u00e9p\u00e9tition Minutes\\\"\"},{\"@type\":\"BreadcrumbList\",\"@id\":\"https:\/\/shop.ch24.pl\/en\/product\/notebook-montblanc-la-repetition-minutes\/#breadcrumb\",\"itemListElement\":[{\"@type\":\"ListItem\",\"position\":1,\"name\":\"Home\",\"item\":\"https:\/\/shop.ch24.pl\/en\/\"},{\"@type\":\"ListItem\",\"position\":2,\"name\":\"Shop\",\"item\":\"https:\/\/shop.ch24.pl\/en\/\"},{\"@type\":\"ListItem\",\"position\":3,\"name\":\"Notebook Montblanc &#8220;la R\u00e9p\u00e9tition Minutes&#8221;\"}]},{\"@type\":\"WebSite\",\"@id\":\"https:\/\/shop.ch24.pl\/en\/#website\",\"url\":\"https:\/\/shop.ch24.pl\/en\/\",\"name\":\"SHOP.CH24.PL\",\"description\":\"Sklep z akcesoriami dla mi\u0142o\u015bnik\u00f3w zegark\u00f3w\",\"publisher\":{\"@id\":\"https:\/\/shop.ch24.pl\/en\/#organization\"},\"potentialAction\":[{\"@type\":\"SearchAction\",\"target\":{\"@type\":\"EntryPoint\",\"urlTemplate\":\"https:\/\/shop.ch24.pl\/en\/?s={search_term_string}\"},\"query-input\":{\"@type\":\"PropertyValueSpecification\",\"valueRequired\":true,\"valueName\":\"search_term_string\"}}],\"inLanguage\":\"en-US\"},{\"@type\":\"Organization\",\"@id\":\"https:\/\/shop.ch24.pl\/en\/#organization\",\"name\":\"SHOP.CH24.PL \u2013 Sklep z akcesoriami dla mi\u0142o\u015bnik\u00f3w zegark\u00f3w\",\"alternateName\":\"Sklep CH24.PL\",\"url\":\"https:\/\/shop.ch24.pl\/en\/\",\"logo\":{\"@type\":\"ImageObject\",\"inLanguage\":\"en-US\",\"@id\":\"https:\/\/shop.ch24.pl\/en\/#\/schema\/logo\/image\/\",\"url\":\"https:\/\/shop.ch24.pl\/wp-content\/uploads\/2018\/04\/shop_ch24_pl_logo_01.png\",\"contentUrl\":\"https:\/\/shop.ch24.pl\/wp-content\/uploads\/2018\/04\/shop_ch24_pl_logo_01.png\",\"width\":320,\"height\":33,\"caption\":\"SHOP.CH24.PL \u2013 Sklep z akcesoriami dla mi\u0142o\u015bnik\u00f3w zegark\u00f3w\"},\"image\":{\"@id\":\"https:\/\/shop.ch24.pl\/en\/#\/schema\/logo\/image\/\"}}]}<\/script>\n<!-- \/ Yoast SEO plugin. -->","yoast_head_json":{"title":"Notebook Montblanc \"les Grandes Complications\" - Minute Repeater - SHOP.CH24.PL","description":"The collection \u201cles Grandes Compliactions\u201d consists of four Montblanc notebooks handpainted with names of Grand Complications.","robots":{"index":"index","follow":"follow","max-snippet":"max-snippet:-1","max-image-preview":"max-image-preview:large","max-video-preview":"max-video-preview:-1"},"canonical":"https:\/\/shop.ch24.pl\/en\/product\/notebook-montblanc-la-repetition-minutes\/","og_locale":"en_US","og_type":"article","og_title":"Notebook Montblanc \"les Grandes Complications\" - Minute Repeater - SHOP.CH24.PL","og_description":"The collection \u201cles Grandes Compliactions\u201d consists of four Montblanc notebooks handpainted with names of Grand Complications.","og_url":"https:\/\/shop.ch24.pl\/en\/product\/notebook-montblanc-la-repetition-minutes\/","og_site_name":"SHOP.CH24.PL","article_modified_time":"2021-03-20T18:29:40+00:00","og_image":[{"width":1300,"height":1600,"url":"https:\/\/shop.ch24.pl\/wp-content\/uploads\/2021\/03\/zegarkowy_notes_montblanc_repetycja_minutowa_001_shop_ch24_pl.jpg","type":"image\/jpeg"}],"twitter_card":"summary_large_image","twitter_misc":{"Est. reading time":"2 minutes"},"schema":{"@context":"https:\/\/schema.org","@graph":[{"@type":"WebPage","@id":"https:\/\/shop.ch24.pl\/en\/product\/notebook-montblanc-la-repetition-minutes\/","url":"https:\/\/shop.ch24.pl\/en\/product\/notebook-montblanc-la-repetition-minutes\/","name":"Notebook Montblanc \"les Grandes Complications\" - Minute Repeater - SHOP.CH24.PL","isPartOf":{"@id":"https:\/\/shop.ch24.pl\/en\/#website"},"primaryImageOfPage":{"@id":"https:\/\/shop.ch24.pl\/en\/product\/notebook-montblanc-la-repetition-minutes\/#primaryimage"},"image":{"@id":"https:\/\/shop.ch24.pl\/en\/product\/notebook-montblanc-la-repetition-minutes\/#primaryimage"},"thumbnailUrl":"https:\/\/shop.ch24.pl\/wp-content\/uploads\/2021\/03\/zegarkowy_notes_montblanc_repetycja_minutowa_001_shop_ch24_pl.jpg","datePublished":"2021-03-20T18:21:39+00:00","dateModified":"2021-03-20T18:29:40+00:00","description":"The collection \u201cles Grandes Compliactions\u201d consists of four Montblanc notebooks handpainted with names of Grand Complications.","breadcrumb":{"@id":"https:\/\/shop.ch24.pl\/en\/product\/notebook-montblanc-la-repetition-minutes\/#breadcrumb"},"inLanguage":"en-US","potentialAction":[{"@type":"ReadAction","target":["https:\/\/shop.ch24.pl\/en\/product\/notebook-montblanc-la-repetition-minutes\/"]}]},{"@type":"ImageObject","inLanguage":"en-US","@id":"https:\/\/shop.ch24.pl\/en\/product\/notebook-montblanc-la-repetition-minutes\/#primaryimage","url":"https:\/\/shop.ch24.pl\/wp-content\/uploads\/2021\/03\/zegarkowy_notes_montblanc_repetycja_minutowa_001_shop_ch24_pl.jpg","contentUrl":"https:\/\/shop.ch24.pl\/wp-content\/uploads\/2021\/03\/zegarkowy_notes_montblanc_repetycja_minutowa_001_shop_ch24_pl.jpg","width":1300,"height":1600,"caption":"Notebook Montblanc \"la R\u00e9p\u00e9tition Minutes\""},{"@type":"BreadcrumbList","@id":"https:\/\/shop.ch24.pl\/en\/product\/notebook-montblanc-la-repetition-minutes\/#breadcrumb","itemListElement":[{"@type":"ListItem","position":1,"name":"Home","item":"https:\/\/shop.ch24.pl\/en\/"},{"@type":"ListItem","position":2,"name":"Shop","item":"https:\/\/shop.ch24.pl\/en\/"},{"@type":"ListItem","position":3,"name":"Notebook Montblanc &#8220;la R\u00e9p\u00e9tition Minutes&#8221;"}]},{"@type":"WebSite","@id":"https:\/\/shop.ch24.pl\/en\/#website","url":"https:\/\/shop.ch24.pl\/en\/","name":"SHOP.CH24.PL","description":"Sklep z akcesoriami dla mi\u0142o\u015bnik\u00f3w zegark\u00f3w","publisher":{"@id":"https:\/\/shop.ch24.pl\/en\/#organization"},"potentialAction":[{"@type":"SearchAction","target":{"@type":"EntryPoint","urlTemplate":"https:\/\/shop.ch24.pl\/en\/?s={search_term_string}"},"query-input":{"@type":"PropertyValueSpecification","valueRequired":true,"valueName":"search_term_string"}}],"inLanguage":"en-US"},{"@type":"Organization","@id":"https:\/\/shop.ch24.pl\/en\/#organization","name":"SHOP.CH24.PL \u2013 Sklep z akcesoriami dla mi\u0142o\u015bnik\u00f3w zegark\u00f3w","alternateName":"Sklep CH24.PL","url":"https:\/\/shop.ch24.pl\/en\/","logo":{"@type":"ImageObject","inLanguage":"en-US","@id":"https:\/\/shop.ch24.pl\/en\/#\/schema\/logo\/image\/","url":"https:\/\/shop.ch24.pl\/wp-content\/uploads\/2018\/04\/shop_ch24_pl_logo_01.png","contentUrl":"https:\/\/shop.ch24.pl\/wp-content\/uploads\/2018\/04\/shop_ch24_pl_logo_01.png","width":320,"height":33,"caption":"SHOP.CH24.PL \u2013 Sklep z akcesoriami dla mi\u0142o\u015bnik\u00f3w zegark\u00f3w"},"image":{"@id":"https:\/\/shop.ch24.pl\/en\/#\/schema\/logo\/image\/"}}]}},"_links":{"self":[{"href":"https:\/\/shop.ch24.pl\/en\/wp-json\/wp\/v2\/product\/3051","targetHints":{"allow":["GET"]}}],"collection":[{"href":"https:\/\/shop.ch24.pl\/en\/wp-json\/wp\/v2\/product"}],"about":[{"href":"https:\/\/shop.ch24.pl\/en\/wp-json\/wp\/v2\/types\/product"}],"wp:featuredmedia":[{"embeddable":true,"href":"https:\/\/shop.ch24.pl\/en\/wp-json\/wp\/v2\/media\/3053"}],"wp:attachment":[{"href":"https:\/\/shop.ch24.pl\/en\/wp-json\/wp\/v2\/media?parent=3051"}],"wp:term":[{"taxonomy":"woo-feed-brand","embeddable":true,"href":"https:\/\/shop.ch24.pl\/en\/wp-json\/wp\/v2\/woo-feed-brand?post=3051"},{"taxonomy":"product_brand","embeddable":true,"href":"https:\/\/shop.ch24.pl\/en\/wp-json\/wp\/v2\/product_brand?post=3051"},{"taxonomy":"product_cat","embeddable":true,"href":"https:\/\/shop.ch24.pl\/en\/wp-json\/wp\/v2\/product_cat?post=3051"},{"taxonomy":"product_tag","embeddable":true,"href":"https:\/\/shop.ch24.pl\/en\/wp-json\/wp\/v2\/product_tag?post=3051"}],"curies":[{"name":"wp","href":"https:\/\/api.w.org\/{rel}","templated":true}]}}