{"id":3231,"date":"2021-12-08T10:42:10","date_gmt":"2021-12-08T10:42:12","guid":{"rendered":"https:\/\/shop.ch24.pl\/?post_type=product&#038;p=3231"},"modified":"2026-03-12T16:57:32","modified_gmt":"2026-03-12T16:57:32","slug":"the-watch-book-rolex-updated-and-extended-edition","status":"publish","type":"product","link":"https:\/\/shop.ch24.pl\/en\/product\/the-watch-book-rolex-updated-and-extended-edition\/","title":{"rendered":"The Watch Book Rolex (updated &#038; extended edition)"},"content":{"rendered":"<div class=\"wpb-content-wrapper\"><p>[vc_row css=&#8221;.vc_custom_1523881188082{border-top-width: 1px !important;border-top-color: #eeeeee !important;border-top-style: solid !important;}&#8221;][vc_column][\/vc_column][\/vc_row][vc_row content_placement=&#8221;middle&#8221;][vc_column width=&#8221;1\/2&#8243;][vc_empty_space height=&#8221;20px&#8221;][vc_column_text]<\/p>\n<h3>The Watch Book Rolex (updated &#038; extended edition)<\/h3>\n<p>[\/vc_column_text][vc_empty_space height=&#8221;15px&#8221;][vc_column_text]<\/p>\n<p>There\u2019s probably no other so popular and distinguished watch brand like Rolex. Nothing unusual that during couple of decades, many books and publications were created, disputing brand\u2019s rich history and most important watch models. Usually those are very specialized books written by avid collectors where they really go through smallest details that might not be very attractive for enthusiasts who are not analyzing each watch in a nearly microscopic way. So what about those rookie watch fans who just started their adventure with watches? Gisbert L. Brunner comes their way with help of his vast experience gathered during many decades of researching watch industry. In his book \u201cThe Watch Book: ROLEX\u201d he tackles Rolex\u2019s past and does it with lots of finesse and style that it\u2019s really hard to stop reading this masterpiece that seems to be like a nicely crafted historical novel full of stylish humor and plot twists.<\/p>\n<p>272 pages and over 400 photographs.<\/p>\n<p>[\/vc_column_text][vc_empty_space height=&#8221;30px&#8221;][\/vc_column][vc_column width=&#8221;1\/2&#8243;][vc_single_image image=&#8221;2200&#8243; img_size=&#8221;full&#8221; alignment=&#8221;center&#8221;][\/vc_column][\/vc_row][vc_row][vc_column][\/vc_column][\/vc_row][vc_row content_placement=&#8221;middle&#8221;][vc_column width=&#8221;1\/2&#8243;][vc_single_image image=&#8221;1225&#8243; img_size=&#8221;full&#8221; alignment=&#8221;center&#8221;][\/vc_column][vc_column width=&#8221;1\/2&#8243;][vc_empty_space height=&#8221;20px&#8221;][vc_column_text]<\/p>\n<h3>Gisbert L. Brunner<\/h3>\n<p>[\/vc_column_text][vc_empty_space height=&#8221;15px&#8221;][vc_column_text]Gisbert L. Brunner (born in 1947) associated with watch world since 1964. During the infamous \u2018quartz crisis\u2019 that was killing fine watchmaking in 70s he focused mostly on mechanical side of watch craftsmanship that endures with him till this day. As a die-hard enthusiast he wrote many articles and over 20 books about fine art of watchmaking.[\/vc_column_text][vc_empty_space height=&#8221;30px&#8221;][\/vc_column][\/vc_row]<\/p>\n<\/div>","protected":false},"excerpt":{"rendered":"<p>Have you ever wondered why Rolex became the most popular watch brand on Earth? Answer for this question you\u2019ll find in this brilliant book by Gisbert L. Brunner. It\u2019s not only a very rich illustrated album portraying the milestones and cult models of Rolex history, but also wonderfully written story about the power of human genius, luck and business talent.<\/p>\n<p>English\/French\/German 272 pages.<\/p>\n","protected":false},"featured_media":3233,"template":"","meta":{"_acf_changed":false},"woo-feed-brand":[],"product_brand":[],"product_cat":[108],"product_tag":[114,113,115,116],"class_list":{"0":"post-3231","1":"product","2":"type-product","3":"status-publish","4":"has-post-thumbnail","6":"product_cat-library","7":"product_tag-album-book","8":"product_tag-book","9":"product_tag-gisbert-brunner","10":"product_tag-rolex-watches","12":"first","13":"outofstock","14":"shipping-taxable","15":"purchasable","16":"product-type-simple"},"acf":[],"yoast_head":"<!-- This site is optimized with the Yoast SEO plugin v27.1.1 - https:\/\/yoast.com\/product\/yoast-seo-wordpress\/ -->\n<title>The Watch Book Rolex (updated &amp; extended edition) - Gisbert L. Brunner - SHOP.CH24.PL<\/title>\n<meta name=\"description\" content=\"It\u2019s not only a very rich illustrated album portraying the milestones and cult models of Rolex history, but also wonderfully written story about the power of human genius, luck and business talent.\" \/>\n<meta name=\"robots\" content=\"index, follow, max-snippet:-1, max-image-preview:large, max-video-preview:-1\" \/>\n<link rel=\"canonical\" href=\"https:\/\/shop.ch24.pl\/en\/product\/the-watch-book-rolex-updated-and-extended-edition\/\" \/>\n<meta property=\"og:locale\" content=\"en_US\" \/>\n<meta property=\"og:type\" content=\"article\" \/>\n<meta property=\"og:title\" content=\"The Watch Book Rolex (updated &amp; extended edition) - Gisbert L. Brunner - SHOP.CH24.PL\" \/>\n<meta property=\"og:description\" content=\"It\u2019s not only a very rich illustrated album portraying the milestones and cult models of Rolex history, but also wonderfully written story about the power of human genius, luck and business talent.\" \/>\n<meta property=\"og:url\" content=\"https:\/\/shop.ch24.pl\/en\/product\/the-watch-book-rolex-updated-and-extended-edition\/\" \/>\n<meta property=\"og:site_name\" content=\"SHOP.CH24.PL\" \/>\n<meta property=\"article:modified_time\" content=\"2026-03-12T16:57:32+00:00\" \/>\n<meta property=\"og:image\" content=\"https:\/\/shop.ch24.pl\/wp-content\/uploads\/2021\/12\/rolex_book_gisbert_brunner_wydanie_rozszerzone_2021_sklep_CH24_a.jpg\" \/>\n\t<meta property=\"og:image:width\" content=\"1300\" \/>\n\t<meta property=\"og:image:height\" content=\"1600\" \/>\n\t<meta property=\"og:image:type\" content=\"image\/jpeg\" \/>\n<meta name=\"twitter:card\" content=\"summary_large_image\" \/>\n<meta name=\"twitter:label1\" content=\"Est. reading time\" \/>\n\t<meta name=\"twitter:data1\" content=\"2 minutes\" \/>\n<script type=\"application\/ld+json\" class=\"yoast-schema-graph\">{\"@context\":\"https:\/\/schema.org\",\"@graph\":[{\"@type\":\"WebPage\",\"@id\":\"https:\/\/shop.ch24.pl\/en\/product\/the-watch-book-rolex-updated-and-extended-edition\/\",\"url\":\"https:\/\/shop.ch24.pl\/en\/product\/the-watch-book-rolex-updated-and-extended-edition\/\",\"name\":\"The Watch Book Rolex (updated & extended edition) - Gisbert L. Brunner - SHOP.CH24.PL\",\"isPartOf\":{\"@id\":\"https:\/\/shop.ch24.pl\/en\/#website\"},\"primaryImageOfPage\":{\"@id\":\"https:\/\/shop.ch24.pl\/en\/product\/the-watch-book-rolex-updated-and-extended-edition\/#primaryimage\"},\"image\":{\"@id\":\"https:\/\/shop.ch24.pl\/en\/product\/the-watch-book-rolex-updated-and-extended-edition\/#primaryimage\"},\"thumbnailUrl\":\"https:\/\/shop.ch24.pl\/wp-content\/uploads\/2021\/12\/rolex_book_gisbert_brunner_wydanie_rozszerzone_2021_sklep_CH24_a.jpg\",\"datePublished\":\"2021-12-08T10:42:12+00:00\",\"dateModified\":\"2026-03-12T16:57:32+00:00\",\"description\":\"It\u2019s not only a very rich illustrated album portraying the milestones and cult models of Rolex history, but also wonderfully written story about the power of human genius, luck and business talent.\",\"breadcrumb\":{\"@id\":\"https:\/\/shop.ch24.pl\/en\/product\/the-watch-book-rolex-updated-and-extended-edition\/#breadcrumb\"},\"inLanguage\":\"en-US\",\"potentialAction\":[{\"@type\":\"ReadAction\",\"target\":[\"https:\/\/shop.ch24.pl\/en\/product\/the-watch-book-rolex-updated-and-extended-edition\/\"]}]},{\"@type\":\"ImageObject\",\"inLanguage\":\"en-US\",\"@id\":\"https:\/\/shop.ch24.pl\/en\/product\/the-watch-book-rolex-updated-and-extended-edition\/#primaryimage\",\"url\":\"https:\/\/shop.ch24.pl\/wp-content\/uploads\/2021\/12\/rolex_book_gisbert_brunner_wydanie_rozszerzone_2021_sklep_CH24_a.jpg\",\"contentUrl\":\"https:\/\/shop.ch24.pl\/wp-content\/uploads\/2021\/12\/rolex_book_gisbert_brunner_wydanie_rozszerzone_2021_sklep_CH24_a.jpg\",\"width\":1300,\"height\":1600,\"caption\":\"The Watch Book Rolex - Gisbert L. Brunner\"},{\"@type\":\"BreadcrumbList\",\"@id\":\"https:\/\/shop.ch24.pl\/en\/product\/the-watch-book-rolex-updated-and-extended-edition\/#breadcrumb\",\"itemListElement\":[{\"@type\":\"ListItem\",\"position\":1,\"name\":\"Home\",\"item\":\"https:\/\/shop.ch24.pl\/en\/\"},{\"@type\":\"ListItem\",\"position\":2,\"name\":\"Shop\",\"item\":\"https:\/\/shop.ch24.pl\/en\/\"},{\"@type\":\"ListItem\",\"position\":3,\"name\":\"The Watch Book Rolex (updated &#038; extended edition)\"}]},{\"@type\":\"WebSite\",\"@id\":\"https:\/\/shop.ch24.pl\/en\/#website\",\"url\":\"https:\/\/shop.ch24.pl\/en\/\",\"name\":\"SHOP.CH24.PL\",\"description\":\"Sklep z akcesoriami dla mi\u0142o\u015bnik\u00f3w zegark\u00f3w\",\"publisher\":{\"@id\":\"https:\/\/shop.ch24.pl\/en\/#organization\"},\"potentialAction\":[{\"@type\":\"SearchAction\",\"target\":{\"@type\":\"EntryPoint\",\"urlTemplate\":\"https:\/\/shop.ch24.pl\/en\/?s={search_term_string}\"},\"query-input\":{\"@type\":\"PropertyValueSpecification\",\"valueRequired\":true,\"valueName\":\"search_term_string\"}}],\"inLanguage\":\"en-US\"},{\"@type\":\"Organization\",\"@id\":\"https:\/\/shop.ch24.pl\/en\/#organization\",\"name\":\"SHOP.CH24.PL \u2013 Sklep z akcesoriami dla mi\u0142o\u015bnik\u00f3w zegark\u00f3w\",\"alternateName\":\"Sklep CH24.PL\",\"url\":\"https:\/\/shop.ch24.pl\/en\/\",\"logo\":{\"@type\":\"ImageObject\",\"inLanguage\":\"en-US\",\"@id\":\"https:\/\/shop.ch24.pl\/en\/#\/schema\/logo\/image\/\",\"url\":\"https:\/\/shop.ch24.pl\/wp-content\/uploads\/2018\/04\/shop_ch24_pl_logo_01.png\",\"contentUrl\":\"https:\/\/shop.ch24.pl\/wp-content\/uploads\/2018\/04\/shop_ch24_pl_logo_01.png\",\"width\":320,\"height\":33,\"caption\":\"SHOP.CH24.PL \u2013 Sklep z akcesoriami dla mi\u0142o\u015bnik\u00f3w zegark\u00f3w\"},\"image\":{\"@id\":\"https:\/\/shop.ch24.pl\/en\/#\/schema\/logo\/image\/\"}}]}<\/script>\n<!-- \/ Yoast SEO plugin. -->","yoast_head_json":{"title":"The Watch Book Rolex (updated & extended edition) - Gisbert L. Brunner - SHOP.CH24.PL","description":"It\u2019s not only a very rich illustrated album portraying the milestones and cult models of Rolex history, but also wonderfully written story about the power of human genius, luck and business talent.","robots":{"index":"index","follow":"follow","max-snippet":"max-snippet:-1","max-image-preview":"max-image-preview:large","max-video-preview":"max-video-preview:-1"},"canonical":"https:\/\/shop.ch24.pl\/en\/product\/the-watch-book-rolex-updated-and-extended-edition\/","og_locale":"en_US","og_type":"article","og_title":"The Watch Book Rolex (updated & extended edition) - Gisbert L. Brunner - SHOP.CH24.PL","og_description":"It\u2019s not only a very rich illustrated album portraying the milestones and cult models of Rolex history, but also wonderfully written story about the power of human genius, luck and business talent.","og_url":"https:\/\/shop.ch24.pl\/en\/product\/the-watch-book-rolex-updated-and-extended-edition\/","og_site_name":"SHOP.CH24.PL","article_modified_time":"2026-03-12T16:57:32+00:00","og_image":[{"width":1300,"height":1600,"url":"https:\/\/shop.ch24.pl\/wp-content\/uploads\/2021\/12\/rolex_book_gisbert_brunner_wydanie_rozszerzone_2021_sklep_CH24_a.jpg","type":"image\/jpeg"}],"twitter_card":"summary_large_image","twitter_misc":{"Est. reading time":"2 minutes"},"schema":{"@context":"https:\/\/schema.org","@graph":[{"@type":"WebPage","@id":"https:\/\/shop.ch24.pl\/en\/product\/the-watch-book-rolex-updated-and-extended-edition\/","url":"https:\/\/shop.ch24.pl\/en\/product\/the-watch-book-rolex-updated-and-extended-edition\/","name":"The Watch Book Rolex (updated & extended edition) - Gisbert L. Brunner - SHOP.CH24.PL","isPartOf":{"@id":"https:\/\/shop.ch24.pl\/en\/#website"},"primaryImageOfPage":{"@id":"https:\/\/shop.ch24.pl\/en\/product\/the-watch-book-rolex-updated-and-extended-edition\/#primaryimage"},"image":{"@id":"https:\/\/shop.ch24.pl\/en\/product\/the-watch-book-rolex-updated-and-extended-edition\/#primaryimage"},"thumbnailUrl":"https:\/\/shop.ch24.pl\/wp-content\/uploads\/2021\/12\/rolex_book_gisbert_brunner_wydanie_rozszerzone_2021_sklep_CH24_a.jpg","datePublished":"2021-12-08T10:42:12+00:00","dateModified":"2026-03-12T16:57:32+00:00","description":"It\u2019s not only a very rich illustrated album portraying the milestones and cult models of Rolex history, but also wonderfully written story about the power of human genius, luck and business talent.","breadcrumb":{"@id":"https:\/\/shop.ch24.pl\/en\/product\/the-watch-book-rolex-updated-and-extended-edition\/#breadcrumb"},"inLanguage":"en-US","potentialAction":[{"@type":"ReadAction","target":["https:\/\/shop.ch24.pl\/en\/product\/the-watch-book-rolex-updated-and-extended-edition\/"]}]},{"@type":"ImageObject","inLanguage":"en-US","@id":"https:\/\/shop.ch24.pl\/en\/product\/the-watch-book-rolex-updated-and-extended-edition\/#primaryimage","url":"https:\/\/shop.ch24.pl\/wp-content\/uploads\/2021\/12\/rolex_book_gisbert_brunner_wydanie_rozszerzone_2021_sklep_CH24_a.jpg","contentUrl":"https:\/\/shop.ch24.pl\/wp-content\/uploads\/2021\/12\/rolex_book_gisbert_brunner_wydanie_rozszerzone_2021_sklep_CH24_a.jpg","width":1300,"height":1600,"caption":"The Watch Book Rolex - Gisbert L. Brunner"},{"@type":"BreadcrumbList","@id":"https:\/\/shop.ch24.pl\/en\/product\/the-watch-book-rolex-updated-and-extended-edition\/#breadcrumb","itemListElement":[{"@type":"ListItem","position":1,"name":"Home","item":"https:\/\/shop.ch24.pl\/en\/"},{"@type":"ListItem","position":2,"name":"Shop","item":"https:\/\/shop.ch24.pl\/en\/"},{"@type":"ListItem","position":3,"name":"The Watch Book Rolex (updated &#038; extended edition)"}]},{"@type":"WebSite","@id":"https:\/\/shop.ch24.pl\/en\/#website","url":"https:\/\/shop.ch24.pl\/en\/","name":"SHOP.CH24.PL","description":"Sklep z akcesoriami dla mi\u0142o\u015bnik\u00f3w zegark\u00f3w","publisher":{"@id":"https:\/\/shop.ch24.pl\/en\/#organization"},"potentialAction":[{"@type":"SearchAction","target":{"@type":"EntryPoint","urlTemplate":"https:\/\/shop.ch24.pl\/en\/?s={search_term_string}"},"query-input":{"@type":"PropertyValueSpecification","valueRequired":true,"valueName":"search_term_string"}}],"inLanguage":"en-US"},{"@type":"Organization","@id":"https:\/\/shop.ch24.pl\/en\/#organization","name":"SHOP.CH24.PL \u2013 Sklep z akcesoriami dla mi\u0142o\u015bnik\u00f3w zegark\u00f3w","alternateName":"Sklep CH24.PL","url":"https:\/\/shop.ch24.pl\/en\/","logo":{"@type":"ImageObject","inLanguage":"en-US","@id":"https:\/\/shop.ch24.pl\/en\/#\/schema\/logo\/image\/","url":"https:\/\/shop.ch24.pl\/wp-content\/uploads\/2018\/04\/shop_ch24_pl_logo_01.png","contentUrl":"https:\/\/shop.ch24.pl\/wp-content\/uploads\/2018\/04\/shop_ch24_pl_logo_01.png","width":320,"height":33,"caption":"SHOP.CH24.PL \u2013 Sklep z akcesoriami dla mi\u0142o\u015bnik\u00f3w zegark\u00f3w"},"image":{"@id":"https:\/\/shop.ch24.pl\/en\/#\/schema\/logo\/image\/"}}]}},"_links":{"self":[{"href":"https:\/\/shop.ch24.pl\/en\/wp-json\/wp\/v2\/product\/3231","targetHints":{"allow":["GET"]}}],"collection":[{"href":"https:\/\/shop.ch24.pl\/en\/wp-json\/wp\/v2\/product"}],"about":[{"href":"https:\/\/shop.ch24.pl\/en\/wp-json\/wp\/v2\/types\/product"}],"wp:featuredmedia":[{"embeddable":true,"href":"https:\/\/shop.ch24.pl\/en\/wp-json\/wp\/v2\/media\/3233"}],"wp:attachment":[{"href":"https:\/\/shop.ch24.pl\/en\/wp-json\/wp\/v2\/media?parent=3231"}],"wp:term":[{"taxonomy":"woo-feed-brand","embeddable":true,"href":"https:\/\/shop.ch24.pl\/en\/wp-json\/wp\/v2\/woo-feed-brand?post=3231"},{"taxonomy":"product_brand","embeddable":true,"href":"https:\/\/shop.ch24.pl\/en\/wp-json\/wp\/v2\/product_brand?post=3231"},{"taxonomy":"product_cat","embeddable":true,"href":"https:\/\/shop.ch24.pl\/en\/wp-json\/wp\/v2\/product_cat?post=3231"},{"taxonomy":"product_tag","embeddable":true,"href":"https:\/\/shop.ch24.pl\/en\/wp-json\/wp\/v2\/product_tag?post=3231"}],"curies":[{"name":"wp","href":"https:\/\/api.w.org\/{rel}","templated":true}]}}