{"id":3235,"date":"2021-12-08T11:18:00","date_gmt":"2021-12-08T11:18:03","guid":{"rendered":"https:\/\/shop.ch24.pl\/?post_type=product&#038;p=3235"},"modified":"2024-05-10T08:49:00","modified_gmt":"2024-05-10T08:49:00","slug":"the-watch-book-more-than-time-kopia","status":"publish","type":"product","link":"https:\/\/shop.ch24.pl\/en\/product\/the-watch-book-more-than-time-kopia\/","title":{"rendered":"Investing in Wristwatches: Rolex"},"content":{"rendered":"<div class=\"wpb-content-wrapper\"><p>[vc_row css=&#8221;.vc_custom_1523881188082{border-top-width: 1px !important;border-top-color: #eeeeee !important;border-top-style: solid !important;}&#8221;][vc_column][\/vc_column][\/vc_row][vc_row content_placement=&#8221;middle&#8221;][vc_column width=&#8221;1\/2&#8243;][vc_empty_space height=&#8221;20px&#8221;][vc_column_text]<\/p>\n<h3>Investing in Wristwatches: Rolex<\/h3>\n<p>[\/vc_column_text][vc_empty_space height=&#8221;15px&#8221;][vc_column_text]<\/p>\n<p>Why do we collect? For some, it is a pursuit of pure passion \u2013 those who appreciate the wristwatch as an artform: the intricacy of its mechanics, the finesse of its form. Yet for others, collecting is an investment, and a watch\u2019s value is of as much importance as its appearance. All collectors ought to have a guide to models and market value. <em>Investing in Wristwatches: Rolex<\/em> offers detailed insights into the world of authenticating and pricing high-value wristwatches, which will be of use to collectors from amateur to connoisseur.<\/p>\n<p>This publication includes the vast majority of key Rolex models, along with their relevant auction results. The timepieces featured have been carefully selected by Senior Horological Expert, Osvaldo Patrizzi. These wristwatches excel for a diverse range of reasons, including technical excellence, auction records, design and anecdotal history. A description of each watch is accompanied by its picture, reference and sales values (rights included).<\/p>\n<p>A comparative analysis of auction results, compiled through close collaboration with the Sotheby\u2019s auction house, shows, by brand and timepiece, the evolution of prices over time, leading from the Eighties up to the present day. A system to calculate the currency exchange rate at the time of auction sales will also be included in this vital work of reference.<\/p>\n<p>320 pages, 385 key models and over 459 photos.<\/p>\n<p>[\/vc_column_text][vc_empty_space height=&#8221;30px&#8221;][\/vc_column][vc_column width=&#8221;1\/2&#8243;][vc_single_image image=&#8221;3240&#8243; img_size=&#8221;full&#8221; alignment=&#8221;center&#8221;][\/vc_column][\/vc_row][vc_row][vc_column][\/vc_column][\/vc_row]<\/p>\n<\/div>","protected":false},"excerpt":{"rendered":"<p>The book by industry experts (Osvaldo Patrizzi and Mara Cappelletti) is a must-have for Rolex collectors and those looking to trace the most iconic references and price changes over the years.<\/p>\n<p>English language \/ 320 pages.<\/p>\n","protected":false},"featured_media":3237,"template":"","meta":{"_acf_changed":false},"woo-feed-brand":[],"product_brand":[],"product_cat":[108],"product_tag":[114,113,116],"class_list":{"0":"post-3235","1":"product","2":"type-product","3":"status-publish","4":"has-post-thumbnail","6":"product_cat-library","7":"product_tag-album-book","8":"product_tag-book","9":"product_tag-rolex-watches","11":"first","12":"instock","13":"sale","14":"featured","15":"shipping-taxable","16":"purchasable","17":"product-type-simple"},"acf":[],"yoast_head":"<!-- This site is optimized with the Yoast SEO plugin v27.1.1 - https:\/\/yoast.com\/product\/yoast-seo-wordpress\/ -->\n<title>Investing in Wristwatches: Rolex - Osvaldo Patrizzi, Mara Cappelletti - SHOP.CH24.PL<\/title>\n<meta name=\"description\" content=\"The most important references that every Rolex lover or collector should know. 385 key models analyzed by experts.\" \/>\n<meta name=\"robots\" content=\"index, follow, max-snippet:-1, max-image-preview:large, max-video-preview:-1\" \/>\n<link rel=\"canonical\" href=\"https:\/\/shop.ch24.pl\/en\/product\/the-watch-book-more-than-time-kopia\/\" \/>\n<meta property=\"og:locale\" content=\"en_US\" \/>\n<meta property=\"og:type\" content=\"article\" \/>\n<meta property=\"og:title\" content=\"Investing in Wristwatches: Rolex - Osvaldo Patrizzi, Mara Cappelletti - SHOP.CH24.PL\" \/>\n<meta property=\"og:description\" content=\"The most important references that every Rolex lover or collector should know. 385 key models analyzed by experts.\" \/>\n<meta property=\"og:url\" content=\"https:\/\/shop.ch24.pl\/en\/product\/the-watch-book-more-than-time-kopia\/\" \/>\n<meta property=\"og:site_name\" content=\"SHOP.CH24.PL\" \/>\n<meta property=\"article:modified_time\" content=\"2024-05-10T08:49:00+00:00\" \/>\n<meta property=\"og:image\" content=\"https:\/\/shop.ch24.pl\/wp-content\/uploads\/2021\/12\/investing_in_wristwatches_rolex_cappelletti_patrizzi_2021_sklep_CH24_a.jpg\" \/>\n\t<meta property=\"og:image:width\" content=\"1300\" \/>\n\t<meta property=\"og:image:height\" content=\"1600\" \/>\n\t<meta property=\"og:image:type\" content=\"image\/jpeg\" \/>\n<meta name=\"twitter:card\" content=\"summary_large_image\" \/>\n<meta name=\"twitter:label1\" content=\"Est. reading time\" \/>\n\t<meta name=\"twitter:data1\" content=\"2 minutes\" \/>\n<script type=\"application\/ld+json\" class=\"yoast-schema-graph\">{\"@context\":\"https:\/\/schema.org\",\"@graph\":[{\"@type\":\"WebPage\",\"@id\":\"https:\/\/shop.ch24.pl\/en\/product\/the-watch-book-more-than-time-kopia\/\",\"url\":\"https:\/\/shop.ch24.pl\/en\/product\/the-watch-book-more-than-time-kopia\/\",\"name\":\"Investing in Wristwatches: Rolex - Osvaldo Patrizzi, Mara Cappelletti - SHOP.CH24.PL\",\"isPartOf\":{\"@id\":\"https:\/\/shop.ch24.pl\/en\/#website\"},\"primaryImageOfPage\":{\"@id\":\"https:\/\/shop.ch24.pl\/en\/product\/the-watch-book-more-than-time-kopia\/#primaryimage\"},\"image\":{\"@id\":\"https:\/\/shop.ch24.pl\/en\/product\/the-watch-book-more-than-time-kopia\/#primaryimage\"},\"thumbnailUrl\":\"https:\/\/shop.ch24.pl\/wp-content\/uploads\/2021\/12\/investing_in_wristwatches_rolex_cappelletti_patrizzi_2021_sklep_CH24_a.jpg\",\"datePublished\":\"2021-12-08T11:18:03+00:00\",\"dateModified\":\"2024-05-10T08:49:00+00:00\",\"description\":\"The most important references that every Rolex lover or collector should know. 385 key models analyzed by experts.\",\"breadcrumb\":{\"@id\":\"https:\/\/shop.ch24.pl\/en\/product\/the-watch-book-more-than-time-kopia\/#breadcrumb\"},\"inLanguage\":\"en-US\",\"potentialAction\":[{\"@type\":\"ReadAction\",\"target\":[\"https:\/\/shop.ch24.pl\/en\/product\/the-watch-book-more-than-time-kopia\/\"]}]},{\"@type\":\"ImageObject\",\"inLanguage\":\"en-US\",\"@id\":\"https:\/\/shop.ch24.pl\/en\/product\/the-watch-book-more-than-time-kopia\/#primaryimage\",\"url\":\"https:\/\/shop.ch24.pl\/wp-content\/uploads\/2021\/12\/investing_in_wristwatches_rolex_cappelletti_patrizzi_2021_sklep_CH24_a.jpg\",\"contentUrl\":\"https:\/\/shop.ch24.pl\/wp-content\/uploads\/2021\/12\/investing_in_wristwatches_rolex_cappelletti_patrizzi_2021_sklep_CH24_a.jpg\",\"width\":1300,\"height\":1600,\"caption\":\"Investing in Wristwatches: Rolex\"},{\"@type\":\"BreadcrumbList\",\"@id\":\"https:\/\/shop.ch24.pl\/en\/product\/the-watch-book-more-than-time-kopia\/#breadcrumb\",\"itemListElement\":[{\"@type\":\"ListItem\",\"position\":1,\"name\":\"Home\",\"item\":\"https:\/\/shop.ch24.pl\/en\/\"},{\"@type\":\"ListItem\",\"position\":2,\"name\":\"Shop\",\"item\":\"https:\/\/shop.ch24.pl\/en\/\"},{\"@type\":\"ListItem\",\"position\":3,\"name\":\"Investing in Wristwatches: Rolex\"}]},{\"@type\":\"WebSite\",\"@id\":\"https:\/\/shop.ch24.pl\/en\/#website\",\"url\":\"https:\/\/shop.ch24.pl\/en\/\",\"name\":\"SHOP.CH24.PL\",\"description\":\"Sklep z akcesoriami dla mi\u0142o\u015bnik\u00f3w zegark\u00f3w\",\"publisher\":{\"@id\":\"https:\/\/shop.ch24.pl\/en\/#organization\"},\"potentialAction\":[{\"@type\":\"SearchAction\",\"target\":{\"@type\":\"EntryPoint\",\"urlTemplate\":\"https:\/\/shop.ch24.pl\/en\/?s={search_term_string}\"},\"query-input\":{\"@type\":\"PropertyValueSpecification\",\"valueRequired\":true,\"valueName\":\"search_term_string\"}}],\"inLanguage\":\"en-US\"},{\"@type\":\"Organization\",\"@id\":\"https:\/\/shop.ch24.pl\/en\/#organization\",\"name\":\"SHOP.CH24.PL \u2013 Sklep z akcesoriami dla mi\u0142o\u015bnik\u00f3w zegark\u00f3w\",\"alternateName\":\"Sklep CH24.PL\",\"url\":\"https:\/\/shop.ch24.pl\/en\/\",\"logo\":{\"@type\":\"ImageObject\",\"inLanguage\":\"en-US\",\"@id\":\"https:\/\/shop.ch24.pl\/en\/#\/schema\/logo\/image\/\",\"url\":\"https:\/\/shop.ch24.pl\/wp-content\/uploads\/2018\/04\/shop_ch24_pl_logo_01.png\",\"contentUrl\":\"https:\/\/shop.ch24.pl\/wp-content\/uploads\/2018\/04\/shop_ch24_pl_logo_01.png\",\"width\":320,\"height\":33,\"caption\":\"SHOP.CH24.PL \u2013 Sklep z akcesoriami dla mi\u0142o\u015bnik\u00f3w zegark\u00f3w\"},\"image\":{\"@id\":\"https:\/\/shop.ch24.pl\/en\/#\/schema\/logo\/image\/\"}}]}<\/script>\n<!-- \/ Yoast SEO plugin. -->","yoast_head_json":{"title":"Investing in Wristwatches: Rolex - Osvaldo Patrizzi, Mara Cappelletti - SHOP.CH24.PL","description":"The most important references that every Rolex lover or collector should know. 385 key models analyzed by experts.","robots":{"index":"index","follow":"follow","max-snippet":"max-snippet:-1","max-image-preview":"max-image-preview:large","max-video-preview":"max-video-preview:-1"},"canonical":"https:\/\/shop.ch24.pl\/en\/product\/the-watch-book-more-than-time-kopia\/","og_locale":"en_US","og_type":"article","og_title":"Investing in Wristwatches: Rolex - Osvaldo Patrizzi, Mara Cappelletti - SHOP.CH24.PL","og_description":"The most important references that every Rolex lover or collector should know. 385 key models analyzed by experts.","og_url":"https:\/\/shop.ch24.pl\/en\/product\/the-watch-book-more-than-time-kopia\/","og_site_name":"SHOP.CH24.PL","article_modified_time":"2024-05-10T08:49:00+00:00","og_image":[{"width":1300,"height":1600,"url":"https:\/\/shop.ch24.pl\/wp-content\/uploads\/2021\/12\/investing_in_wristwatches_rolex_cappelletti_patrizzi_2021_sklep_CH24_a.jpg","type":"image\/jpeg"}],"twitter_card":"summary_large_image","twitter_misc":{"Est. reading time":"2 minutes"},"schema":{"@context":"https:\/\/schema.org","@graph":[{"@type":"WebPage","@id":"https:\/\/shop.ch24.pl\/en\/product\/the-watch-book-more-than-time-kopia\/","url":"https:\/\/shop.ch24.pl\/en\/product\/the-watch-book-more-than-time-kopia\/","name":"Investing in Wristwatches: Rolex - Osvaldo Patrizzi, Mara Cappelletti - SHOP.CH24.PL","isPartOf":{"@id":"https:\/\/shop.ch24.pl\/en\/#website"},"primaryImageOfPage":{"@id":"https:\/\/shop.ch24.pl\/en\/product\/the-watch-book-more-than-time-kopia\/#primaryimage"},"image":{"@id":"https:\/\/shop.ch24.pl\/en\/product\/the-watch-book-more-than-time-kopia\/#primaryimage"},"thumbnailUrl":"https:\/\/shop.ch24.pl\/wp-content\/uploads\/2021\/12\/investing_in_wristwatches_rolex_cappelletti_patrizzi_2021_sklep_CH24_a.jpg","datePublished":"2021-12-08T11:18:03+00:00","dateModified":"2024-05-10T08:49:00+00:00","description":"The most important references that every Rolex lover or collector should know. 385 key models analyzed by experts.","breadcrumb":{"@id":"https:\/\/shop.ch24.pl\/en\/product\/the-watch-book-more-than-time-kopia\/#breadcrumb"},"inLanguage":"en-US","potentialAction":[{"@type":"ReadAction","target":["https:\/\/shop.ch24.pl\/en\/product\/the-watch-book-more-than-time-kopia\/"]}]},{"@type":"ImageObject","inLanguage":"en-US","@id":"https:\/\/shop.ch24.pl\/en\/product\/the-watch-book-more-than-time-kopia\/#primaryimage","url":"https:\/\/shop.ch24.pl\/wp-content\/uploads\/2021\/12\/investing_in_wristwatches_rolex_cappelletti_patrizzi_2021_sklep_CH24_a.jpg","contentUrl":"https:\/\/shop.ch24.pl\/wp-content\/uploads\/2021\/12\/investing_in_wristwatches_rolex_cappelletti_patrizzi_2021_sklep_CH24_a.jpg","width":1300,"height":1600,"caption":"Investing in Wristwatches: Rolex"},{"@type":"BreadcrumbList","@id":"https:\/\/shop.ch24.pl\/en\/product\/the-watch-book-more-than-time-kopia\/#breadcrumb","itemListElement":[{"@type":"ListItem","position":1,"name":"Home","item":"https:\/\/shop.ch24.pl\/en\/"},{"@type":"ListItem","position":2,"name":"Shop","item":"https:\/\/shop.ch24.pl\/en\/"},{"@type":"ListItem","position":3,"name":"Investing in Wristwatches: Rolex"}]},{"@type":"WebSite","@id":"https:\/\/shop.ch24.pl\/en\/#website","url":"https:\/\/shop.ch24.pl\/en\/","name":"SHOP.CH24.PL","description":"Sklep z akcesoriami dla mi\u0142o\u015bnik\u00f3w zegark\u00f3w","publisher":{"@id":"https:\/\/shop.ch24.pl\/en\/#organization"},"potentialAction":[{"@type":"SearchAction","target":{"@type":"EntryPoint","urlTemplate":"https:\/\/shop.ch24.pl\/en\/?s={search_term_string}"},"query-input":{"@type":"PropertyValueSpecification","valueRequired":true,"valueName":"search_term_string"}}],"inLanguage":"en-US"},{"@type":"Organization","@id":"https:\/\/shop.ch24.pl\/en\/#organization","name":"SHOP.CH24.PL \u2013 Sklep z akcesoriami dla mi\u0142o\u015bnik\u00f3w zegark\u00f3w","alternateName":"Sklep CH24.PL","url":"https:\/\/shop.ch24.pl\/en\/","logo":{"@type":"ImageObject","inLanguage":"en-US","@id":"https:\/\/shop.ch24.pl\/en\/#\/schema\/logo\/image\/","url":"https:\/\/shop.ch24.pl\/wp-content\/uploads\/2018\/04\/shop_ch24_pl_logo_01.png","contentUrl":"https:\/\/shop.ch24.pl\/wp-content\/uploads\/2018\/04\/shop_ch24_pl_logo_01.png","width":320,"height":33,"caption":"SHOP.CH24.PL \u2013 Sklep z akcesoriami dla mi\u0142o\u015bnik\u00f3w zegark\u00f3w"},"image":{"@id":"https:\/\/shop.ch24.pl\/en\/#\/schema\/logo\/image\/"}}]}},"_links":{"self":[{"href":"https:\/\/shop.ch24.pl\/en\/wp-json\/wp\/v2\/product\/3235","targetHints":{"allow":["GET"]}}],"collection":[{"href":"https:\/\/shop.ch24.pl\/en\/wp-json\/wp\/v2\/product"}],"about":[{"href":"https:\/\/shop.ch24.pl\/en\/wp-json\/wp\/v2\/types\/product"}],"wp:featuredmedia":[{"embeddable":true,"href":"https:\/\/shop.ch24.pl\/en\/wp-json\/wp\/v2\/media\/3237"}],"wp:attachment":[{"href":"https:\/\/shop.ch24.pl\/en\/wp-json\/wp\/v2\/media?parent=3235"}],"wp:term":[{"taxonomy":"woo-feed-brand","embeddable":true,"href":"https:\/\/shop.ch24.pl\/en\/wp-json\/wp\/v2\/woo-feed-brand?post=3235"},{"taxonomy":"product_brand","embeddable":true,"href":"https:\/\/shop.ch24.pl\/en\/wp-json\/wp\/v2\/product_brand?post=3235"},{"taxonomy":"product_cat","embeddable":true,"href":"https:\/\/shop.ch24.pl\/en\/wp-json\/wp\/v2\/product_cat?post=3235"},{"taxonomy":"product_tag","embeddable":true,"href":"https:\/\/shop.ch24.pl\/en\/wp-json\/wp\/v2\/product_tag?post=3235"}],"curies":[{"name":"wp","href":"https:\/\/api.w.org\/{rel}","templated":true}]}}