{"id":3244,"date":"2021-12-08T12:14:05","date_gmt":"2021-12-08T12:14:06","guid":{"rendered":"https:\/\/shop.ch24.pl\/?post_type=product&#038;p=3244"},"modified":"2024-09-03T20:50:52","modified_gmt":"2024-09-03T20:50:52","slug":"rolex-history-icons-and-record-breaking-models","status":"publish","type":"product","link":"https:\/\/shop.ch24.pl\/en\/product\/rolex-history-icons-and-record-breaking-models\/","title":{"rendered":"Rolex &#8211; History, Icons and Record-Breaking Models"},"content":{"rendered":"<div class=\"wpb-content-wrapper\"><p>[vc_row css=&#8221;.vc_custom_1523881188082{border-top-width: 1px !important;border-top-color: #eeeeee !important;border-top-style: solid !important;}&#8221;][vc_column][\/vc_column][\/vc_row][vc_row content_placement=&#8221;middle&#8221;][vc_column width=&#8221;1\/2&#8243;][vc_empty_space height=&#8221;20px&#8221;][vc_column_text]<\/p>\n<h3>Rolex &#8211; History, Icons and Record-Breaking Models<\/h3>\n<p>[\/vc_column_text][vc_empty_space height=&#8221;15px&#8221;][vc_column_text]<\/p>\n<p>The history of Rolex is inextricably linked to its founder Hans Wilsdorf, who took the first steps in the world of Swiss watchmaking as he dreamed about a timepiece that could be worn around the wrist. This experimental research led Rolex to achieve its highest goals in both technological innovation and in the use of the finest materials alone. Its models have been photographed on the wrists of political leaders, sports champions, and film and fashion celebrities, transforming each Rolex into a fully-fledged status symbol, a synonym of elegance and precision.<\/p>\n<p>Including essays with a historical and technical slant, in-depth descriptions of the most representative pieces and a brief glossary, the pages in this book sparkle with golden hands, diamond-studded dials and patent-leather watchbands, illustrated in period photographs and macro-detail. The volume ends with a chapter dedicated to the most amazing auctions that saw the sale of the Geneva-based company&#8217;s vintage watches.<\/p>\n<p>[\/vc_column_text][vc_empty_space height=&#8221;30px&#8221;][\/vc_column][vc_column width=&#8221;1\/2&#8243;][vc_single_image image=&#8221;3249&#8243; img_size=&#8221;full&#8221; alignment=&#8221;center&#8221;][\/vc_column][\/vc_row][vc_row][vc_column][\/vc_column][\/vc_row]<\/p>\n<\/div>","protected":false},"excerpt":{"rendered":"<p>Book for Rolex lovers. Thanks to this publication, you will learn about the history of the Geneva-based company and its most famous models.<\/p>\n<p>English &#8211; 152 pages.<\/p>\n","protected":false},"featured_media":3246,"template":"","meta":{"_acf_changed":false},"woo-feed-brand":[],"product_brand":[],"product_cat":[108],"product_tag":[114,113,116],"class_list":{"0":"post-3244","1":"product","2":"type-product","3":"status-publish","4":"has-post-thumbnail","6":"product_cat-library","7":"product_tag-album-book","8":"product_tag-book","9":"product_tag-rolex-watches","11":"first","12":"outofstock","13":"featured","14":"shipping-taxable","15":"purchasable","16":"product-type-simple"},"acf":[],"yoast_head":"<!-- This site is optimized with the Yoast SEO plugin v27.1.1 - https:\/\/yoast.com\/product\/yoast-seo-wordpress\/ -->\n<title>Rolex - History, Icons and Record-Breaking Models - SHOP.CH24.PL<\/title>\n<meta name=\"description\" content=\"An illustrated book for Rolex lovers. Thanks to this publication, you will learn about the history of the Geneva company and its most famous models.\" \/>\n<meta name=\"robots\" content=\"index, follow, max-snippet:-1, max-image-preview:large, max-video-preview:-1\" \/>\n<link rel=\"canonical\" href=\"https:\/\/shop.ch24.pl\/en\/product\/rolex-history-icons-and-record-breaking-models\/\" \/>\n<meta property=\"og:locale\" content=\"en_US\" \/>\n<meta property=\"og:type\" content=\"article\" \/>\n<meta property=\"og:title\" content=\"Rolex - History, Icons and Record-Breaking Models - SHOP.CH24.PL\" \/>\n<meta property=\"og:description\" content=\"An illustrated book for Rolex lovers. Thanks to this publication, you will learn about the history of the Geneva company and its most famous models.\" \/>\n<meta property=\"og:url\" content=\"https:\/\/shop.ch24.pl\/en\/product\/rolex-history-icons-and-record-breaking-models\/\" \/>\n<meta property=\"og:site_name\" content=\"SHOP.CH24.PL\" \/>\n<meta property=\"article:modified_time\" content=\"2024-09-03T20:50:52+00:00\" \/>\n<meta property=\"og:image\" content=\"https:\/\/shop.ch24.pl\/wp-content\/uploads\/2021\/12\/rolex_history_icons_record_breaking_models_2021_sklep_CH24_a.jpg\" \/>\n\t<meta property=\"og:image:width\" content=\"1300\" \/>\n\t<meta property=\"og:image:height\" content=\"1600\" \/>\n\t<meta property=\"og:image:type\" content=\"image\/jpeg\" \/>\n<meta name=\"twitter:card\" content=\"summary_large_image\" \/>\n<meta name=\"twitter:label1\" content=\"Est. reading time\" \/>\n\t<meta name=\"twitter:data1\" content=\"1 minute\" \/>\n<script type=\"application\/ld+json\" class=\"yoast-schema-graph\">{\"@context\":\"https:\/\/schema.org\",\"@graph\":[{\"@type\":\"WebPage\",\"@id\":\"https:\/\/shop.ch24.pl\/en\/product\/rolex-history-icons-and-record-breaking-models\/\",\"url\":\"https:\/\/shop.ch24.pl\/en\/product\/rolex-history-icons-and-record-breaking-models\/\",\"name\":\"Rolex - History, Icons and Record-Breaking Models - SHOP.CH24.PL\",\"isPartOf\":{\"@id\":\"https:\/\/shop.ch24.pl\/en\/#website\"},\"primaryImageOfPage\":{\"@id\":\"https:\/\/shop.ch24.pl\/en\/product\/rolex-history-icons-and-record-breaking-models\/#primaryimage\"},\"image\":{\"@id\":\"https:\/\/shop.ch24.pl\/en\/product\/rolex-history-icons-and-record-breaking-models\/#primaryimage\"},\"thumbnailUrl\":\"https:\/\/shop.ch24.pl\/wp-content\/uploads\/2021\/12\/rolex_history_icons_record_breaking_models_2021_sklep_CH24_a.jpg\",\"datePublished\":\"2021-12-08T12:14:06+00:00\",\"dateModified\":\"2024-09-03T20:50:52+00:00\",\"description\":\"An illustrated book for Rolex lovers. Thanks to this publication, you will learn about the history of the Geneva company and its most famous models.\",\"breadcrumb\":{\"@id\":\"https:\/\/shop.ch24.pl\/en\/product\/rolex-history-icons-and-record-breaking-models\/#breadcrumb\"},\"inLanguage\":\"en-US\",\"potentialAction\":[{\"@type\":\"ReadAction\",\"target\":[\"https:\/\/shop.ch24.pl\/en\/product\/rolex-history-icons-and-record-breaking-models\/\"]}]},{\"@type\":\"ImageObject\",\"inLanguage\":\"en-US\",\"@id\":\"https:\/\/shop.ch24.pl\/en\/product\/rolex-history-icons-and-record-breaking-models\/#primaryimage\",\"url\":\"https:\/\/shop.ch24.pl\/wp-content\/uploads\/2021\/12\/rolex_history_icons_record_breaking_models_2021_sklep_CH24_a.jpg\",\"contentUrl\":\"https:\/\/shop.ch24.pl\/wp-content\/uploads\/2021\/12\/rolex_history_icons_record_breaking_models_2021_sklep_CH24_a.jpg\",\"width\":1300,\"height\":1600,\"caption\":\"Rolex - History, Icons and Record-Breaking Models\"},{\"@type\":\"BreadcrumbList\",\"@id\":\"https:\/\/shop.ch24.pl\/en\/product\/rolex-history-icons-and-record-breaking-models\/#breadcrumb\",\"itemListElement\":[{\"@type\":\"ListItem\",\"position\":1,\"name\":\"Home\",\"item\":\"https:\/\/shop.ch24.pl\/en\/\"},{\"@type\":\"ListItem\",\"position\":2,\"name\":\"Shop\",\"item\":\"https:\/\/shop.ch24.pl\/en\/\"},{\"@type\":\"ListItem\",\"position\":3,\"name\":\"Rolex &#8211; History, Icons and Record-Breaking Models\"}]},{\"@type\":\"WebSite\",\"@id\":\"https:\/\/shop.ch24.pl\/en\/#website\",\"url\":\"https:\/\/shop.ch24.pl\/en\/\",\"name\":\"SHOP.CH24.PL\",\"description\":\"Sklep z akcesoriami dla mi\u0142o\u015bnik\u00f3w zegark\u00f3w\",\"publisher\":{\"@id\":\"https:\/\/shop.ch24.pl\/en\/#organization\"},\"potentialAction\":[{\"@type\":\"SearchAction\",\"target\":{\"@type\":\"EntryPoint\",\"urlTemplate\":\"https:\/\/shop.ch24.pl\/en\/?s={search_term_string}\"},\"query-input\":{\"@type\":\"PropertyValueSpecification\",\"valueRequired\":true,\"valueName\":\"search_term_string\"}}],\"inLanguage\":\"en-US\"},{\"@type\":\"Organization\",\"@id\":\"https:\/\/shop.ch24.pl\/en\/#organization\",\"name\":\"SHOP.CH24.PL \u2013 Sklep z akcesoriami dla mi\u0142o\u015bnik\u00f3w zegark\u00f3w\",\"alternateName\":\"Sklep CH24.PL\",\"url\":\"https:\/\/shop.ch24.pl\/en\/\",\"logo\":{\"@type\":\"ImageObject\",\"inLanguage\":\"en-US\",\"@id\":\"https:\/\/shop.ch24.pl\/en\/#\/schema\/logo\/image\/\",\"url\":\"https:\/\/shop.ch24.pl\/wp-content\/uploads\/2018\/04\/shop_ch24_pl_logo_01.png\",\"contentUrl\":\"https:\/\/shop.ch24.pl\/wp-content\/uploads\/2018\/04\/shop_ch24_pl_logo_01.png\",\"width\":320,\"height\":33,\"caption\":\"SHOP.CH24.PL \u2013 Sklep z akcesoriami dla mi\u0142o\u015bnik\u00f3w zegark\u00f3w\"},\"image\":{\"@id\":\"https:\/\/shop.ch24.pl\/en\/#\/schema\/logo\/image\/\"}}]}<\/script>\n<!-- \/ Yoast SEO plugin. -->","yoast_head_json":{"title":"Rolex - History, Icons and Record-Breaking Models - SHOP.CH24.PL","description":"An illustrated book for Rolex lovers. Thanks to this publication, you will learn about the history of the Geneva company and its most famous models.","robots":{"index":"index","follow":"follow","max-snippet":"max-snippet:-1","max-image-preview":"max-image-preview:large","max-video-preview":"max-video-preview:-1"},"canonical":"https:\/\/shop.ch24.pl\/en\/product\/rolex-history-icons-and-record-breaking-models\/","og_locale":"en_US","og_type":"article","og_title":"Rolex - History, Icons and Record-Breaking Models - SHOP.CH24.PL","og_description":"An illustrated book for Rolex lovers. Thanks to this publication, you will learn about the history of the Geneva company and its most famous models.","og_url":"https:\/\/shop.ch24.pl\/en\/product\/rolex-history-icons-and-record-breaking-models\/","og_site_name":"SHOP.CH24.PL","article_modified_time":"2024-09-03T20:50:52+00:00","og_image":[{"width":1300,"height":1600,"url":"https:\/\/shop.ch24.pl\/wp-content\/uploads\/2021\/12\/rolex_history_icons_record_breaking_models_2021_sklep_CH24_a.jpg","type":"image\/jpeg"}],"twitter_card":"summary_large_image","twitter_misc":{"Est. reading time":"1 minute"},"schema":{"@context":"https:\/\/schema.org","@graph":[{"@type":"WebPage","@id":"https:\/\/shop.ch24.pl\/en\/product\/rolex-history-icons-and-record-breaking-models\/","url":"https:\/\/shop.ch24.pl\/en\/product\/rolex-history-icons-and-record-breaking-models\/","name":"Rolex - History, Icons and Record-Breaking Models - SHOP.CH24.PL","isPartOf":{"@id":"https:\/\/shop.ch24.pl\/en\/#website"},"primaryImageOfPage":{"@id":"https:\/\/shop.ch24.pl\/en\/product\/rolex-history-icons-and-record-breaking-models\/#primaryimage"},"image":{"@id":"https:\/\/shop.ch24.pl\/en\/product\/rolex-history-icons-and-record-breaking-models\/#primaryimage"},"thumbnailUrl":"https:\/\/shop.ch24.pl\/wp-content\/uploads\/2021\/12\/rolex_history_icons_record_breaking_models_2021_sklep_CH24_a.jpg","datePublished":"2021-12-08T12:14:06+00:00","dateModified":"2024-09-03T20:50:52+00:00","description":"An illustrated book for Rolex lovers. Thanks to this publication, you will learn about the history of the Geneva company and its most famous models.","breadcrumb":{"@id":"https:\/\/shop.ch24.pl\/en\/product\/rolex-history-icons-and-record-breaking-models\/#breadcrumb"},"inLanguage":"en-US","potentialAction":[{"@type":"ReadAction","target":["https:\/\/shop.ch24.pl\/en\/product\/rolex-history-icons-and-record-breaking-models\/"]}]},{"@type":"ImageObject","inLanguage":"en-US","@id":"https:\/\/shop.ch24.pl\/en\/product\/rolex-history-icons-and-record-breaking-models\/#primaryimage","url":"https:\/\/shop.ch24.pl\/wp-content\/uploads\/2021\/12\/rolex_history_icons_record_breaking_models_2021_sklep_CH24_a.jpg","contentUrl":"https:\/\/shop.ch24.pl\/wp-content\/uploads\/2021\/12\/rolex_history_icons_record_breaking_models_2021_sklep_CH24_a.jpg","width":1300,"height":1600,"caption":"Rolex - History, Icons and Record-Breaking Models"},{"@type":"BreadcrumbList","@id":"https:\/\/shop.ch24.pl\/en\/product\/rolex-history-icons-and-record-breaking-models\/#breadcrumb","itemListElement":[{"@type":"ListItem","position":1,"name":"Home","item":"https:\/\/shop.ch24.pl\/en\/"},{"@type":"ListItem","position":2,"name":"Shop","item":"https:\/\/shop.ch24.pl\/en\/"},{"@type":"ListItem","position":3,"name":"Rolex &#8211; History, Icons and Record-Breaking Models"}]},{"@type":"WebSite","@id":"https:\/\/shop.ch24.pl\/en\/#website","url":"https:\/\/shop.ch24.pl\/en\/","name":"SHOP.CH24.PL","description":"Sklep z akcesoriami dla mi\u0142o\u015bnik\u00f3w zegark\u00f3w","publisher":{"@id":"https:\/\/shop.ch24.pl\/en\/#organization"},"potentialAction":[{"@type":"SearchAction","target":{"@type":"EntryPoint","urlTemplate":"https:\/\/shop.ch24.pl\/en\/?s={search_term_string}"},"query-input":{"@type":"PropertyValueSpecification","valueRequired":true,"valueName":"search_term_string"}}],"inLanguage":"en-US"},{"@type":"Organization","@id":"https:\/\/shop.ch24.pl\/en\/#organization","name":"SHOP.CH24.PL \u2013 Sklep z akcesoriami dla mi\u0142o\u015bnik\u00f3w zegark\u00f3w","alternateName":"Sklep CH24.PL","url":"https:\/\/shop.ch24.pl\/en\/","logo":{"@type":"ImageObject","inLanguage":"en-US","@id":"https:\/\/shop.ch24.pl\/en\/#\/schema\/logo\/image\/","url":"https:\/\/shop.ch24.pl\/wp-content\/uploads\/2018\/04\/shop_ch24_pl_logo_01.png","contentUrl":"https:\/\/shop.ch24.pl\/wp-content\/uploads\/2018\/04\/shop_ch24_pl_logo_01.png","width":320,"height":33,"caption":"SHOP.CH24.PL \u2013 Sklep z akcesoriami dla mi\u0142o\u015bnik\u00f3w zegark\u00f3w"},"image":{"@id":"https:\/\/shop.ch24.pl\/en\/#\/schema\/logo\/image\/"}}]}},"_links":{"self":[{"href":"https:\/\/shop.ch24.pl\/en\/wp-json\/wp\/v2\/product\/3244","targetHints":{"allow":["GET"]}}],"collection":[{"href":"https:\/\/shop.ch24.pl\/en\/wp-json\/wp\/v2\/product"}],"about":[{"href":"https:\/\/shop.ch24.pl\/en\/wp-json\/wp\/v2\/types\/product"}],"wp:featuredmedia":[{"embeddable":true,"href":"https:\/\/shop.ch24.pl\/en\/wp-json\/wp\/v2\/media\/3246"}],"wp:attachment":[{"href":"https:\/\/shop.ch24.pl\/en\/wp-json\/wp\/v2\/media?parent=3244"}],"wp:term":[{"taxonomy":"woo-feed-brand","embeddable":true,"href":"https:\/\/shop.ch24.pl\/en\/wp-json\/wp\/v2\/woo-feed-brand?post=3244"},{"taxonomy":"product_brand","embeddable":true,"href":"https:\/\/shop.ch24.pl\/en\/wp-json\/wp\/v2\/product_brand?post=3244"},{"taxonomy":"product_cat","embeddable":true,"href":"https:\/\/shop.ch24.pl\/en\/wp-json\/wp\/v2\/product_cat?post=3244"},{"taxonomy":"product_tag","embeddable":true,"href":"https:\/\/shop.ch24.pl\/en\/wp-json\/wp\/v2\/product_tag?post=3244"}],"curies":[{"name":"wp","href":"https:\/\/api.w.org\/{rel}","templated":true}]}}