{"id":3532,"date":"2023-03-06T11:21:04","date_gmt":"2023-03-06T11:21:04","guid":{"rendered":"https:\/\/shop.ch24.pl\/?post_type=product&#038;p=3532"},"modified":"2023-03-06T12:51:40","modified_gmt":"2023-03-06T12:51:40","slug":"spring-bar-tool-with-set-of-tips","status":"publish","type":"product","link":"https:\/\/shop.ch24.pl\/en\/product\/spring-bar-tool-with-set-of-tips\/","title":{"rendered":"Spring Bar Tool with set of tips"},"content":{"rendered":"<div class=\"wpb-content-wrapper\"><p>[vc_row css=&#8221;.vc_custom_1573127915640{border-top-width: 1px !important;border-top-color: #eeeeee !important;border-top-style: solid !important;}&#8221;][vc_column][\/vc_column][\/vc_row][vc_row content_placement=&#8221;middle&#8221;][vc_column width=&#8221;1\/2&#8243;][vc_empty_space height=&#8221;20px&#8221;][vc_column_text]<\/p>\n<h3>Perfect for changing a bracelet!<\/h3>\n<p>[\/vc_column_text][vc_empty_space height=&#8221;15px&#8221;][vc_column_text]The device is designed to quickly changing of telescopes in any bracelets. It helps predominantly when bracelet has curved endings. It comes in a set of 4 forks with different sizes and small pliers.<\/p>\n<p>&#8211; V fork, \u00d81.20mm (1 pair)<br \/>\n&#8211; U fork, \u00d81.20mm (1 pair)<br \/>\n&#8211; U-Fork, \u00d81.40mm (2 pairs)<\/p>\n<p>The tool is made of anodised steel and allows the tips to be mounted in two positions (horizontal and 45 degrees). Product is supplied in a plastic box with foam insert.[\/vc_column_text][vc_empty_space height=&#8221;30px&#8221;][\/vc_column][vc_column width=&#8221;1\/2&#8243;][vc_single_image image=&#8221;3546&#8243; img_size=&#8221;full&#8221; alignment=&#8221;center&#8221;][\/vc_column][\/vc_row]<\/p>\n<\/div>","protected":false},"excerpt":{"rendered":"<p>A must have for any bracelet-watch owners. This device helps to quickly adjust the telescopic bracelets to fit your wrist and change the size of bracelet.<\/p>\n","protected":false},"featured_media":3553,"template":"","meta":{"_acf_changed":false},"woo-feed-brand":[],"product_brand":[],"product_cat":[109],"product_tag":[138,136],"class_list":{"0":"post-3532","1":"product","2":"type-product","3":"status-publish","4":"has-post-thumbnail","6":"product_cat-tools","7":"product_tag-steel","8":"product_tag-watchmaking-tools","10":"first","11":"outofstock","12":"featured","13":"shipping-taxable","14":"purchasable","15":"product-type-simple"},"acf":[],"yoast_head":"<!-- This site is optimized with the Yoast SEO plugin v27.1.1 - https:\/\/yoast.com\/product\/yoast-seo-wordpress\/ -->\n<title>Spring Bar Tool with set of tips - SHOP.CH24.PL<\/title>\n<meta name=\"description\" content=\"This device helps to quickly adjust the telescopic bracelets to fit your wrist and change the size of bracelet. Works with Rolex and Omega watches.\" \/>\n<meta name=\"robots\" content=\"index, follow, max-snippet:-1, max-image-preview:large, max-video-preview:-1\" \/>\n<link rel=\"canonical\" href=\"https:\/\/shop.ch24.pl\/en\/product\/spring-bar-tool-with-set-of-tips\/\" \/>\n<meta property=\"og:locale\" content=\"en_US\" \/>\n<meta property=\"og:type\" content=\"article\" \/>\n<meta property=\"og:title\" content=\"Spring Bar Tool with set of tips - SHOP.CH24.PL\" \/>\n<meta property=\"og:description\" content=\"This device helps to quickly adjust the telescopic bracelets to fit your wrist and change the size of bracelet. Works with Rolex and Omega watches.\" \/>\n<meta property=\"og:url\" content=\"https:\/\/shop.ch24.pl\/en\/product\/spring-bar-tool-with-set-of-tips\/\" \/>\n<meta property=\"og:site_name\" content=\"SHOP.CH24.PL\" \/>\n<meta property=\"article:modified_time\" content=\"2023-03-06T12:51:40+00:00\" \/>\n<meta property=\"og:image\" content=\"https:\/\/shop.ch24.pl\/wp-content\/uploads\/2023\/03\/narzedzie_do_zmiany_bransolety_swiss_sklep_CH24_b.jpg\" \/>\n\t<meta property=\"og:image:width\" content=\"1300\" \/>\n\t<meta property=\"og:image:height\" content=\"1600\" \/>\n\t<meta property=\"og:image:type\" content=\"image\/jpeg\" \/>\n<meta name=\"twitter:card\" content=\"summary_large_image\" \/>\n<meta name=\"twitter:label1\" content=\"Est. reading time\" \/>\n\t<meta name=\"twitter:data1\" content=\"1 minute\" \/>\n<script type=\"application\/ld+json\" class=\"yoast-schema-graph\">{\"@context\":\"https:\/\/schema.org\",\"@graph\":[{\"@type\":\"WebPage\",\"@id\":\"https:\/\/shop.ch24.pl\/en\/product\/spring-bar-tool-with-set-of-tips\/\",\"url\":\"https:\/\/shop.ch24.pl\/en\/product\/spring-bar-tool-with-set-of-tips\/\",\"name\":\"Spring Bar Tool with set of tips - SHOP.CH24.PL\",\"isPartOf\":{\"@id\":\"https:\/\/shop.ch24.pl\/en\/#website\"},\"primaryImageOfPage\":{\"@id\":\"https:\/\/shop.ch24.pl\/en\/product\/spring-bar-tool-with-set-of-tips\/#primaryimage\"},\"image\":{\"@id\":\"https:\/\/shop.ch24.pl\/en\/product\/spring-bar-tool-with-set-of-tips\/#primaryimage\"},\"thumbnailUrl\":\"https:\/\/shop.ch24.pl\/wp-content\/uploads\/2023\/03\/narzedzie_do_zmiany_bransolety_swiss_sklep_CH24_b.jpg\",\"datePublished\":\"2023-03-06T11:21:04+00:00\",\"dateModified\":\"2023-03-06T12:51:40+00:00\",\"description\":\"This device helps to quickly adjust the telescopic bracelets to fit your wrist and change the size of bracelet. Works with Rolex and Omega watches.\",\"breadcrumb\":{\"@id\":\"https:\/\/shop.ch24.pl\/en\/product\/spring-bar-tool-with-set-of-tips\/#breadcrumb\"},\"inLanguage\":\"en-US\",\"potentialAction\":[{\"@type\":\"ReadAction\",\"target\":[\"https:\/\/shop.ch24.pl\/en\/product\/spring-bar-tool-with-set-of-tips\/\"]}]},{\"@type\":\"ImageObject\",\"inLanguage\":\"en-US\",\"@id\":\"https:\/\/shop.ch24.pl\/en\/product\/spring-bar-tool-with-set-of-tips\/#primaryimage\",\"url\":\"https:\/\/shop.ch24.pl\/wp-content\/uploads\/2023\/03\/narzedzie_do_zmiany_bransolety_swiss_sklep_CH24_b.jpg\",\"contentUrl\":\"https:\/\/shop.ch24.pl\/wp-content\/uploads\/2023\/03\/narzedzie_do_zmiany_bransolety_swiss_sklep_CH24_b.jpg\",\"width\":1300,\"height\":1600,\"caption\":\"Spring Bar Tool with set of tips\"},{\"@type\":\"BreadcrumbList\",\"@id\":\"https:\/\/shop.ch24.pl\/en\/product\/spring-bar-tool-with-set-of-tips\/#breadcrumb\",\"itemListElement\":[{\"@type\":\"ListItem\",\"position\":1,\"name\":\"Home\",\"item\":\"https:\/\/shop.ch24.pl\/en\/\"},{\"@type\":\"ListItem\",\"position\":2,\"name\":\"Shop\",\"item\":\"https:\/\/shop.ch24.pl\/en\/\"},{\"@type\":\"ListItem\",\"position\":3,\"name\":\"Spring Bar Tool with set of tips\"}]},{\"@type\":\"WebSite\",\"@id\":\"https:\/\/shop.ch24.pl\/en\/#website\",\"url\":\"https:\/\/shop.ch24.pl\/en\/\",\"name\":\"SHOP.CH24.PL\",\"description\":\"Sklep z akcesoriami dla mi\u0142o\u015bnik\u00f3w zegark\u00f3w\",\"publisher\":{\"@id\":\"https:\/\/shop.ch24.pl\/en\/#organization\"},\"potentialAction\":[{\"@type\":\"SearchAction\",\"target\":{\"@type\":\"EntryPoint\",\"urlTemplate\":\"https:\/\/shop.ch24.pl\/en\/?s={search_term_string}\"},\"query-input\":{\"@type\":\"PropertyValueSpecification\",\"valueRequired\":true,\"valueName\":\"search_term_string\"}}],\"inLanguage\":\"en-US\"},{\"@type\":\"Organization\",\"@id\":\"https:\/\/shop.ch24.pl\/en\/#organization\",\"name\":\"SHOP.CH24.PL \u2013 Sklep z akcesoriami dla mi\u0142o\u015bnik\u00f3w zegark\u00f3w\",\"alternateName\":\"Sklep CH24.PL\",\"url\":\"https:\/\/shop.ch24.pl\/en\/\",\"logo\":{\"@type\":\"ImageObject\",\"inLanguage\":\"en-US\",\"@id\":\"https:\/\/shop.ch24.pl\/en\/#\/schema\/logo\/image\/\",\"url\":\"https:\/\/shop.ch24.pl\/wp-content\/uploads\/2018\/04\/shop_ch24_pl_logo_01.png\",\"contentUrl\":\"https:\/\/shop.ch24.pl\/wp-content\/uploads\/2018\/04\/shop_ch24_pl_logo_01.png\",\"width\":320,\"height\":33,\"caption\":\"SHOP.CH24.PL \u2013 Sklep z akcesoriami dla mi\u0142o\u015bnik\u00f3w zegark\u00f3w\"},\"image\":{\"@id\":\"https:\/\/shop.ch24.pl\/en\/#\/schema\/logo\/image\/\"}}]}<\/script>\n<!-- \/ Yoast SEO plugin. -->","yoast_head_json":{"title":"Spring Bar Tool with set of tips - SHOP.CH24.PL","description":"This device helps to quickly adjust the telescopic bracelets to fit your wrist and change the size of bracelet. Works with Rolex and Omega watches.","robots":{"index":"index","follow":"follow","max-snippet":"max-snippet:-1","max-image-preview":"max-image-preview:large","max-video-preview":"max-video-preview:-1"},"canonical":"https:\/\/shop.ch24.pl\/en\/product\/spring-bar-tool-with-set-of-tips\/","og_locale":"en_US","og_type":"article","og_title":"Spring Bar Tool with set of tips - SHOP.CH24.PL","og_description":"This device helps to quickly adjust the telescopic bracelets to fit your wrist and change the size of bracelet. Works with Rolex and Omega watches.","og_url":"https:\/\/shop.ch24.pl\/en\/product\/spring-bar-tool-with-set-of-tips\/","og_site_name":"SHOP.CH24.PL","article_modified_time":"2023-03-06T12:51:40+00:00","og_image":[{"width":1300,"height":1600,"url":"https:\/\/shop.ch24.pl\/wp-content\/uploads\/2023\/03\/narzedzie_do_zmiany_bransolety_swiss_sklep_CH24_b.jpg","type":"image\/jpeg"}],"twitter_card":"summary_large_image","twitter_misc":{"Est. reading time":"1 minute"},"schema":{"@context":"https:\/\/schema.org","@graph":[{"@type":"WebPage","@id":"https:\/\/shop.ch24.pl\/en\/product\/spring-bar-tool-with-set-of-tips\/","url":"https:\/\/shop.ch24.pl\/en\/product\/spring-bar-tool-with-set-of-tips\/","name":"Spring Bar Tool with set of tips - SHOP.CH24.PL","isPartOf":{"@id":"https:\/\/shop.ch24.pl\/en\/#website"},"primaryImageOfPage":{"@id":"https:\/\/shop.ch24.pl\/en\/product\/spring-bar-tool-with-set-of-tips\/#primaryimage"},"image":{"@id":"https:\/\/shop.ch24.pl\/en\/product\/spring-bar-tool-with-set-of-tips\/#primaryimage"},"thumbnailUrl":"https:\/\/shop.ch24.pl\/wp-content\/uploads\/2023\/03\/narzedzie_do_zmiany_bransolety_swiss_sklep_CH24_b.jpg","datePublished":"2023-03-06T11:21:04+00:00","dateModified":"2023-03-06T12:51:40+00:00","description":"This device helps to quickly adjust the telescopic bracelets to fit your wrist and change the size of bracelet. Works with Rolex and Omega watches.","breadcrumb":{"@id":"https:\/\/shop.ch24.pl\/en\/product\/spring-bar-tool-with-set-of-tips\/#breadcrumb"},"inLanguage":"en-US","potentialAction":[{"@type":"ReadAction","target":["https:\/\/shop.ch24.pl\/en\/product\/spring-bar-tool-with-set-of-tips\/"]}]},{"@type":"ImageObject","inLanguage":"en-US","@id":"https:\/\/shop.ch24.pl\/en\/product\/spring-bar-tool-with-set-of-tips\/#primaryimage","url":"https:\/\/shop.ch24.pl\/wp-content\/uploads\/2023\/03\/narzedzie_do_zmiany_bransolety_swiss_sklep_CH24_b.jpg","contentUrl":"https:\/\/shop.ch24.pl\/wp-content\/uploads\/2023\/03\/narzedzie_do_zmiany_bransolety_swiss_sklep_CH24_b.jpg","width":1300,"height":1600,"caption":"Spring Bar Tool with set of tips"},{"@type":"BreadcrumbList","@id":"https:\/\/shop.ch24.pl\/en\/product\/spring-bar-tool-with-set-of-tips\/#breadcrumb","itemListElement":[{"@type":"ListItem","position":1,"name":"Home","item":"https:\/\/shop.ch24.pl\/en\/"},{"@type":"ListItem","position":2,"name":"Shop","item":"https:\/\/shop.ch24.pl\/en\/"},{"@type":"ListItem","position":3,"name":"Spring Bar Tool with set of tips"}]},{"@type":"WebSite","@id":"https:\/\/shop.ch24.pl\/en\/#website","url":"https:\/\/shop.ch24.pl\/en\/","name":"SHOP.CH24.PL","description":"Sklep z akcesoriami dla mi\u0142o\u015bnik\u00f3w zegark\u00f3w","publisher":{"@id":"https:\/\/shop.ch24.pl\/en\/#organization"},"potentialAction":[{"@type":"SearchAction","target":{"@type":"EntryPoint","urlTemplate":"https:\/\/shop.ch24.pl\/en\/?s={search_term_string}"},"query-input":{"@type":"PropertyValueSpecification","valueRequired":true,"valueName":"search_term_string"}}],"inLanguage":"en-US"},{"@type":"Organization","@id":"https:\/\/shop.ch24.pl\/en\/#organization","name":"SHOP.CH24.PL \u2013 Sklep z akcesoriami dla mi\u0142o\u015bnik\u00f3w zegark\u00f3w","alternateName":"Sklep CH24.PL","url":"https:\/\/shop.ch24.pl\/en\/","logo":{"@type":"ImageObject","inLanguage":"en-US","@id":"https:\/\/shop.ch24.pl\/en\/#\/schema\/logo\/image\/","url":"https:\/\/shop.ch24.pl\/wp-content\/uploads\/2018\/04\/shop_ch24_pl_logo_01.png","contentUrl":"https:\/\/shop.ch24.pl\/wp-content\/uploads\/2018\/04\/shop_ch24_pl_logo_01.png","width":320,"height":33,"caption":"SHOP.CH24.PL \u2013 Sklep z akcesoriami dla mi\u0142o\u015bnik\u00f3w zegark\u00f3w"},"image":{"@id":"https:\/\/shop.ch24.pl\/en\/#\/schema\/logo\/image\/"}}]}},"_links":{"self":[{"href":"https:\/\/shop.ch24.pl\/en\/wp-json\/wp\/v2\/product\/3532","targetHints":{"allow":["GET"]}}],"collection":[{"href":"https:\/\/shop.ch24.pl\/en\/wp-json\/wp\/v2\/product"}],"about":[{"href":"https:\/\/shop.ch24.pl\/en\/wp-json\/wp\/v2\/types\/product"}],"wp:featuredmedia":[{"embeddable":true,"href":"https:\/\/shop.ch24.pl\/en\/wp-json\/wp\/v2\/media\/3553"}],"wp:attachment":[{"href":"https:\/\/shop.ch24.pl\/en\/wp-json\/wp\/v2\/media?parent=3532"}],"wp:term":[{"taxonomy":"woo-feed-brand","embeddable":true,"href":"https:\/\/shop.ch24.pl\/en\/wp-json\/wp\/v2\/woo-feed-brand?post=3532"},{"taxonomy":"product_brand","embeddable":true,"href":"https:\/\/shop.ch24.pl\/en\/wp-json\/wp\/v2\/product_brand?post=3532"},{"taxonomy":"product_cat","embeddable":true,"href":"https:\/\/shop.ch24.pl\/en\/wp-json\/wp\/v2\/product_cat?post=3532"},{"taxonomy":"product_tag","embeddable":true,"href":"https:\/\/shop.ch24.pl\/en\/wp-json\/wp\/v2\/product_tag?post=3532"}],"curies":[{"name":"wp","href":"https:\/\/api.w.org\/{rel}","templated":true}]}}